{"id":42661,"date":"2025-01-13T10:15:39","date_gmt":"2025-01-13T10:15:39","guid":{"rendered":"https:\/\/aztex.ee\/?post_type=product&#038;p=42661"},"modified":"2026-03-22T17:46:19","modified_gmt":"2026-03-22T17:46:19","slug":"sada-bambusovych-rucniku-6-ks","status":"publish","type":"product","link":"https:\/\/aztex.ee\/cs\/pood\/rucniky-a-osusky\/sada-bambusovych-rucniku-6-ks\/","title":{"rendered":"Sada bambusov\u00fdch ru\u010dn\u00edk\u016f 6 ks"},"content":{"rendered":"<p>Sada bambusov\u00fdch ru\u010dn\u00edk\u016f, kter\u00e1 obsahuje 6 ru\u010dn\u00edk\u016f o rozm\u011bru 35\u00d775 cm, je skv\u011blou volbou pro ka\u017edodenn\u00ed pou\u017eit\u00ed nebo jako d\u00e1rek. Tyto ru\u010dn\u00edky jsou vyrobeny z bambusov\u00e9ho vl\u00e1kna, kter\u00e9 je zn\u00e1m\u00e9 svou v\u00fdjime\u010dnou m\u011bkkost\u00ed a \u0161etrnost\u00ed k poko\u017ece. D\u00edky sv\u00fdm p\u0159irozen\u00fdm hypoalergenn\u00edm a antibakteri\u00e1ln\u00edm vlastnostem jsou vhodn\u00e9 i pro tu nejcitliv\u011bj\u0161\u00ed poko\u017eku, v\u010detn\u011b kojenc\u016f a batolat, poskytuj\u00ed jemnou p\u00e9\u010di a pohodl\u00ed.<\/p>\n<p>Bambusov\u00e9 ru\u010dn\u00edky maj\u00ed p\u016fsobivou schopnost absorbovat vlhkost &#8211; dok\u00e1\u017eou absorbovat n\u011bkolikan\u00e1sobn\u011b v\u00edce vody ne\u017e tradi\u010dn\u00ed bavln\u011bn\u00e9 ru\u010dn\u00edky. Nav\u00edc rychleji schnou, co\u017e pom\u00e1h\u00e1 udr\u017eet je sv\u011b\u017e\u00ed a p\u0159\u00edjemn\u00e9 i p\u0159i ka\u017edodenn\u00edm pou\u017e\u00edv\u00e1n\u00ed. Lehkost a \u00fa\u010dinnost ru\u010dn\u00edk\u016f z nich d\u011bl\u00e1 skv\u011blou volbu jak na doma, tak na cesty.<\/p>\n<p>Snadn\u00e1 \u00fadr\u017eba &#8211; lze je pr\u00e1t v pra\u010dce na n\u00edzk\u00e9 teploty a ut\u011brky si i po opakovan\u00e9m pran\u00ed zachovaj\u00ed m\u011bkkost a p\u0159\u00edjemn\u00fd vzhled. Jejich v\u0161estrann\u00fd design se hod\u00ed k r\u016fzn\u00fdm styl\u016fm koupelen, a\u0165 u\u017e jde o klasick\u00e9 monochromatick\u00e9 \u0159e\u0161en\u00ed nebo modern\u00ed barevn\u00e1 sch\u00e9mata, kter\u00e1 dod\u00e1vaj\u00ed osobitost a vizu\u00e1ln\u00ed p\u0159ita\u017elivost.<\/p>\n<p>Tato sada nab\u00edz\u00ed dokonalou kombinaci kvality a u\u017eivatelsk\u00e9 p\u0159\u00edv\u011btivosti a z\u00e1rove\u0148 je odoln\u00e1 a estetick\u00e1. Bambusov\u00e9 ru\u010dn\u00edky jsou nejen praktick\u00e9, ale tak\u00e9 p\u0159\u00edjemn\u00e9 na pou\u017e\u00edv\u00e1n\u00ed a zp\u0159\u00edjem\u0148uj\u00ed ka\u017edodenn\u00ed rutinu. Jsou ur\u010deny pro lidi, kte\u0159\u00ed oce\u0148uj\u00ed funk\u010dnost i styl.<\/p>\n","protected":false},"excerpt":{"rendered":"<ul>\n<li>Materi\u00e1l: 100% bambus<\/li>\n<li>Rozm\u011br: 35\u00d775 cm \u00b13<\/li>\n<li>Gram\u00e1\u017e: 420g\/m2<\/li>\n<li>Sada obsahuje: 6 ks<\/li>\n<\/ul>\n","protected":false},"featured_media":42826,"comment_status":"open","ping_status":"closed","template":"","meta":[],"product_brand":[],"product_cat":[979,1614,1658,1728,768,474,1562],"product_tag":[],"class_list":{"0":"post-42661","1":"product","2":"type-product","3":"status-publish","4":"has-post-thumbnail","6":"product_cat-bambusove-osusky-a-rucniky","7":"product_cat-bambusove-rucniky","8":"product_cat-bambusove-sady-rucniku","9":"product_cat-rucniky","10":"product_cat-rucniky-35x75-cm","11":"product_cat-rucniky-a-osusky","12":"product_cat-sady-rucniku","14":"first","15":"instock","16":"shipping-taxable","17":"purchasable","18":"product-type-variable"},"yoast_head":"<!-- This site is optimized with the Yoast SEO plugin v27.6 - https:\/\/yoast.com\/product\/yoast-seo-wordpress\/ -->\n<title>Sada bambusov\u00fdch ru\u010dn\u00edk\u016f 6 ks | AZTEX<\/title>\n<meta name=\"description\" content=\"6 d\u00edln\u00e1 sada bambusov\u00fdch ru\u010dn\u00edk\u016f je m\u011bkk\u00e1, odoln\u00e1, praktick\u00e1 a stylov\u00e1 a je ide\u00e1ln\u00ed pro ka\u017edodenn\u00ed su\u0161en\u00ed rukou, obli\u010deje a t\u011bla.\" \/>\n<meta name=\"robots\" content=\"index, follow, max-snippet:-1, max-image-preview:large, max-video-preview:-1\" \/>\n<link rel=\"canonical\" href=\"https:\/\/aztex.ee\/cs\/pood\/rucniky-a-osusky\/sada-bambusovych-rucniku-6-ks\/\" \/>\n<meta property=\"og:locale\" content=\"cs_CZ\" \/>\n<meta property=\"og:type\" content=\"article\" \/>\n<meta property=\"og:title\" content=\"Sada bambusov\u00fdch ru\u010dn\u00edk\u016f 6 ks | AZTEX\" \/>\n<meta property=\"og:description\" content=\"6 d\u00edln\u00e1 sada bambusov\u00fdch ru\u010dn\u00edk\u016f je m\u011bkk\u00e1, odoln\u00e1, praktick\u00e1 a stylov\u00e1 a je ide\u00e1ln\u00ed pro ka\u017edodenn\u00ed su\u0161en\u00ed rukou, obli\u010deje a t\u011bla.\" \/>\n<meta property=\"og:url\" content=\"https:\/\/aztex.ee\/cs\/pood\/rucniky-a-osusky\/sada-bambusovych-rucniku-6-ks\/\" \/>\n<meta property=\"og:site_name\" content=\"AZTEX\" \/>\n<meta property=\"article:publisher\" content=\"https:\/\/www.facebook.com\/AztexEE\" \/>\n<meta property=\"article:modified_time\" content=\"2026-03-22T17:46:19+00:00\" \/>\n<meta property=\"og:image\" content=\"https:\/\/aztex.ee\/wp-content\/uploads\/2025\/01\/Bambusest-kateratikute-komplekt.jpg\" \/>\n\t<meta property=\"og:image:width\" content=\"800\" \/>\n\t<meta property=\"og:image:height\" content=\"800\" \/>\n\t<meta property=\"og:image:type\" content=\"image\/jpeg\" \/>\n<meta name=\"twitter:card\" content=\"summary_large_image\" \/>\n<meta name=\"twitter:label1\" content=\"Odhadovan\u00e1 doba \u010dten\u00ed\" \/>\n\t<meta name=\"twitter:data1\" content=\"2 minuta\" \/>\n<script type=\"application\/ld+json\" class=\"yoast-schema-graph\">{\"@context\":\"https:\\\/\\\/schema.org\",\"@graph\":[{\"@type\":[\"WebPage\",\"ItemPage\"],\"@id\":\"https:\\\/\\\/aztex.ee\\\/cs\\\/pood\\\/rucniky-a-osusky\\\/sada-bambusovych-rucniku-6-ks\\\/\",\"url\":\"https:\\\/\\\/aztex.ee\\\/cs\\\/pood\\\/rucniky-a-osusky\\\/sada-bambusovych-rucniku-6-ks\\\/\",\"name\":\"Sada bambusov\u00fdch ru\u010dn\u00edk\u016f 6 ks | AZTEX\",\"isPartOf\":{\"@id\":\"https:\\\/\\\/aztex.ee\\\/cs\\\/#website\"},\"primaryImageOfPage\":{\"@id\":\"https:\\\/\\\/aztex.ee\\\/cs\\\/pood\\\/rucniky-a-osusky\\\/sada-bambusovych-rucniku-6-ks\\\/#primaryimage\"},\"image\":{\"@id\":\"https:\\\/\\\/aztex.ee\\\/cs\\\/pood\\\/rucniky-a-osusky\\\/sada-bambusovych-rucniku-6-ks\\\/#primaryimage\"},\"thumbnailUrl\":\"https:\\\/\\\/aztex.ee\\\/wp-content\\\/uploads\\\/2025\\\/01\\\/Bambusest-kateratikute-komplekt.jpg\",\"datePublished\":\"2025-01-13T10:15:39+00:00\",\"dateModified\":\"2026-03-22T17:46:19+00:00\",\"description\":\"6 d\u00edln\u00e1 sada bambusov\u00fdch ru\u010dn\u00edk\u016f je m\u011bkk\u00e1, odoln\u00e1, praktick\u00e1 a stylov\u00e1 a je ide\u00e1ln\u00ed pro ka\u017edodenn\u00ed su\u0161en\u00ed rukou, obli\u010deje a t\u011bla.\",\"breadcrumb\":{\"@id\":\"https:\\\/\\\/aztex.ee\\\/cs\\\/pood\\\/rucniky-a-osusky\\\/sada-bambusovych-rucniku-6-ks\\\/#breadcrumb\"},\"inLanguage\":\"cs\",\"potentialAction\":[{\"@type\":\"ReadAction\",\"target\":[\"https:\\\/\\\/aztex.ee\\\/cs\\\/pood\\\/rucniky-a-osusky\\\/sada-bambusovych-rucniku-6-ks\\\/\"]}]},{\"@type\":\"ImageObject\",\"inLanguage\":\"cs\",\"@id\":\"https:\\\/\\\/aztex.ee\\\/cs\\\/pood\\\/rucniky-a-osusky\\\/sada-bambusovych-rucniku-6-ks\\\/#primaryimage\",\"url\":\"https:\\\/\\\/aztex.ee\\\/wp-content\\\/uploads\\\/2025\\\/01\\\/Bambusest-kateratikute-komplekt.jpg\",\"contentUrl\":\"https:\\\/\\\/aztex.ee\\\/wp-content\\\/uploads\\\/2025\\\/01\\\/Bambusest-kateratikute-komplekt.jpg\",\"width\":800,\"height\":800,\"caption\":\"Bambusest k\u00e4ter\u00e4tikute komplekt 6 tk\"},{\"@type\":\"BreadcrumbList\",\"@id\":\"https:\\\/\\\/aztex.ee\\\/cs\\\/pood\\\/rucniky-a-osusky\\\/sada-bambusovych-rucniku-6-ks\\\/#breadcrumb\",\"itemListElement\":[{\"@type\":\"ListItem\",\"position\":1,\"name\":\"Dom\u016f\",\"item\":\"https:\\\/\\\/aztex.ee\\\/cs\\\/\"},{\"@type\":\"ListItem\",\"position\":2,\"name\":\"Obchod\",\"item\":\"https:\\\/\\\/aztex.ee\\\/cs\\\/obchod\\\/\"},{\"@type\":\"ListItem\",\"position\":3,\"name\":\"Sada bambusov\u00fdch ru\u010dn\u00edk\u016f 6 ks\"}]},{\"@type\":\"WebSite\",\"@id\":\"https:\\\/\\\/aztex.ee\\\/cs\\\/#website\",\"url\":\"https:\\\/\\\/aztex.ee\\\/cs\\\/\",\"name\":\"AZTEX\",\"description\":\"\",\"publisher\":{\"@id\":\"https:\\\/\\\/aztex.ee\\\/cs\\\/#organization\"},\"potentialAction\":[{\"@type\":\"SearchAction\",\"target\":{\"@type\":\"EntryPoint\",\"urlTemplate\":\"https:\\\/\\\/aztex.ee\\\/cs\\\/?s={search_term_string}\"},\"query-input\":{\"@type\":\"PropertyValueSpecification\",\"valueRequired\":true,\"valueName\":\"search_term_string\"}}],\"inLanguage\":\"cs\"},{\"@type\":\"Organization\",\"@id\":\"https:\\\/\\\/aztex.ee\\\/cs\\\/#organization\",\"name\":\"AZTEX\",\"url\":\"https:\\\/\\\/aztex.ee\\\/cs\\\/\",\"logo\":{\"@type\":\"ImageObject\",\"inLanguage\":\"cs\",\"@id\":\"https:\\\/\\\/aztex.ee\\\/cs\\\/#\\\/schema\\\/logo\\\/image\\\/\",\"url\":\"https:\\\/\\\/aztex.ee\\\/wp-content\\\/uploads\\\/2026\\\/01\\\/AZTEX.png\",\"contentUrl\":\"https:\\\/\\\/aztex.ee\\\/wp-content\\\/uploads\\\/2026\\\/01\\\/AZTEX.png\",\"width\":500,\"height\":500,\"caption\":\"AZTEX\"},\"image\":{\"@id\":\"https:\\\/\\\/aztex.ee\\\/cs\\\/#\\\/schema\\\/logo\\\/image\\\/\"},\"sameAs\":[\"https:\\\/\\\/www.facebook.com\\\/AztexEE\",\"https:\\\/\\\/www.instagram.com\\\/aztexeesti\\\/\",\"https:\\\/\\\/www.youtube.com\\\/@AZTEXEE\",\"https:\\\/\\\/www.pinterest.com\\\/aztex_eesti\\\/\",\"https:\\\/\\\/www.tiktok.com\\\/@aztexeesti\",\"https:\\\/\\\/www.trustpilot.com\\\/review\\\/aztex.ee\",\"https:\\\/\\\/www.linkedin.com\\\/company\\\/aztex-ee\\\/\",\"https:\\\/\\\/www.wikidata.org\\\/wiki\\\/Q137560182\"]}]}<\/script>\n<!-- \/ Yoast SEO plugin. -->","yoast_head_json":{"title":"Sada bambusov\u00fdch ru\u010dn\u00edk\u016f 6 ks | AZTEX","description":"6 d\u00edln\u00e1 sada bambusov\u00fdch ru\u010dn\u00edk\u016f je m\u011bkk\u00e1, odoln\u00e1, praktick\u00e1 a stylov\u00e1 a je ide\u00e1ln\u00ed pro ka\u017edodenn\u00ed su\u0161en\u00ed rukou, obli\u010deje a t\u011bla.","robots":{"index":"index","follow":"follow","max-snippet":"max-snippet:-1","max-image-preview":"max-image-preview:large","max-video-preview":"max-video-preview:-1"},"canonical":"https:\/\/aztex.ee\/cs\/pood\/rucniky-a-osusky\/sada-bambusovych-rucniku-6-ks\/","og_locale":"cs_CZ","og_type":"article","og_title":"Sada bambusov\u00fdch ru\u010dn\u00edk\u016f 6 ks | AZTEX","og_description":"6 d\u00edln\u00e1 sada bambusov\u00fdch ru\u010dn\u00edk\u016f je m\u011bkk\u00e1, odoln\u00e1, praktick\u00e1 a stylov\u00e1 a je ide\u00e1ln\u00ed pro ka\u017edodenn\u00ed su\u0161en\u00ed rukou, obli\u010deje a t\u011bla.","og_url":"https:\/\/aztex.ee\/cs\/pood\/rucniky-a-osusky\/sada-bambusovych-rucniku-6-ks\/","og_site_name":"AZTEX","article_publisher":"https:\/\/www.facebook.com\/AztexEE","article_modified_time":"2026-03-22T17:46:19+00:00","og_image":[{"width":800,"height":800,"url":"https:\/\/aztex.ee\/wp-content\/uploads\/2025\/01\/Bambusest-kateratikute-komplekt.jpg","type":"image\/jpeg"}],"twitter_card":"summary_large_image","twitter_misc":{"Odhadovan\u00e1 doba \u010dten\u00ed":"2 minuta"},"schema":{"@context":"https:\/\/schema.org","@graph":[{"@type":["WebPage","ItemPage"],"@id":"https:\/\/aztex.ee\/cs\/pood\/rucniky-a-osusky\/sada-bambusovych-rucniku-6-ks\/","url":"https:\/\/aztex.ee\/cs\/pood\/rucniky-a-osusky\/sada-bambusovych-rucniku-6-ks\/","name":"Sada bambusov\u00fdch ru\u010dn\u00edk\u016f 6 ks | AZTEX","isPartOf":{"@id":"https:\/\/aztex.ee\/cs\/#website"},"primaryImageOfPage":{"@id":"https:\/\/aztex.ee\/cs\/pood\/rucniky-a-osusky\/sada-bambusovych-rucniku-6-ks\/#primaryimage"},"image":{"@id":"https:\/\/aztex.ee\/cs\/pood\/rucniky-a-osusky\/sada-bambusovych-rucniku-6-ks\/#primaryimage"},"thumbnailUrl":"https:\/\/aztex.ee\/wp-content\/uploads\/2025\/01\/Bambusest-kateratikute-komplekt.jpg","datePublished":"2025-01-13T10:15:39+00:00","dateModified":"2026-03-22T17:46:19+00:00","description":"6 d\u00edln\u00e1 sada bambusov\u00fdch ru\u010dn\u00edk\u016f je m\u011bkk\u00e1, odoln\u00e1, praktick\u00e1 a stylov\u00e1 a je ide\u00e1ln\u00ed pro ka\u017edodenn\u00ed su\u0161en\u00ed rukou, obli\u010deje a t\u011bla.","breadcrumb":{"@id":"https:\/\/aztex.ee\/cs\/pood\/rucniky-a-osusky\/sada-bambusovych-rucniku-6-ks\/#breadcrumb"},"inLanguage":"cs","potentialAction":[{"@type":"ReadAction","target":["https:\/\/aztex.ee\/cs\/pood\/rucniky-a-osusky\/sada-bambusovych-rucniku-6-ks\/"]}]},{"@type":"ImageObject","inLanguage":"cs","@id":"https:\/\/aztex.ee\/cs\/pood\/rucniky-a-osusky\/sada-bambusovych-rucniku-6-ks\/#primaryimage","url":"https:\/\/aztex.ee\/wp-content\/uploads\/2025\/01\/Bambusest-kateratikute-komplekt.jpg","contentUrl":"https:\/\/aztex.ee\/wp-content\/uploads\/2025\/01\/Bambusest-kateratikute-komplekt.jpg","width":800,"height":800,"caption":"Bambusest k\u00e4ter\u00e4tikute komplekt 6 tk"},{"@type":"BreadcrumbList","@id":"https:\/\/aztex.ee\/cs\/pood\/rucniky-a-osusky\/sada-bambusovych-rucniku-6-ks\/#breadcrumb","itemListElement":[{"@type":"ListItem","position":1,"name":"Dom\u016f","item":"https:\/\/aztex.ee\/cs\/"},{"@type":"ListItem","position":2,"name":"Obchod","item":"https:\/\/aztex.ee\/cs\/obchod\/"},{"@type":"ListItem","position":3,"name":"Sada bambusov\u00fdch ru\u010dn\u00edk\u016f 6 ks"}]},{"@type":"WebSite","@id":"https:\/\/aztex.ee\/cs\/#website","url":"https:\/\/aztex.ee\/cs\/","name":"AZTEX","description":"","publisher":{"@id":"https:\/\/aztex.ee\/cs\/#organization"},"potentialAction":[{"@type":"SearchAction","target":{"@type":"EntryPoint","urlTemplate":"https:\/\/aztex.ee\/cs\/?s={search_term_string}"},"query-input":{"@type":"PropertyValueSpecification","valueRequired":true,"valueName":"search_term_string"}}],"inLanguage":"cs"},{"@type":"Organization","@id":"https:\/\/aztex.ee\/cs\/#organization","name":"AZTEX","url":"https:\/\/aztex.ee\/cs\/","logo":{"@type":"ImageObject","inLanguage":"cs","@id":"https:\/\/aztex.ee\/cs\/#\/schema\/logo\/image\/","url":"https:\/\/aztex.ee\/wp-content\/uploads\/2026\/01\/AZTEX.png","contentUrl":"https:\/\/aztex.ee\/wp-content\/uploads\/2026\/01\/AZTEX.png","width":500,"height":500,"caption":"AZTEX"},"image":{"@id":"https:\/\/aztex.ee\/cs\/#\/schema\/logo\/image\/"},"sameAs":["https:\/\/www.facebook.com\/AztexEE","https:\/\/www.instagram.com\/aztexeesti\/","https:\/\/www.youtube.com\/@AZTEXEE","https:\/\/www.pinterest.com\/aztex_eesti\/","https:\/\/www.tiktok.com\/@aztexeesti","https:\/\/www.trustpilot.com\/review\/aztex.ee","https:\/\/www.linkedin.com\/company\/aztex-ee\/","https:\/\/www.wikidata.org\/wiki\/Q137560182"]}]}},"_links":{"self":[{"href":"https:\/\/aztex.ee\/cs\/wp-json\/wp\/v2\/product\/42661","targetHints":{"allow":["GET"]}}],"collection":[{"href":"https:\/\/aztex.ee\/cs\/wp-json\/wp\/v2\/product"}],"about":[{"href":"https:\/\/aztex.ee\/cs\/wp-json\/wp\/v2\/types\/product"}],"replies":[{"embeddable":true,"href":"https:\/\/aztex.ee\/cs\/wp-json\/wp\/v2\/comments?post=42661"}],"version-history":[{"count":0,"href":"https:\/\/aztex.ee\/cs\/wp-json\/wp\/v2\/product\/42661\/revisions"}],"wp:featuredmedia":[{"embeddable":true,"href":"https:\/\/aztex.ee\/cs\/wp-json\/wp\/v2\/media\/42826"}],"wp:attachment":[{"href":"https:\/\/aztex.ee\/cs\/wp-json\/wp\/v2\/media?parent=42661"}],"wp:term":[{"taxonomy":"product_brand","embeddable":true,"href":"https:\/\/aztex.ee\/cs\/wp-json\/wp\/v2\/product_brand?post=42661"},{"taxonomy":"product_cat","embeddable":true,"href":"https:\/\/aztex.ee\/cs\/wp-json\/wp\/v2\/product_cat?post=42661"},{"taxonomy":"product_tag","embeddable":true,"href":"https:\/\/aztex.ee\/cs\/wp-json\/wp\/v2\/product_tag?post=42661"}],"curies":[{"name":"wp","href":"https:\/\/api.w.org\/{rel}","templated":true}]}}