{"id":31576,"date":"2024-11-11T15:15:25","date_gmt":"2024-11-11T15:15:25","guid":{"rendered":"https:\/\/aztex.ee\/?post_type=product&#038;p=31576"},"modified":"2026-01-27T17:54:16","modified_gmt":"2026-01-27T17:54:16","slug":"sada-povlaku-na-prikryvku-wild-rose","status":"publish","type":"product","link":"https:\/\/aztex.ee\/cs\/pood\/povleceni\/sada-povlaku-na-prikryvku-wild-rose\/","title":{"rendered":"Sada povlak\u016f na p\u0159ikr\u00fdvku | Wild rose"},"content":{"rendered":"<p>Povle\u010den\u00ed ze 100% bavlny p\u0159in\u00e1\u0161\u00ed do va\u0161\u00ed lo\u017enice p\u0159irozenou m\u011bkkost a pohodl\u00ed, kter\u00e9 si opravdu u\u017eijete. Toto povle\u010den\u00ed je vyrobeno z prody\u0161n\u00e9 prav\u00e9 bavlny, kter\u00e1 pom\u00e1h\u00e1 t\u011blu udr\u017eovat ide\u00e1ln\u00ed teplotu b\u011bhem noci, poskytuje chlad v tepl\u00fdch noc\u00edch a teplo v chladn\u011bj\u0161\u00edch. Je skv\u011blou volbou pro ty, kte\u0159\u00ed hledaj\u00ed p\u0159\u00edrodn\u00ed materi\u00e1l, kter\u00fd je \u0161etrn\u00fd i k citliv\u00e9 poko\u017ece.<\/p>\n<p>Nad\u010dasov\u00fd a elegantn\u00ed design povle\u010den\u00ed o\u017eiv\u00ed ka\u017edou lo\u017enici, do pokoje vnese m\u011bkkost a klid. Vysoce kvalitn\u00ed bavlna z\u016fst\u00e1v\u00e1 odoln\u00e1 a p\u0159i ka\u017ed\u00e9m pran\u00ed je je\u0161t\u011b m\u011bk\u010d\u00ed a poskytuje luxusn\u00ed pocit, kter\u00fd vydr\u017e\u00ed. U\u017eijte si ka\u017ed\u00fd ve\u010der skute\u010dn\u011b \u00fatulnou dovolenou v bl\u00edzkosti p\u0159\u00edrody s povle\u010den\u00edm ze 100% bavlny.<\/p>\n","protected":false},"excerpt":{"rendered":"<p>P\u0159irozen\u011b m\u011bkk\u00e9 a prody\u0161n\u00e9 lo\u017en\u00ed pr\u00e1dlo ze 100% bavlny, kter\u00e9 zaji\u0161\u0165uje pohodln\u00fd a klidn\u00fd sp\u00e1nek.<\/p>\n<ul>\n<li>Materi\u00e1l: 100% Bavlna<\/li>\n<li>L\u00e1tka: Sat\u00e9n<\/li>\n<li>Po\u010det vl\u00e1ken: 255 TC<\/li>\n<li>Povlak na pe\u0159inu: 200\u00d7230 cm<\/li>\n<li>Povlak na pol\u0161t\u00e1\u0159: 50\u00d775 cm (2ks)<\/li>\n<li>Prost\u011bradlo: Nen\u00ed sou\u010d\u00e1st\u00ed<\/li>\n<li>Komfort: Prody\u0161n\u00e1 a m\u011bkk\u00e1 textura<\/li>\n<\/ul>\n<p><img loading=\"lazy\" decoding=\"async\" class=\"alignnone size-full wp-image-30405\" src=\"https:\/\/aztex.ee\/wp-content\/uploads\/2024\/11\/100puuvilll.png\" alt=\"\" width=\"275\" height=\"76\" srcset=\"https:\/\/aztex.ee\/wp-content\/uploads\/2024\/11\/100puuvilll.png 275w, https:\/\/aztex.ee\/wp-content\/uploads\/2024\/11\/100puuvilll-150x41.png 150w\" sizes=\"auto, (max-width: 275px) 100vw, 275px\" \/><\/p>\n","protected":false},"featured_media":31578,"comment_status":"open","ping_status":"closed","template":"","meta":[],"product_brand":[],"product_cat":[365,368,360,494,595,375],"product_tag":[],"class_list":{"0":"post-31576","1":"product","2":"type-product","3":"status-publish","4":"has-post-thumbnail","6":"product_cat-bavlnene-povleceni","7":"product_cat-bavlnene-povleceni-200-230","8":"product_cat-povleceni","9":"product_cat-sady-povleceni","10":"product_cat-satenove-lozni-povleceni","11":"product_cat-satenove-povleceni","13":"first","14":"instock","15":"shipping-taxable","16":"purchasable","17":"product-type-simple"},"yoast_head":"<!-- This site is optimized with the Yoast SEO plugin v27.3 - https:\/\/yoast.com\/product\/yoast-seo-wordpress\/ -->\n<title>Sada povlak\u016f na p\u0159ikr\u00fdvku | Wild rose | AZTEX<\/title>\n<meta name=\"description\" content=\"Bavln\u011bn\u00e1 souprava povle\u010den\u00ed 200x230 cm Wild rose, perfektn\u00ed volba pro m\u011bkk\u00fd a pohodln\u00fd sp\u00e1nek. Nab\u00edz\u00ed kvalitn\u00ed sp\u00e1nek d\u00edky sv\u00e9 100% bavln\u011bn\u00e9 struktu\u0159e.\" \/>\n<meta name=\"robots\" content=\"index, follow, max-snippet:-1, max-image-preview:large, max-video-preview:-1\" \/>\n<link rel=\"canonical\" href=\"https:\/\/aztex.ee\/cs\/pood\/povleceni\/sada-povlaku-na-prikryvku-wild-rose\/\" \/>\n<meta property=\"og:locale\" content=\"cs_CZ\" \/>\n<meta property=\"og:type\" content=\"article\" \/>\n<meta property=\"og:title\" content=\"Sada povlak\u016f na p\u0159ikr\u00fdvku | Wild rose | AZTEX\" \/>\n<meta property=\"og:description\" content=\"Bavln\u011bn\u00e1 souprava povle\u010den\u00ed 200x230 cm Wild rose, perfektn\u00ed volba pro m\u011bkk\u00fd a pohodln\u00fd sp\u00e1nek. Nab\u00edz\u00ed kvalitn\u00ed sp\u00e1nek d\u00edky sv\u00e9 100% bavln\u011bn\u00e9 struktu\u0159e.\" \/>\n<meta property=\"og:url\" content=\"https:\/\/aztex.ee\/cs\/pood\/povleceni\/sada-povlaku-na-prikryvku-wild-rose\/\" \/>\n<meta property=\"og:site_name\" content=\"AZTEX\" \/>\n<meta property=\"article:publisher\" content=\"https:\/\/www.facebook.com\/AztexEE\" \/>\n<meta property=\"article:modified_time\" content=\"2026-01-27T17:54:16+00:00\" \/>\n<meta property=\"og:image\" content=\"https:\/\/aztex.ee\/wp-content\/uploads\/2024\/11\/Voodipesukomplekt-3-1.jpg\" \/>\n\t<meta property=\"og:image:width\" content=\"800\" \/>\n\t<meta property=\"og:image:height\" content=\"800\" \/>\n\t<meta property=\"og:image:type\" content=\"image\/jpeg\" \/>\n<meta name=\"twitter:card\" content=\"summary_large_image\" \/>\n<meta name=\"twitter:label1\" content=\"Odhadovan\u00e1 doba \u010dten\u00ed\" \/>\n\t<meta name=\"twitter:data1\" content=\"1 minuta\" \/>\n<script type=\"application\/ld+json\" class=\"yoast-schema-graph\">{\"@context\":\"https:\\\/\\\/schema.org\",\"@graph\":[{\"@type\":[\"WebPage\",\"ItemPage\"],\"@id\":\"https:\\\/\\\/aztex.ee\\\/cs\\\/pood\\\/povleceni\\\/sada-povlaku-na-prikryvku-wild-rose\\\/\",\"url\":\"https:\\\/\\\/aztex.ee\\\/cs\\\/pood\\\/povleceni\\\/sada-povlaku-na-prikryvku-wild-rose\\\/\",\"name\":\"Sada povlak\u016f na p\u0159ikr\u00fdvku | Wild rose | AZTEX\",\"isPartOf\":{\"@id\":\"https:\\\/\\\/aztex.ee\\\/cs\\\/#website\"},\"primaryImageOfPage\":{\"@id\":\"https:\\\/\\\/aztex.ee\\\/cs\\\/pood\\\/povleceni\\\/sada-povlaku-na-prikryvku-wild-rose\\\/#primaryimage\"},\"image\":{\"@id\":\"https:\\\/\\\/aztex.ee\\\/cs\\\/pood\\\/povleceni\\\/sada-povlaku-na-prikryvku-wild-rose\\\/#primaryimage\"},\"thumbnailUrl\":\"https:\\\/\\\/aztex.ee\\\/wp-content\\\/uploads\\\/2024\\\/11\\\/Voodipesukomplekt-3-1.jpg\",\"datePublished\":\"2024-11-11T15:15:25+00:00\",\"dateModified\":\"2026-01-27T17:54:16+00:00\",\"description\":\"Bavln\u011bn\u00e1 souprava povle\u010den\u00ed 200x230 cm Wild rose, perfektn\u00ed volba pro m\u011bkk\u00fd a pohodln\u00fd sp\u00e1nek. Nab\u00edz\u00ed kvalitn\u00ed sp\u00e1nek d\u00edky sv\u00e9 100% bavln\u011bn\u00e9 struktu\u0159e.\",\"breadcrumb\":{\"@id\":\"https:\\\/\\\/aztex.ee\\\/cs\\\/pood\\\/povleceni\\\/sada-povlaku-na-prikryvku-wild-rose\\\/#breadcrumb\"},\"inLanguage\":\"cs\",\"potentialAction\":[{\"@type\":\"ReadAction\",\"target\":[\"https:\\\/\\\/aztex.ee\\\/cs\\\/pood\\\/povleceni\\\/sada-povlaku-na-prikryvku-wild-rose\\\/\"]}]},{\"@type\":\"ImageObject\",\"inLanguage\":\"cs\",\"@id\":\"https:\\\/\\\/aztex.ee\\\/cs\\\/pood\\\/povleceni\\\/sada-povlaku-na-prikryvku-wild-rose\\\/#primaryimage\",\"url\":\"https:\\\/\\\/aztex.ee\\\/wp-content\\\/uploads\\\/2024\\\/11\\\/Voodipesukomplekt-3-1.jpg\",\"contentUrl\":\"https:\\\/\\\/aztex.ee\\\/wp-content\\\/uploads\\\/2024\\\/11\\\/Voodipesukomplekt-3-1.jpg\",\"width\":800,\"height\":800,\"caption\":\"Voodipesukomplekt\"},{\"@type\":\"BreadcrumbList\",\"@id\":\"https:\\\/\\\/aztex.ee\\\/cs\\\/pood\\\/povleceni\\\/sada-povlaku-na-prikryvku-wild-rose\\\/#breadcrumb\",\"itemListElement\":[{\"@type\":\"ListItem\",\"position\":1,\"name\":\"Dom\u016f\",\"item\":\"https:\\\/\\\/aztex.ee\\\/cs\\\/\"},{\"@type\":\"ListItem\",\"position\":2,\"name\":\"Obchod\",\"item\":\"https:\\\/\\\/aztex.ee\\\/cs\\\/obchod\\\/\"},{\"@type\":\"ListItem\",\"position\":3,\"name\":\"Sada povlak\u016f na p\u0159ikr\u00fdvku | Wild rose\"}]},{\"@type\":\"WebSite\",\"@id\":\"https:\\\/\\\/aztex.ee\\\/cs\\\/#website\",\"url\":\"https:\\\/\\\/aztex.ee\\\/cs\\\/\",\"name\":\"AZTEX\",\"description\":\"\",\"publisher\":{\"@id\":\"https:\\\/\\\/aztex.ee\\\/cs\\\/#organization\"},\"potentialAction\":[{\"@type\":\"SearchAction\",\"target\":{\"@type\":\"EntryPoint\",\"urlTemplate\":\"https:\\\/\\\/aztex.ee\\\/cs\\\/?s={search_term_string}\"},\"query-input\":{\"@type\":\"PropertyValueSpecification\",\"valueRequired\":true,\"valueName\":\"search_term_string\"}}],\"inLanguage\":\"cs\"},{\"@type\":\"Organization\",\"@id\":\"https:\\\/\\\/aztex.ee\\\/cs\\\/#organization\",\"name\":\"AZTEX\",\"url\":\"https:\\\/\\\/aztex.ee\\\/cs\\\/\",\"logo\":{\"@type\":\"ImageObject\",\"inLanguage\":\"cs\",\"@id\":\"https:\\\/\\\/aztex.ee\\\/cs\\\/#\\\/schema\\\/logo\\\/image\\\/\",\"url\":\"https:\\\/\\\/aztex.ee\\\/wp-content\\\/uploads\\\/2026\\\/01\\\/AZTEX.png\",\"contentUrl\":\"https:\\\/\\\/aztex.ee\\\/wp-content\\\/uploads\\\/2026\\\/01\\\/AZTEX.png\",\"width\":500,\"height\":500,\"caption\":\"AZTEX\"},\"image\":{\"@id\":\"https:\\\/\\\/aztex.ee\\\/cs\\\/#\\\/schema\\\/logo\\\/image\\\/\"},\"sameAs\":[\"https:\\\/\\\/www.facebook.com\\\/AztexEE\",\"https:\\\/\\\/www.instagram.com\\\/aztexeesti\\\/\",\"https:\\\/\\\/www.youtube.com\\\/@AZTEXEE\",\"https:\\\/\\\/www.pinterest.com\\\/aztex_eesti\\\/\",\"https:\\\/\\\/www.tiktok.com\\\/@aztexeesti\",\"https:\\\/\\\/www.trustpilot.com\\\/review\\\/aztex.ee\",\"https:\\\/\\\/www.linkedin.com\\\/company\\\/aztex-ee\\\/\",\"https:\\\/\\\/www.wikidata.org\\\/wiki\\\/Q137560182\"]}]}<\/script>\n<!-- \/ Yoast SEO plugin. -->","yoast_head_json":{"title":"Sada povlak\u016f na p\u0159ikr\u00fdvku | Wild rose | AZTEX","description":"Bavln\u011bn\u00e1 souprava povle\u010den\u00ed 200x230 cm Wild rose, perfektn\u00ed volba pro m\u011bkk\u00fd a pohodln\u00fd sp\u00e1nek. Nab\u00edz\u00ed kvalitn\u00ed sp\u00e1nek d\u00edky sv\u00e9 100% bavln\u011bn\u00e9 struktu\u0159e.","robots":{"index":"index","follow":"follow","max-snippet":"max-snippet:-1","max-image-preview":"max-image-preview:large","max-video-preview":"max-video-preview:-1"},"canonical":"https:\/\/aztex.ee\/cs\/pood\/povleceni\/sada-povlaku-na-prikryvku-wild-rose\/","og_locale":"cs_CZ","og_type":"article","og_title":"Sada povlak\u016f na p\u0159ikr\u00fdvku | Wild rose | AZTEX","og_description":"Bavln\u011bn\u00e1 souprava povle\u010den\u00ed 200x230 cm Wild rose, perfektn\u00ed volba pro m\u011bkk\u00fd a pohodln\u00fd sp\u00e1nek. Nab\u00edz\u00ed kvalitn\u00ed sp\u00e1nek d\u00edky sv\u00e9 100% bavln\u011bn\u00e9 struktu\u0159e.","og_url":"https:\/\/aztex.ee\/cs\/pood\/povleceni\/sada-povlaku-na-prikryvku-wild-rose\/","og_site_name":"AZTEX","article_publisher":"https:\/\/www.facebook.com\/AztexEE","article_modified_time":"2026-01-27T17:54:16+00:00","og_image":[{"width":800,"height":800,"url":"https:\/\/aztex.ee\/wp-content\/uploads\/2024\/11\/Voodipesukomplekt-3-1.jpg","type":"image\/jpeg"}],"twitter_card":"summary_large_image","twitter_misc":{"Odhadovan\u00e1 doba \u010dten\u00ed":"1 minuta"},"schema":{"@context":"https:\/\/schema.org","@graph":[{"@type":["WebPage","ItemPage"],"@id":"https:\/\/aztex.ee\/cs\/pood\/povleceni\/sada-povlaku-na-prikryvku-wild-rose\/","url":"https:\/\/aztex.ee\/cs\/pood\/povleceni\/sada-povlaku-na-prikryvku-wild-rose\/","name":"Sada povlak\u016f na p\u0159ikr\u00fdvku | Wild rose | AZTEX","isPartOf":{"@id":"https:\/\/aztex.ee\/cs\/#website"},"primaryImageOfPage":{"@id":"https:\/\/aztex.ee\/cs\/pood\/povleceni\/sada-povlaku-na-prikryvku-wild-rose\/#primaryimage"},"image":{"@id":"https:\/\/aztex.ee\/cs\/pood\/povleceni\/sada-povlaku-na-prikryvku-wild-rose\/#primaryimage"},"thumbnailUrl":"https:\/\/aztex.ee\/wp-content\/uploads\/2024\/11\/Voodipesukomplekt-3-1.jpg","datePublished":"2024-11-11T15:15:25+00:00","dateModified":"2026-01-27T17:54:16+00:00","description":"Bavln\u011bn\u00e1 souprava povle\u010den\u00ed 200x230 cm Wild rose, perfektn\u00ed volba pro m\u011bkk\u00fd a pohodln\u00fd sp\u00e1nek. Nab\u00edz\u00ed kvalitn\u00ed sp\u00e1nek d\u00edky sv\u00e9 100% bavln\u011bn\u00e9 struktu\u0159e.","breadcrumb":{"@id":"https:\/\/aztex.ee\/cs\/pood\/povleceni\/sada-povlaku-na-prikryvku-wild-rose\/#breadcrumb"},"inLanguage":"cs","potentialAction":[{"@type":"ReadAction","target":["https:\/\/aztex.ee\/cs\/pood\/povleceni\/sada-povlaku-na-prikryvku-wild-rose\/"]}]},{"@type":"ImageObject","inLanguage":"cs","@id":"https:\/\/aztex.ee\/cs\/pood\/povleceni\/sada-povlaku-na-prikryvku-wild-rose\/#primaryimage","url":"https:\/\/aztex.ee\/wp-content\/uploads\/2024\/11\/Voodipesukomplekt-3-1.jpg","contentUrl":"https:\/\/aztex.ee\/wp-content\/uploads\/2024\/11\/Voodipesukomplekt-3-1.jpg","width":800,"height":800,"caption":"Voodipesukomplekt"},{"@type":"BreadcrumbList","@id":"https:\/\/aztex.ee\/cs\/pood\/povleceni\/sada-povlaku-na-prikryvku-wild-rose\/#breadcrumb","itemListElement":[{"@type":"ListItem","position":1,"name":"Dom\u016f","item":"https:\/\/aztex.ee\/cs\/"},{"@type":"ListItem","position":2,"name":"Obchod","item":"https:\/\/aztex.ee\/cs\/obchod\/"},{"@type":"ListItem","position":3,"name":"Sada povlak\u016f na p\u0159ikr\u00fdvku | Wild rose"}]},{"@type":"WebSite","@id":"https:\/\/aztex.ee\/cs\/#website","url":"https:\/\/aztex.ee\/cs\/","name":"AZTEX","description":"","publisher":{"@id":"https:\/\/aztex.ee\/cs\/#organization"},"potentialAction":[{"@type":"SearchAction","target":{"@type":"EntryPoint","urlTemplate":"https:\/\/aztex.ee\/cs\/?s={search_term_string}"},"query-input":{"@type":"PropertyValueSpecification","valueRequired":true,"valueName":"search_term_string"}}],"inLanguage":"cs"},{"@type":"Organization","@id":"https:\/\/aztex.ee\/cs\/#organization","name":"AZTEX","url":"https:\/\/aztex.ee\/cs\/","logo":{"@type":"ImageObject","inLanguage":"cs","@id":"https:\/\/aztex.ee\/cs\/#\/schema\/logo\/image\/","url":"https:\/\/aztex.ee\/wp-content\/uploads\/2026\/01\/AZTEX.png","contentUrl":"https:\/\/aztex.ee\/wp-content\/uploads\/2026\/01\/AZTEX.png","width":500,"height":500,"caption":"AZTEX"},"image":{"@id":"https:\/\/aztex.ee\/cs\/#\/schema\/logo\/image\/"},"sameAs":["https:\/\/www.facebook.com\/AztexEE","https:\/\/www.instagram.com\/aztexeesti\/","https:\/\/www.youtube.com\/@AZTEXEE","https:\/\/www.pinterest.com\/aztex_eesti\/","https:\/\/www.tiktok.com\/@aztexeesti","https:\/\/www.trustpilot.com\/review\/aztex.ee","https:\/\/www.linkedin.com\/company\/aztex-ee\/","https:\/\/www.wikidata.org\/wiki\/Q137560182"]}]}},"_links":{"self":[{"href":"https:\/\/aztex.ee\/cs\/wp-json\/wp\/v2\/product\/31576","targetHints":{"allow":["GET"]}}],"collection":[{"href":"https:\/\/aztex.ee\/cs\/wp-json\/wp\/v2\/product"}],"about":[{"href":"https:\/\/aztex.ee\/cs\/wp-json\/wp\/v2\/types\/product"}],"replies":[{"embeddable":true,"href":"https:\/\/aztex.ee\/cs\/wp-json\/wp\/v2\/comments?post=31576"}],"version-history":[{"count":0,"href":"https:\/\/aztex.ee\/cs\/wp-json\/wp\/v2\/product\/31576\/revisions"}],"wp:featuredmedia":[{"embeddable":true,"href":"https:\/\/aztex.ee\/cs\/wp-json\/wp\/v2\/media\/31578"}],"wp:attachment":[{"href":"https:\/\/aztex.ee\/cs\/wp-json\/wp\/v2\/media?parent=31576"}],"wp:term":[{"taxonomy":"product_brand","embeddable":true,"href":"https:\/\/aztex.ee\/cs\/wp-json\/wp\/v2\/product_brand?post=31576"},{"taxonomy":"product_cat","embeddable":true,"href":"https:\/\/aztex.ee\/cs\/wp-json\/wp\/v2\/product_cat?post=31576"},{"taxonomy":"product_tag","embeddable":true,"href":"https:\/\/aztex.ee\/cs\/wp-json\/wp\/v2\/product_tag?post=31576"}],"curies":[{"name":"wp","href":"https:\/\/api.w.org\/{rel}","templated":true}]}}