{"id":28800,"date":"2024-10-29T09:38:33","date_gmt":"2024-10-29T09:38:33","guid":{"rendered":"https:\/\/aztex.ee\/?post_type=product&#038;p=28800"},"modified":"2025-08-13T19:42:50","modified_gmt":"2025-08-13T19:42:50","slug":"konopne-prosteradlo-jemna-modra","status":"publish","type":"product","link":"https:\/\/aztex.ee\/cs\/pood\/konopna-prosteradla\/konopne-prosteradlo-jemna-modra\/","title":{"rendered":"Konopn\u00e9 prost\u011bradlo | Jemn\u00e1 modr\u00e1"},"content":{"rendered":"<p>Konopn\u00e9 prost\u011bradlo je perfektn\u00ed volbou, kter\u00e1 spojuje prakti\u010dnost, odolnost a styl v ka\u017ed\u00e9 lo\u017enici. P\u0159irozen\u00e1 textura a neutr\u00e1ln\u00ed barva konopn\u00e9 l\u00e1tky vytv\u00e1\u0159\u00ed elegantn\u00ed a rustik\u00e1ln\u00ed atmosf\u00e9ru, kter\u00e1 dopl\u0148uje r\u016fzn\u00e9 styly interi\u00e9ru. Krom\u011b pohodl\u00ed je konopn\u00e9 prost\u011bradlo tak\u00e9 bez alergi\u00ed a antibakteri\u00e1ln\u00ed a nab\u00edz\u00ed prody\u0161n\u00fd a zdrav\u00fd sp\u00e1nek po celou noc.<\/p>\n<p>Konopn\u00e9 povle\u010den\u00ed je nen\u00e1ro\u010dn\u00e9 na \u00fadr\u017ebu \u2013 lze ho pr\u00e1t v pra\u010dce a zachov\u00e1v\u00e1 si svou kvalitu i po \u010detn\u00fdch pran\u00edch. Konopn\u00e1 vl\u00e1kna rychle schnou, co\u017e je ide\u00e1ln\u00ed vlastnost pro ty, kte\u0159\u00ed oce\u0148uj\u00ed prakti\u010dnost a pohodl\u00ed. Konop\u00ed je nav\u00edc materi\u00e1l \u0161etrn\u00fd k \u017eivotn\u00edmu prost\u0159ed\u00ed, proto\u017ee jeho p\u011bstov\u00e1n\u00ed je \u0161etrn\u00e9 k \u017eivotn\u00edmu prost\u0159ed\u00ed a udr\u017eiteln\u00e9, co\u017e z konopn\u00e9ho lo\u017en\u00edho pr\u00e1dla \u010din\u00ed volbu \u0161etrnou k \u017eivotn\u00edmu prost\u0159ed\u00ed a p\u0159\u00edrod\u011b.<\/p>\n","protected":false},"excerpt":{"rendered":"<p>Prost\u011bradlo ze 100% konop\u00ed je hypoalergenn\u00ed a antibakteri\u00e1ln\u00ed.<\/p>\n<ul>\n<li>Barva: Jemn\u00e1 modr\u00e1<\/li>\n<li>Materi\u00e1l: 100% Konop\u00ed, 180 g\/m\u00b2<\/li>\n<li>Rozm\u011bry: 220\u00d7240 cm<\/li>\n<\/ul>\n<p><img loading=\"lazy\" decoding=\"async\" class=\"alignnone size-full wp-image-20226\" src=\"https:\/\/aztex.ee\/wp-content\/uploads\/2024\/09\/oekotex100.png\" alt=\"\" width=\"204\" height=\"72\" srcset=\"https:\/\/aztex.ee\/wp-content\/uploads\/2024\/09\/oekotex100.png 204w, https:\/\/aztex.ee\/wp-content\/uploads\/2024\/09\/oekotex100-150x53.png 150w\" sizes=\"auto, (max-width: 204px) 100vw, 204px\" \/><img loading=\"lazy\" decoding=\"async\" class=\"alignnone wp-image-20896\" src=\"https:\/\/aztex.ee\/wp-content\/uploads\/2024\/09\/NATURALHEMP.png\" alt=\"\" width=\"79\" height=\"79\" srcset=\"https:\/\/aztex.ee\/wp-content\/uploads\/2024\/09\/NATURALHEMP.png 300w, https:\/\/aztex.ee\/wp-content\/uploads\/2024\/09\/NATURALHEMP-150x150.png 150w\" sizes=\"auto, (max-width: 79px) 100vw, 79px\" \/><\/p>\n","protected":false},"featured_media":23815,"comment_status":"open","ping_status":"closed","template":"","meta":[],"product_brand":[],"product_cat":[436,1792],"product_tag":[],"class_list":{"0":"post-28800","1":"product","2":"type-product","3":"status-publish","4":"has-post-thumbnail","6":"product_cat-konopna-prosteradla","7":"product_cat-prosteradla","9":"first","10":"instock","11":"shipping-taxable","12":"purchasable","13":"product-type-simple"},"yoast_head":"<!-- This site is optimized with the Yoast SEO plugin v27.3 - https:\/\/yoast.com\/product\/yoast-seo-wordpress\/ -->\n<title>Konopn\u00e9 prost\u011bradlo - Jemn\u00e1 modr\u00e1 | AZTEX<\/title>\n<meta name=\"description\" content=\"Konopn\u00e9 prost\u011bradlo je perfektn\u00ed volbou, kter\u00e1 spojuje prakti\u010dnost, odolnost a styl v ka\u017ed\u00e9 lo\u017enici. P\u0159irozen\u00e1 textura a neutr\u00e1ln\u00ed barva konopn\u00e9 l\u00e1tky ...\" \/>\n<meta name=\"robots\" content=\"index, follow, max-snippet:-1, max-image-preview:large, max-video-preview:-1\" \/>\n<link rel=\"canonical\" href=\"https:\/\/aztex.ee\/cs\/pood\/konopna-prosteradla\/konopne-prosteradlo-jemna-modra\/\" \/>\n<meta property=\"og:locale\" content=\"cs_CZ\" \/>\n<meta property=\"og:type\" content=\"article\" \/>\n<meta property=\"og:title\" content=\"Konopn\u00e9 prost\u011bradlo - Jemn\u00e1 modr\u00e1 | AZTEX\" \/>\n<meta property=\"og:description\" content=\"Konopn\u00e9 prost\u011bradlo je perfektn\u00ed volbou, kter\u00e1 spojuje prakti\u010dnost, odolnost a styl v ka\u017ed\u00e9 lo\u017enici. P\u0159irozen\u00e1 textura a neutr\u00e1ln\u00ed barva konopn\u00e9 l\u00e1tky ...\" \/>\n<meta property=\"og:url\" content=\"https:\/\/aztex.ee\/cs\/pood\/konopna-prosteradla\/konopne-prosteradlo-jemna-modra\/\" \/>\n<meta property=\"og:site_name\" content=\"AZTEX\" \/>\n<meta property=\"article:publisher\" content=\"https:\/\/www.facebook.com\/AztexEE\" \/>\n<meta property=\"article:modified_time\" content=\"2025-08-13T19:42:50+00:00\" \/>\n<meta property=\"og:image\" content=\"https:\/\/aztex.ee\/wp-content\/uploads\/2024\/09\/Kanepist-voodipesu-4.jpg\" \/>\n\t<meta property=\"og:image:width\" content=\"800\" \/>\n\t<meta property=\"og:image:height\" content=\"800\" \/>\n\t<meta property=\"og:image:type\" content=\"image\/jpeg\" \/>\n<meta name=\"twitter:card\" content=\"summary_large_image\" \/>\n<meta name=\"twitter:label1\" content=\"Odhadovan\u00e1 doba \u010dten\u00ed\" \/>\n\t<meta name=\"twitter:data1\" content=\"1 minuta\" \/>\n<script type=\"application\/ld+json\" class=\"yoast-schema-graph\">{\"@context\":\"https:\\\/\\\/schema.org\",\"@graph\":[{\"@type\":[\"WebPage\",\"ItemPage\"],\"@id\":\"https:\\\/\\\/aztex.ee\\\/cs\\\/pood\\\/konopna-prosteradla\\\/konopne-prosteradlo-jemna-modra\\\/\",\"url\":\"https:\\\/\\\/aztex.ee\\\/cs\\\/pood\\\/konopna-prosteradla\\\/konopne-prosteradlo-jemna-modra\\\/\",\"name\":\"Konopn\u00e9 prost\u011bradlo - Jemn\u00e1 modr\u00e1 | AZTEX\",\"isPartOf\":{\"@id\":\"https:\\\/\\\/aztex.ee\\\/cs\\\/#website\"},\"primaryImageOfPage\":{\"@id\":\"https:\\\/\\\/aztex.ee\\\/cs\\\/pood\\\/konopna-prosteradla\\\/konopne-prosteradlo-jemna-modra\\\/#primaryimage\"},\"image\":{\"@id\":\"https:\\\/\\\/aztex.ee\\\/cs\\\/pood\\\/konopna-prosteradla\\\/konopne-prosteradlo-jemna-modra\\\/#primaryimage\"},\"thumbnailUrl\":\"https:\\\/\\\/aztex.ee\\\/wp-content\\\/uploads\\\/2024\\\/09\\\/Kanepist-voodipesu-4.jpg\",\"datePublished\":\"2024-10-29T09:38:33+00:00\",\"dateModified\":\"2025-08-13T19:42:50+00:00\",\"description\":\"Konopn\u00e9 prost\u011bradlo je perfektn\u00ed volbou, kter\u00e1 spojuje prakti\u010dnost, odolnost a styl v ka\u017ed\u00e9 lo\u017enici. P\u0159irozen\u00e1 textura a neutr\u00e1ln\u00ed barva konopn\u00e9 l\u00e1tky ...\",\"breadcrumb\":{\"@id\":\"https:\\\/\\\/aztex.ee\\\/cs\\\/pood\\\/konopna-prosteradla\\\/konopne-prosteradlo-jemna-modra\\\/#breadcrumb\"},\"inLanguage\":\"cs\",\"potentialAction\":[{\"@type\":\"ReadAction\",\"target\":[\"https:\\\/\\\/aztex.ee\\\/cs\\\/pood\\\/konopna-prosteradla\\\/konopne-prosteradlo-jemna-modra\\\/\"]}]},{\"@type\":\"ImageObject\",\"inLanguage\":\"cs\",\"@id\":\"https:\\\/\\\/aztex.ee\\\/cs\\\/pood\\\/konopna-prosteradla\\\/konopne-prosteradlo-jemna-modra\\\/#primaryimage\",\"url\":\"https:\\\/\\\/aztex.ee\\\/wp-content\\\/uploads\\\/2024\\\/09\\\/Kanepist-voodipesu-4.jpg\",\"contentUrl\":\"https:\\\/\\\/aztex.ee\\\/wp-content\\\/uploads\\\/2024\\\/09\\\/Kanepist-voodipesu-4.jpg\",\"width\":800,\"height\":800},{\"@type\":\"BreadcrumbList\",\"@id\":\"https:\\\/\\\/aztex.ee\\\/cs\\\/pood\\\/konopna-prosteradla\\\/konopne-prosteradlo-jemna-modra\\\/#breadcrumb\",\"itemListElement\":[{\"@type\":\"ListItem\",\"position\":1,\"name\":\"Dom\u016f\",\"item\":\"https:\\\/\\\/aztex.ee\\\/cs\\\/\"},{\"@type\":\"ListItem\",\"position\":2,\"name\":\"Obchod\",\"item\":\"https:\\\/\\\/aztex.ee\\\/cs\\\/obchod\\\/\"},{\"@type\":\"ListItem\",\"position\":3,\"name\":\"Konopn\u00e9 prost\u011bradlo | Jemn\u00e1 modr\u00e1\"}]},{\"@type\":\"WebSite\",\"@id\":\"https:\\\/\\\/aztex.ee\\\/cs\\\/#website\",\"url\":\"https:\\\/\\\/aztex.ee\\\/cs\\\/\",\"name\":\"AZTEX\",\"description\":\"\",\"publisher\":{\"@id\":\"https:\\\/\\\/aztex.ee\\\/cs\\\/#organization\"},\"potentialAction\":[{\"@type\":\"SearchAction\",\"target\":{\"@type\":\"EntryPoint\",\"urlTemplate\":\"https:\\\/\\\/aztex.ee\\\/cs\\\/?s={search_term_string}\"},\"query-input\":{\"@type\":\"PropertyValueSpecification\",\"valueRequired\":true,\"valueName\":\"search_term_string\"}}],\"inLanguage\":\"cs\"},{\"@type\":\"Organization\",\"@id\":\"https:\\\/\\\/aztex.ee\\\/cs\\\/#organization\",\"name\":\"AZTEX\",\"url\":\"https:\\\/\\\/aztex.ee\\\/cs\\\/\",\"logo\":{\"@type\":\"ImageObject\",\"inLanguage\":\"cs\",\"@id\":\"https:\\\/\\\/aztex.ee\\\/cs\\\/#\\\/schema\\\/logo\\\/image\\\/\",\"url\":\"https:\\\/\\\/aztex.ee\\\/wp-content\\\/uploads\\\/2026\\\/01\\\/AZTEX.png\",\"contentUrl\":\"https:\\\/\\\/aztex.ee\\\/wp-content\\\/uploads\\\/2026\\\/01\\\/AZTEX.png\",\"width\":500,\"height\":500,\"caption\":\"AZTEX\"},\"image\":{\"@id\":\"https:\\\/\\\/aztex.ee\\\/cs\\\/#\\\/schema\\\/logo\\\/image\\\/\"},\"sameAs\":[\"https:\\\/\\\/www.facebook.com\\\/AztexEE\",\"https:\\\/\\\/www.instagram.com\\\/aztexeesti\\\/\",\"https:\\\/\\\/www.youtube.com\\\/@AZTEXEE\",\"https:\\\/\\\/www.pinterest.com\\\/aztex_eesti\\\/\",\"https:\\\/\\\/www.tiktok.com\\\/@aztexeesti\",\"https:\\\/\\\/www.trustpilot.com\\\/review\\\/aztex.ee\",\"https:\\\/\\\/www.linkedin.com\\\/company\\\/aztex-ee\\\/\",\"https:\\\/\\\/www.wikidata.org\\\/wiki\\\/Q137560182\"]}]}<\/script>\n<!-- \/ Yoast SEO plugin. -->","yoast_head_json":{"title":"Konopn\u00e9 prost\u011bradlo - Jemn\u00e1 modr\u00e1 | AZTEX","description":"Konopn\u00e9 prost\u011bradlo je perfektn\u00ed volbou, kter\u00e1 spojuje prakti\u010dnost, odolnost a styl v ka\u017ed\u00e9 lo\u017enici. P\u0159irozen\u00e1 textura a neutr\u00e1ln\u00ed barva konopn\u00e9 l\u00e1tky ...","robots":{"index":"index","follow":"follow","max-snippet":"max-snippet:-1","max-image-preview":"max-image-preview:large","max-video-preview":"max-video-preview:-1"},"canonical":"https:\/\/aztex.ee\/cs\/pood\/konopna-prosteradla\/konopne-prosteradlo-jemna-modra\/","og_locale":"cs_CZ","og_type":"article","og_title":"Konopn\u00e9 prost\u011bradlo - Jemn\u00e1 modr\u00e1 | AZTEX","og_description":"Konopn\u00e9 prost\u011bradlo je perfektn\u00ed volbou, kter\u00e1 spojuje prakti\u010dnost, odolnost a styl v ka\u017ed\u00e9 lo\u017enici. P\u0159irozen\u00e1 textura a neutr\u00e1ln\u00ed barva konopn\u00e9 l\u00e1tky ...","og_url":"https:\/\/aztex.ee\/cs\/pood\/konopna-prosteradla\/konopne-prosteradlo-jemna-modra\/","og_site_name":"AZTEX","article_publisher":"https:\/\/www.facebook.com\/AztexEE","article_modified_time":"2025-08-13T19:42:50+00:00","og_image":[{"width":800,"height":800,"url":"https:\/\/aztex.ee\/wp-content\/uploads\/2024\/09\/Kanepist-voodipesu-4.jpg","type":"image\/jpeg"}],"twitter_card":"summary_large_image","twitter_misc":{"Odhadovan\u00e1 doba \u010dten\u00ed":"1 minuta"},"schema":{"@context":"https:\/\/schema.org","@graph":[{"@type":["WebPage","ItemPage"],"@id":"https:\/\/aztex.ee\/cs\/pood\/konopna-prosteradla\/konopne-prosteradlo-jemna-modra\/","url":"https:\/\/aztex.ee\/cs\/pood\/konopna-prosteradla\/konopne-prosteradlo-jemna-modra\/","name":"Konopn\u00e9 prost\u011bradlo - Jemn\u00e1 modr\u00e1 | AZTEX","isPartOf":{"@id":"https:\/\/aztex.ee\/cs\/#website"},"primaryImageOfPage":{"@id":"https:\/\/aztex.ee\/cs\/pood\/konopna-prosteradla\/konopne-prosteradlo-jemna-modra\/#primaryimage"},"image":{"@id":"https:\/\/aztex.ee\/cs\/pood\/konopna-prosteradla\/konopne-prosteradlo-jemna-modra\/#primaryimage"},"thumbnailUrl":"https:\/\/aztex.ee\/wp-content\/uploads\/2024\/09\/Kanepist-voodipesu-4.jpg","datePublished":"2024-10-29T09:38:33+00:00","dateModified":"2025-08-13T19:42:50+00:00","description":"Konopn\u00e9 prost\u011bradlo je perfektn\u00ed volbou, kter\u00e1 spojuje prakti\u010dnost, odolnost a styl v ka\u017ed\u00e9 lo\u017enici. P\u0159irozen\u00e1 textura a neutr\u00e1ln\u00ed barva konopn\u00e9 l\u00e1tky ...","breadcrumb":{"@id":"https:\/\/aztex.ee\/cs\/pood\/konopna-prosteradla\/konopne-prosteradlo-jemna-modra\/#breadcrumb"},"inLanguage":"cs","potentialAction":[{"@type":"ReadAction","target":["https:\/\/aztex.ee\/cs\/pood\/konopna-prosteradla\/konopne-prosteradlo-jemna-modra\/"]}]},{"@type":"ImageObject","inLanguage":"cs","@id":"https:\/\/aztex.ee\/cs\/pood\/konopna-prosteradla\/konopne-prosteradlo-jemna-modra\/#primaryimage","url":"https:\/\/aztex.ee\/wp-content\/uploads\/2024\/09\/Kanepist-voodipesu-4.jpg","contentUrl":"https:\/\/aztex.ee\/wp-content\/uploads\/2024\/09\/Kanepist-voodipesu-4.jpg","width":800,"height":800},{"@type":"BreadcrumbList","@id":"https:\/\/aztex.ee\/cs\/pood\/konopna-prosteradla\/konopne-prosteradlo-jemna-modra\/#breadcrumb","itemListElement":[{"@type":"ListItem","position":1,"name":"Dom\u016f","item":"https:\/\/aztex.ee\/cs\/"},{"@type":"ListItem","position":2,"name":"Obchod","item":"https:\/\/aztex.ee\/cs\/obchod\/"},{"@type":"ListItem","position":3,"name":"Konopn\u00e9 prost\u011bradlo | Jemn\u00e1 modr\u00e1"}]},{"@type":"WebSite","@id":"https:\/\/aztex.ee\/cs\/#website","url":"https:\/\/aztex.ee\/cs\/","name":"AZTEX","description":"","publisher":{"@id":"https:\/\/aztex.ee\/cs\/#organization"},"potentialAction":[{"@type":"SearchAction","target":{"@type":"EntryPoint","urlTemplate":"https:\/\/aztex.ee\/cs\/?s={search_term_string}"},"query-input":{"@type":"PropertyValueSpecification","valueRequired":true,"valueName":"search_term_string"}}],"inLanguage":"cs"},{"@type":"Organization","@id":"https:\/\/aztex.ee\/cs\/#organization","name":"AZTEX","url":"https:\/\/aztex.ee\/cs\/","logo":{"@type":"ImageObject","inLanguage":"cs","@id":"https:\/\/aztex.ee\/cs\/#\/schema\/logo\/image\/","url":"https:\/\/aztex.ee\/wp-content\/uploads\/2026\/01\/AZTEX.png","contentUrl":"https:\/\/aztex.ee\/wp-content\/uploads\/2026\/01\/AZTEX.png","width":500,"height":500,"caption":"AZTEX"},"image":{"@id":"https:\/\/aztex.ee\/cs\/#\/schema\/logo\/image\/"},"sameAs":["https:\/\/www.facebook.com\/AztexEE","https:\/\/www.instagram.com\/aztexeesti\/","https:\/\/www.youtube.com\/@AZTEXEE","https:\/\/www.pinterest.com\/aztex_eesti\/","https:\/\/www.tiktok.com\/@aztexeesti","https:\/\/www.trustpilot.com\/review\/aztex.ee","https:\/\/www.linkedin.com\/company\/aztex-ee\/","https:\/\/www.wikidata.org\/wiki\/Q137560182"]}]}},"_links":{"self":[{"href":"https:\/\/aztex.ee\/cs\/wp-json\/wp\/v2\/product\/28800","targetHints":{"allow":["GET"]}}],"collection":[{"href":"https:\/\/aztex.ee\/cs\/wp-json\/wp\/v2\/product"}],"about":[{"href":"https:\/\/aztex.ee\/cs\/wp-json\/wp\/v2\/types\/product"}],"replies":[{"embeddable":true,"href":"https:\/\/aztex.ee\/cs\/wp-json\/wp\/v2\/comments?post=28800"}],"version-history":[{"count":0,"href":"https:\/\/aztex.ee\/cs\/wp-json\/wp\/v2\/product\/28800\/revisions"}],"wp:featuredmedia":[{"embeddable":true,"href":"https:\/\/aztex.ee\/cs\/wp-json\/wp\/v2\/media\/23815"}],"wp:attachment":[{"href":"https:\/\/aztex.ee\/cs\/wp-json\/wp\/v2\/media?parent=28800"}],"wp:term":[{"taxonomy":"product_brand","embeddable":true,"href":"https:\/\/aztex.ee\/cs\/wp-json\/wp\/v2\/product_brand?post=28800"},{"taxonomy":"product_cat","embeddable":true,"href":"https:\/\/aztex.ee\/cs\/wp-json\/wp\/v2\/product_cat?post=28800"},{"taxonomy":"product_tag","embeddable":true,"href":"https:\/\/aztex.ee\/cs\/wp-json\/wp\/v2\/product_tag?post=28800"}],"curies":[{"name":"wp","href":"https:\/\/api.w.org\/{rel}","templated":true}]}}