{"id":25018,"date":"2024-09-29T09:55:02","date_gmt":"2024-09-29T09:55:02","guid":{"rendered":"https:\/\/aztex.ee\/?post_type=product&#038;p=25018"},"modified":"2026-01-25T14:28:30","modified_gmt":"2026-01-25T14:28:30","slug":"sada-satenoveho-povleceni-delhi","status":"publish","type":"product","link":"https:\/\/aztex.ee\/cs\/pood\/povleceni\/sada-satenoveho-povleceni-delhi\/","title":{"rendered":"Sada sat\u00e9nov\u00e9ho povle\u010den\u00ed | Delhi"},"content":{"rendered":"<p>Sat\u00e9nov\u00e9 povle\u010den\u00ed je perfektn\u00ed volbou, pokud hled\u00e1te jemnost a eleganci do sv\u00e9 lo\u017enice. Vyrobeno z vysoce kvalitn\u00ed bavlny, kter\u00e1 hlad\u00ed poko\u017eku a vytv\u00e1\u0159\u00ed luxusn\u00ed z\u00e1\u017eitek ze sp\u00e1nku. Prody\u0161n\u00fd materi\u00e1l reguluje t\u011blesnou teplotu a zaji\u0161\u0165uje tak pohodln\u00fd sp\u00e1nek v ka\u017ed\u00e9m ro\u010dn\u00edm obdob\u00ed \u2013 a\u0165 u\u017e je chladn\u011bji v l\u00e9t\u011b nebo tepleji v zim\u011b. Povle\u010den\u00ed se nav\u00edc snadno udr\u017euje a lze jej pr\u00e1t v pra\u010dce, tak\u017ee je ide\u00e1ln\u00ed pro ka\u017edodenn\u00ed pou\u017eit\u00ed. Aktualizujte svou lo\u017enici na\u0161\u00ed kr\u00e1snou sat\u00e9novou sat\u00e9novou sadou povle\u010den\u00ed a u\u017eijte si luxusn\u00ed pohodl\u00ed, po kter\u00e9m jste v\u017edy tou\u017eili!<\/p>\n","protected":false},"excerpt":{"rendered":"<p>Sat\u00e9nov\u00e9 povle\u010den\u00ed je \u0161etrn\u00e9 k poko\u017ece a prody\u0161n\u00e9 a zaji\u0161\u0165uje ide\u00e1ln\u00ed prost\u0159ed\u00ed pro sp\u00e1nek.<\/p>\n<ul>\n<li>Materi\u00e1l: 100% Bavlna<\/li>\n<li>L\u00e1tka: Sat\u00e9n<\/li>\n<li>Po\u010det vl\u00e1ken: 300 TC<\/li>\n<li>Povlak na pe\u0159inu: 200\u00d7220 cm<\/li>\n<li>Povlak na pol\u0161t\u00e1\u0159: 50\u00d775 cm (2ks)<\/li>\n<li>Prost\u011bradlo: Nen\u00ed sou\u010d\u00e1st\u00ed<\/li>\n<li>Komfort: Prody\u0161n\u00e1 a m\u011bkk\u00e1 textura<\/li>\n<\/ul>\n<p><img loading=\"lazy\" decoding=\"async\" class=\"alignnone size-full wp-image-24725\" src=\"https:\/\/aztex.ee\/wp-content\/uploads\/2024\/09\/cottonlogo33.png\" alt=\"\" width=\"165\" height=\"73\" srcset=\"https:\/\/aztex.ee\/wp-content\/uploads\/2024\/09\/cottonlogo33.png 165w, https:\/\/aztex.ee\/wp-content\/uploads\/2024\/09\/cottonlogo33-150x66.png 150w\" sizes=\"auto, (max-width: 165px) 100vw, 165px\" \/><\/p>\n","protected":false},"featured_media":25060,"comment_status":"open","ping_status":"closed","template":"","meta":[],"product_brand":[],"product_cat":[365,367,360,494,595,375],"product_tag":[],"class_list":{"0":"post-25018","1":"product","2":"type-product","3":"status-publish","4":"has-post-thumbnail","6":"product_cat-bavlnene-povleceni","7":"product_cat-bavlnene-povleceni-200-220","8":"product_cat-povleceni","9":"product_cat-sady-povleceni","10":"product_cat-satenove-lozni-povleceni","11":"product_cat-satenove-povleceni","13":"first","14":"instock","15":"shipping-taxable","16":"purchasable","17":"product-type-simple"},"yoast_head":"<!-- This site is optimized with the Yoast SEO plugin v27.3 - https:\/\/yoast.com\/product\/yoast-seo-wordpress\/ -->\n<title>Sada sat\u00e9nov\u00e9ho povle\u010den\u00ed | Delhi | AZTEX<\/title>\n<meta name=\"description\" content=\"Sada sat\u00e9nov\u00e9ho povle\u010den\u00ed 100% bavln\u011bn\u00e9ho sat\u00e9nu s elegantn\u00edmi levandulov\u00fdmi vzory p\u0159in\u00e1\u0161\u00ed do va\u0161\u00ed lo\u017enice eleganci inspirovanou p\u0159\u00edrodou. ....\" \/>\n<meta name=\"robots\" content=\"index, follow, max-snippet:-1, max-image-preview:large, max-video-preview:-1\" \/>\n<link rel=\"canonical\" href=\"https:\/\/aztex.ee\/cs\/pood\/povleceni\/sada-satenoveho-povleceni-delhi\/\" \/>\n<meta property=\"og:locale\" content=\"cs_CZ\" \/>\n<meta property=\"og:type\" content=\"article\" \/>\n<meta property=\"og:title\" content=\"Sada sat\u00e9nov\u00e9ho povle\u010den\u00ed | Delhi | AZTEX\" \/>\n<meta property=\"og:description\" content=\"Sada sat\u00e9nov\u00e9ho povle\u010den\u00ed 100% bavln\u011bn\u00e9ho sat\u00e9nu s elegantn\u00edmi levandulov\u00fdmi vzory p\u0159in\u00e1\u0161\u00ed do va\u0161\u00ed lo\u017enice eleganci inspirovanou p\u0159\u00edrodou. ....\" \/>\n<meta property=\"og:url\" content=\"https:\/\/aztex.ee\/cs\/pood\/povleceni\/sada-satenoveho-povleceni-delhi\/\" \/>\n<meta property=\"og:site_name\" content=\"AZTEX\" \/>\n<meta property=\"article:publisher\" content=\"https:\/\/www.facebook.com\/AztexEE\" \/>\n<meta property=\"article:modified_time\" content=\"2026-01-25T14:28:30+00:00\" \/>\n<meta property=\"og:image\" content=\"https:\/\/aztex.ee\/wp-content\/uploads\/2024\/09\/Satiinist-voodipesukomplekt-3-1.jpg\" \/>\n\t<meta property=\"og:image:width\" content=\"800\" \/>\n\t<meta property=\"og:image:height\" content=\"800\" \/>\n\t<meta property=\"og:image:type\" content=\"image\/jpeg\" \/>\n<meta name=\"twitter:card\" content=\"summary_large_image\" \/>\n<meta name=\"twitter:label1\" content=\"Odhadovan\u00e1 doba \u010dten\u00ed\" \/>\n\t<meta name=\"twitter:data1\" content=\"1 minuta\" \/>\n<script type=\"application\/ld+json\" class=\"yoast-schema-graph\">{\"@context\":\"https:\\\/\\\/schema.org\",\"@graph\":[{\"@type\":[\"WebPage\",\"ItemPage\"],\"@id\":\"https:\\\/\\\/aztex.ee\\\/cs\\\/pood\\\/povleceni\\\/sada-satenoveho-povleceni-delhi\\\/\",\"url\":\"https:\\\/\\\/aztex.ee\\\/cs\\\/pood\\\/povleceni\\\/sada-satenoveho-povleceni-delhi\\\/\",\"name\":\"Sada sat\u00e9nov\u00e9ho povle\u010den\u00ed | Delhi | AZTEX\",\"isPartOf\":{\"@id\":\"https:\\\/\\\/aztex.ee\\\/cs\\\/#website\"},\"primaryImageOfPage\":{\"@id\":\"https:\\\/\\\/aztex.ee\\\/cs\\\/pood\\\/povleceni\\\/sada-satenoveho-povleceni-delhi\\\/#primaryimage\"},\"image\":{\"@id\":\"https:\\\/\\\/aztex.ee\\\/cs\\\/pood\\\/povleceni\\\/sada-satenoveho-povleceni-delhi\\\/#primaryimage\"},\"thumbnailUrl\":\"https:\\\/\\\/aztex.ee\\\/wp-content\\\/uploads\\\/2024\\\/09\\\/Satiinist-voodipesukomplekt-3-1.jpg\",\"datePublished\":\"2024-09-29T09:55:02+00:00\",\"dateModified\":\"2026-01-25T14:28:30+00:00\",\"description\":\"Sada sat\u00e9nov\u00e9ho povle\u010den\u00ed 100% bavln\u011bn\u00e9ho sat\u00e9nu s elegantn\u00edmi levandulov\u00fdmi vzory p\u0159in\u00e1\u0161\u00ed do va\u0161\u00ed lo\u017enice eleganci inspirovanou p\u0159\u00edrodou. ....\",\"breadcrumb\":{\"@id\":\"https:\\\/\\\/aztex.ee\\\/cs\\\/pood\\\/povleceni\\\/sada-satenoveho-povleceni-delhi\\\/#breadcrumb\"},\"inLanguage\":\"cs\",\"potentialAction\":[{\"@type\":\"ReadAction\",\"target\":[\"https:\\\/\\\/aztex.ee\\\/cs\\\/pood\\\/povleceni\\\/sada-satenoveho-povleceni-delhi\\\/\"]}]},{\"@type\":\"ImageObject\",\"inLanguage\":\"cs\",\"@id\":\"https:\\\/\\\/aztex.ee\\\/cs\\\/pood\\\/povleceni\\\/sada-satenoveho-povleceni-delhi\\\/#primaryimage\",\"url\":\"https:\\\/\\\/aztex.ee\\\/wp-content\\\/uploads\\\/2024\\\/09\\\/Satiinist-voodipesukomplekt-3-1.jpg\",\"contentUrl\":\"https:\\\/\\\/aztex.ee\\\/wp-content\\\/uploads\\\/2024\\\/09\\\/Satiinist-voodipesukomplekt-3-1.jpg\",\"width\":800,\"height\":800},{\"@type\":\"BreadcrumbList\",\"@id\":\"https:\\\/\\\/aztex.ee\\\/cs\\\/pood\\\/povleceni\\\/sada-satenoveho-povleceni-delhi\\\/#breadcrumb\",\"itemListElement\":[{\"@type\":\"ListItem\",\"position\":1,\"name\":\"Dom\u016f\",\"item\":\"https:\\\/\\\/aztex.ee\\\/cs\\\/\"},{\"@type\":\"ListItem\",\"position\":2,\"name\":\"Obchod\",\"item\":\"https:\\\/\\\/aztex.ee\\\/cs\\\/obchod\\\/\"},{\"@type\":\"ListItem\",\"position\":3,\"name\":\"Sada sat\u00e9nov\u00e9ho povle\u010den\u00ed | Delhi\"}]},{\"@type\":\"WebSite\",\"@id\":\"https:\\\/\\\/aztex.ee\\\/cs\\\/#website\",\"url\":\"https:\\\/\\\/aztex.ee\\\/cs\\\/\",\"name\":\"AZTEX\",\"description\":\"\",\"publisher\":{\"@id\":\"https:\\\/\\\/aztex.ee\\\/cs\\\/#organization\"},\"potentialAction\":[{\"@type\":\"SearchAction\",\"target\":{\"@type\":\"EntryPoint\",\"urlTemplate\":\"https:\\\/\\\/aztex.ee\\\/cs\\\/?s={search_term_string}\"},\"query-input\":{\"@type\":\"PropertyValueSpecification\",\"valueRequired\":true,\"valueName\":\"search_term_string\"}}],\"inLanguage\":\"cs\"},{\"@type\":\"Organization\",\"@id\":\"https:\\\/\\\/aztex.ee\\\/cs\\\/#organization\",\"name\":\"AZTEX\",\"url\":\"https:\\\/\\\/aztex.ee\\\/cs\\\/\",\"logo\":{\"@type\":\"ImageObject\",\"inLanguage\":\"cs\",\"@id\":\"https:\\\/\\\/aztex.ee\\\/cs\\\/#\\\/schema\\\/logo\\\/image\\\/\",\"url\":\"https:\\\/\\\/aztex.ee\\\/wp-content\\\/uploads\\\/2026\\\/01\\\/AZTEX.png\",\"contentUrl\":\"https:\\\/\\\/aztex.ee\\\/wp-content\\\/uploads\\\/2026\\\/01\\\/AZTEX.png\",\"width\":500,\"height\":500,\"caption\":\"AZTEX\"},\"image\":{\"@id\":\"https:\\\/\\\/aztex.ee\\\/cs\\\/#\\\/schema\\\/logo\\\/image\\\/\"},\"sameAs\":[\"https:\\\/\\\/www.facebook.com\\\/AztexEE\",\"https:\\\/\\\/www.instagram.com\\\/aztexeesti\\\/\",\"https:\\\/\\\/www.youtube.com\\\/@AZTEXEE\",\"https:\\\/\\\/www.pinterest.com\\\/aztex_eesti\\\/\",\"https:\\\/\\\/www.tiktok.com\\\/@aztexeesti\",\"https:\\\/\\\/www.trustpilot.com\\\/review\\\/aztex.ee\",\"https:\\\/\\\/www.linkedin.com\\\/company\\\/aztex-ee\\\/\",\"https:\\\/\\\/www.wikidata.org\\\/wiki\\\/Q137560182\"]}]}<\/script>\n<!-- \/ Yoast SEO plugin. -->","yoast_head_json":{"title":"Sada sat\u00e9nov\u00e9ho povle\u010den\u00ed | Delhi | AZTEX","description":"Sada sat\u00e9nov\u00e9ho povle\u010den\u00ed 100% bavln\u011bn\u00e9ho sat\u00e9nu s elegantn\u00edmi levandulov\u00fdmi vzory p\u0159in\u00e1\u0161\u00ed do va\u0161\u00ed lo\u017enice eleganci inspirovanou p\u0159\u00edrodou. ....","robots":{"index":"index","follow":"follow","max-snippet":"max-snippet:-1","max-image-preview":"max-image-preview:large","max-video-preview":"max-video-preview:-1"},"canonical":"https:\/\/aztex.ee\/cs\/pood\/povleceni\/sada-satenoveho-povleceni-delhi\/","og_locale":"cs_CZ","og_type":"article","og_title":"Sada sat\u00e9nov\u00e9ho povle\u010den\u00ed | Delhi | AZTEX","og_description":"Sada sat\u00e9nov\u00e9ho povle\u010den\u00ed 100% bavln\u011bn\u00e9ho sat\u00e9nu s elegantn\u00edmi levandulov\u00fdmi vzory p\u0159in\u00e1\u0161\u00ed do va\u0161\u00ed lo\u017enice eleganci inspirovanou p\u0159\u00edrodou. ....","og_url":"https:\/\/aztex.ee\/cs\/pood\/povleceni\/sada-satenoveho-povleceni-delhi\/","og_site_name":"AZTEX","article_publisher":"https:\/\/www.facebook.com\/AztexEE","article_modified_time":"2026-01-25T14:28:30+00:00","og_image":[{"width":800,"height":800,"url":"https:\/\/aztex.ee\/wp-content\/uploads\/2024\/09\/Satiinist-voodipesukomplekt-3-1.jpg","type":"image\/jpeg"}],"twitter_card":"summary_large_image","twitter_misc":{"Odhadovan\u00e1 doba \u010dten\u00ed":"1 minuta"},"schema":{"@context":"https:\/\/schema.org","@graph":[{"@type":["WebPage","ItemPage"],"@id":"https:\/\/aztex.ee\/cs\/pood\/povleceni\/sada-satenoveho-povleceni-delhi\/","url":"https:\/\/aztex.ee\/cs\/pood\/povleceni\/sada-satenoveho-povleceni-delhi\/","name":"Sada sat\u00e9nov\u00e9ho povle\u010den\u00ed | Delhi | AZTEX","isPartOf":{"@id":"https:\/\/aztex.ee\/cs\/#website"},"primaryImageOfPage":{"@id":"https:\/\/aztex.ee\/cs\/pood\/povleceni\/sada-satenoveho-povleceni-delhi\/#primaryimage"},"image":{"@id":"https:\/\/aztex.ee\/cs\/pood\/povleceni\/sada-satenoveho-povleceni-delhi\/#primaryimage"},"thumbnailUrl":"https:\/\/aztex.ee\/wp-content\/uploads\/2024\/09\/Satiinist-voodipesukomplekt-3-1.jpg","datePublished":"2024-09-29T09:55:02+00:00","dateModified":"2026-01-25T14:28:30+00:00","description":"Sada sat\u00e9nov\u00e9ho povle\u010den\u00ed 100% bavln\u011bn\u00e9ho sat\u00e9nu s elegantn\u00edmi levandulov\u00fdmi vzory p\u0159in\u00e1\u0161\u00ed do va\u0161\u00ed lo\u017enice eleganci inspirovanou p\u0159\u00edrodou. ....","breadcrumb":{"@id":"https:\/\/aztex.ee\/cs\/pood\/povleceni\/sada-satenoveho-povleceni-delhi\/#breadcrumb"},"inLanguage":"cs","potentialAction":[{"@type":"ReadAction","target":["https:\/\/aztex.ee\/cs\/pood\/povleceni\/sada-satenoveho-povleceni-delhi\/"]}]},{"@type":"ImageObject","inLanguage":"cs","@id":"https:\/\/aztex.ee\/cs\/pood\/povleceni\/sada-satenoveho-povleceni-delhi\/#primaryimage","url":"https:\/\/aztex.ee\/wp-content\/uploads\/2024\/09\/Satiinist-voodipesukomplekt-3-1.jpg","contentUrl":"https:\/\/aztex.ee\/wp-content\/uploads\/2024\/09\/Satiinist-voodipesukomplekt-3-1.jpg","width":800,"height":800},{"@type":"BreadcrumbList","@id":"https:\/\/aztex.ee\/cs\/pood\/povleceni\/sada-satenoveho-povleceni-delhi\/#breadcrumb","itemListElement":[{"@type":"ListItem","position":1,"name":"Dom\u016f","item":"https:\/\/aztex.ee\/cs\/"},{"@type":"ListItem","position":2,"name":"Obchod","item":"https:\/\/aztex.ee\/cs\/obchod\/"},{"@type":"ListItem","position":3,"name":"Sada sat\u00e9nov\u00e9ho povle\u010den\u00ed | Delhi"}]},{"@type":"WebSite","@id":"https:\/\/aztex.ee\/cs\/#website","url":"https:\/\/aztex.ee\/cs\/","name":"AZTEX","description":"","publisher":{"@id":"https:\/\/aztex.ee\/cs\/#organization"},"potentialAction":[{"@type":"SearchAction","target":{"@type":"EntryPoint","urlTemplate":"https:\/\/aztex.ee\/cs\/?s={search_term_string}"},"query-input":{"@type":"PropertyValueSpecification","valueRequired":true,"valueName":"search_term_string"}}],"inLanguage":"cs"},{"@type":"Organization","@id":"https:\/\/aztex.ee\/cs\/#organization","name":"AZTEX","url":"https:\/\/aztex.ee\/cs\/","logo":{"@type":"ImageObject","inLanguage":"cs","@id":"https:\/\/aztex.ee\/cs\/#\/schema\/logo\/image\/","url":"https:\/\/aztex.ee\/wp-content\/uploads\/2026\/01\/AZTEX.png","contentUrl":"https:\/\/aztex.ee\/wp-content\/uploads\/2026\/01\/AZTEX.png","width":500,"height":500,"caption":"AZTEX"},"image":{"@id":"https:\/\/aztex.ee\/cs\/#\/schema\/logo\/image\/"},"sameAs":["https:\/\/www.facebook.com\/AztexEE","https:\/\/www.instagram.com\/aztexeesti\/","https:\/\/www.youtube.com\/@AZTEXEE","https:\/\/www.pinterest.com\/aztex_eesti\/","https:\/\/www.tiktok.com\/@aztexeesti","https:\/\/www.trustpilot.com\/review\/aztex.ee","https:\/\/www.linkedin.com\/company\/aztex-ee\/","https:\/\/www.wikidata.org\/wiki\/Q137560182"]}]}},"_links":{"self":[{"href":"https:\/\/aztex.ee\/cs\/wp-json\/wp\/v2\/product\/25018","targetHints":{"allow":["GET"]}}],"collection":[{"href":"https:\/\/aztex.ee\/cs\/wp-json\/wp\/v2\/product"}],"about":[{"href":"https:\/\/aztex.ee\/cs\/wp-json\/wp\/v2\/types\/product"}],"replies":[{"embeddable":true,"href":"https:\/\/aztex.ee\/cs\/wp-json\/wp\/v2\/comments?post=25018"}],"version-history":[{"count":0,"href":"https:\/\/aztex.ee\/cs\/wp-json\/wp\/v2\/product\/25018\/revisions"}],"wp:featuredmedia":[{"embeddable":true,"href":"https:\/\/aztex.ee\/cs\/wp-json\/wp\/v2\/media\/25060"}],"wp:attachment":[{"href":"https:\/\/aztex.ee\/cs\/wp-json\/wp\/v2\/media?parent=25018"}],"wp:term":[{"taxonomy":"product_brand","embeddable":true,"href":"https:\/\/aztex.ee\/cs\/wp-json\/wp\/v2\/product_brand?post=25018"},{"taxonomy":"product_cat","embeddable":true,"href":"https:\/\/aztex.ee\/cs\/wp-json\/wp\/v2\/product_cat?post=25018"},{"taxonomy":"product_tag","embeddable":true,"href":"https:\/\/aztex.ee\/cs\/wp-json\/wp\/v2\/product_tag?post=25018"}],"curies":[{"name":"wp","href":"https:\/\/api.w.org\/{rel}","templated":true}]}}