{"id":23887,"date":"2024-09-18T08:07:23","date_gmt":"2024-09-18T08:07:23","guid":{"rendered":"https:\/\/aztex.ee\/pood\/neza\u0159azen\u00e9\/voodipesukomplekt-botany\/"},"modified":"2026-01-21T13:19:14","modified_gmt":"2026-01-21T13:19:14","slug":"povleceni-botany","status":"publish","type":"product","link":"https:\/\/aztex.ee\/cs\/pood\/povleceni\/povleceni-botany\/","title":{"rendered":"Povle\u010den\u00ed | Botany"},"content":{"rendered":"<p>Povle\u010den\u00ed z egyptsk\u00e9 bavlny p\u0159in\u00e1\u0161\u00ed luxus a pohodl\u00ed do va\u0161\u00ed lo\u017enice. Tento set vyroben\u00fd ze 100% egyptsk\u00e9 bavlny, zn\u00e1m\u00e9 pro svou v\u00fdjime\u010dnou kvalitu a odolnost, v\u00e1m zajist\u00ed ten nejlep\u0161\u00ed z\u00e1\u017eitek ze sp\u00e1nku.<br \/>\nSada povle\u010den\u00ed z egyptsk\u00e9 bavlny nab\u00edz\u00ed maxim\u00e1ln\u00ed luxus a pohodl\u00ed, d\u00edky nim\u017e bude ka\u017ed\u00fd ve\u010der v\u00fdjime\u010dn\u00fd. Jeho m\u011bkk\u00e1 a prody\u0161n\u00e1 tkanina zaji\u0161\u0165uje klidn\u00fd sp\u00e1nek a elegantn\u00ed vzhled dod\u00e1 va\u0161\u00ed lo\u017enici styl. Vyberte si egyptskou bavlnu a u\u017eijte si kvalitu, kter\u00e1 vydr\u017e\u00ed roky.<\/p>\n","protected":false},"excerpt":{"rendered":"<p>Tato sada povle\u010den\u00ed obohat\u00ed va\u0161i lo\u017enici eleganc\u00ed a pohodl\u00edm.<\/p>\n<ul>\n<li>Materi\u00e1l: 100% Egyptsk\u00e1 bavlna<\/li>\n<li>L\u00e1tka: Mako sat\u00e9n<\/li>\n<li>Po\u010det vl\u00e1ken: 300 TC<\/li>\n<li>Povlak na pe\u0159inu: 200\u00d7220 cm<\/li>\n<li>Povlak na pol\u0161t\u00e1\u0159: 50\u00d775 cm (2ks)<\/li>\n<li>Prost\u011bradlo: Nen\u00ed sou\u010d\u00e1st\u00ed<\/li>\n<li>Komfort: Prody\u0161n\u00e1 a m\u011bkk\u00e1 textura<\/li>\n<\/ul>\n<p><img loading=\"lazy\" decoding=\"async\" class=\"alignnone wp-image-21477\" src=\"https:\/\/aztex.ee\/wp-content\/uploads\/2024\/09\/cotton-sertifika.png\" alt=\"\" width=\"196\" height=\"67\" srcset=\"https:\/\/aztex.ee\/wp-content\/uploads\/2024\/09\/cotton-sertifika.png 250w, https:\/\/aztex.ee\/wp-content\/uploads\/2024\/09\/cotton-sertifika-150x51.png 150w\" sizes=\"auto, (max-width: 196px) 100vw, 196px\" \/><\/p>\n","protected":false},"featured_media":23888,"comment_status":"open","ping_status":"closed","template":"","meta":[],"product_brand":[],"product_cat":[365,367,364,360,494,595,375],"product_tag":[],"class_list":{"0":"post-23887","1":"product","2":"type-product","3":"status-publish","4":"has-post-thumbnail","6":"product_cat-bavlnene-povleceni","7":"product_cat-bavlnene-povleceni-200-220","8":"product_cat-mako-satenove-povleceni","9":"product_cat-povleceni","10":"product_cat-sady-povleceni","11":"product_cat-satenove-lozni-povleceni","12":"product_cat-satenove-povleceni","14":"first","15":"instock","16":"shipping-taxable","17":"purchasable","18":"product-type-simple"},"yoast_head":"<!-- This site is optimized with the Yoast SEO plugin v27.3 - https:\/\/yoast.com\/product\/yoast-seo-wordpress\/ -->\n<title>Povle\u010den\u00ed | Botany | AZTEX<\/title>\n<meta name=\"description\" content=\"Vneste p\u0159\u00edrodu do sv\u00e9 lo\u017enice s lo\u017en\u00edm pr\u00e1dlem Botany. Vyrobeno ze 100% kvalitn\u00ed bavlny s jemn\u00fdm sat\u00e9nov\u00fdm,... 100% bavlna povle\u010den\u00ed sat\u00e9nov\u00e9 povle\u010den\u00ed\" \/>\n<meta name=\"robots\" content=\"index, follow, max-snippet:-1, max-image-preview:large, max-video-preview:-1\" \/>\n<link rel=\"canonical\" href=\"https:\/\/aztex.ee\/cs\/pood\/povleceni\/povleceni-botany\/\" \/>\n<meta property=\"og:locale\" content=\"cs_CZ\" \/>\n<meta property=\"og:type\" content=\"article\" \/>\n<meta property=\"og:title\" content=\"Povle\u010den\u00ed | Botany | AZTEX\" \/>\n<meta property=\"og:description\" content=\"Vneste p\u0159\u00edrodu do sv\u00e9 lo\u017enice s lo\u017en\u00edm pr\u00e1dlem Botany. Vyrobeno ze 100% kvalitn\u00ed bavlny s jemn\u00fdm sat\u00e9nov\u00fdm,... 100% bavlna povle\u010den\u00ed sat\u00e9nov\u00e9 povle\u010den\u00ed\" \/>\n<meta property=\"og:url\" content=\"https:\/\/aztex.ee\/cs\/pood\/povleceni\/povleceni-botany\/\" \/>\n<meta property=\"og:site_name\" content=\"AZTEX\" \/>\n<meta property=\"article:publisher\" content=\"https:\/\/www.facebook.com\/AztexEE\" \/>\n<meta property=\"article:modified_time\" content=\"2026-01-21T13:19:14+00:00\" \/>\n<meta property=\"og:image\" content=\"https:\/\/aztex.ee\/wp-content\/uploads\/2024\/09\/Voodipesukomplekt-1.jpg\" \/>\n\t<meta property=\"og:image:width\" content=\"800\" \/>\n\t<meta property=\"og:image:height\" content=\"800\" \/>\n\t<meta property=\"og:image:type\" content=\"image\/jpeg\" \/>\n<meta name=\"twitter:card\" content=\"summary_large_image\" \/>\n<meta name=\"twitter:label1\" content=\"Odhadovan\u00e1 doba \u010dten\u00ed\" \/>\n\t<meta name=\"twitter:data1\" content=\"1 minuta\" \/>\n<script type=\"application\/ld+json\" class=\"yoast-schema-graph\">{\"@context\":\"https:\\\/\\\/schema.org\",\"@graph\":[{\"@type\":[\"WebPage\",\"ItemPage\"],\"@id\":\"https:\\\/\\\/aztex.ee\\\/cs\\\/pood\\\/povleceni\\\/povleceni-botany\\\/\",\"url\":\"https:\\\/\\\/aztex.ee\\\/cs\\\/pood\\\/povleceni\\\/povleceni-botany\\\/\",\"name\":\"Povle\u010den\u00ed | Botany | AZTEX\",\"isPartOf\":{\"@id\":\"https:\\\/\\\/aztex.ee\\\/cs\\\/#website\"},\"primaryImageOfPage\":{\"@id\":\"https:\\\/\\\/aztex.ee\\\/cs\\\/pood\\\/povleceni\\\/povleceni-botany\\\/#primaryimage\"},\"image\":{\"@id\":\"https:\\\/\\\/aztex.ee\\\/cs\\\/pood\\\/povleceni\\\/povleceni-botany\\\/#primaryimage\"},\"thumbnailUrl\":\"https:\\\/\\\/aztex.ee\\\/wp-content\\\/uploads\\\/2024\\\/09\\\/Voodipesukomplekt-1.jpg\",\"datePublished\":\"2024-09-18T08:07:23+00:00\",\"dateModified\":\"2026-01-21T13:19:14+00:00\",\"description\":\"Vneste p\u0159\u00edrodu do sv\u00e9 lo\u017enice s lo\u017en\u00edm pr\u00e1dlem Botany. Vyrobeno ze 100% kvalitn\u00ed bavlny s jemn\u00fdm sat\u00e9nov\u00fdm,... 100% bavlna povle\u010den\u00ed sat\u00e9nov\u00e9 povle\u010den\u00ed\",\"breadcrumb\":{\"@id\":\"https:\\\/\\\/aztex.ee\\\/cs\\\/pood\\\/povleceni\\\/povleceni-botany\\\/#breadcrumb\"},\"inLanguage\":\"cs\",\"potentialAction\":[{\"@type\":\"ReadAction\",\"target\":[\"https:\\\/\\\/aztex.ee\\\/cs\\\/pood\\\/povleceni\\\/povleceni-botany\\\/\"]}]},{\"@type\":\"ImageObject\",\"inLanguage\":\"cs\",\"@id\":\"https:\\\/\\\/aztex.ee\\\/cs\\\/pood\\\/povleceni\\\/povleceni-botany\\\/#primaryimage\",\"url\":\"https:\\\/\\\/aztex.ee\\\/wp-content\\\/uploads\\\/2024\\\/09\\\/Voodipesukomplekt-1.jpg\",\"contentUrl\":\"https:\\\/\\\/aztex.ee\\\/wp-content\\\/uploads\\\/2024\\\/09\\\/Voodipesukomplekt-1.jpg\",\"width\":800,\"height\":800},{\"@type\":\"BreadcrumbList\",\"@id\":\"https:\\\/\\\/aztex.ee\\\/cs\\\/pood\\\/povleceni\\\/povleceni-botany\\\/#breadcrumb\",\"itemListElement\":[{\"@type\":\"ListItem\",\"position\":1,\"name\":\"Dom\u016f\",\"item\":\"https:\\\/\\\/aztex.ee\\\/cs\\\/\"},{\"@type\":\"ListItem\",\"position\":2,\"name\":\"Obchod\",\"item\":\"https:\\\/\\\/aztex.ee\\\/cs\\\/obchod\\\/\"},{\"@type\":\"ListItem\",\"position\":3,\"name\":\"Povle\u010den\u00ed | Botany\"}]},{\"@type\":\"WebSite\",\"@id\":\"https:\\\/\\\/aztex.ee\\\/cs\\\/#website\",\"url\":\"https:\\\/\\\/aztex.ee\\\/cs\\\/\",\"name\":\"AZTEX\",\"description\":\"\",\"publisher\":{\"@id\":\"https:\\\/\\\/aztex.ee\\\/cs\\\/#organization\"},\"potentialAction\":[{\"@type\":\"SearchAction\",\"target\":{\"@type\":\"EntryPoint\",\"urlTemplate\":\"https:\\\/\\\/aztex.ee\\\/cs\\\/?s={search_term_string}\"},\"query-input\":{\"@type\":\"PropertyValueSpecification\",\"valueRequired\":true,\"valueName\":\"search_term_string\"}}],\"inLanguage\":\"cs\"},{\"@type\":\"Organization\",\"@id\":\"https:\\\/\\\/aztex.ee\\\/cs\\\/#organization\",\"name\":\"AZTEX\",\"url\":\"https:\\\/\\\/aztex.ee\\\/cs\\\/\",\"logo\":{\"@type\":\"ImageObject\",\"inLanguage\":\"cs\",\"@id\":\"https:\\\/\\\/aztex.ee\\\/cs\\\/#\\\/schema\\\/logo\\\/image\\\/\",\"url\":\"https:\\\/\\\/aztex.ee\\\/wp-content\\\/uploads\\\/2026\\\/01\\\/AZTEX.png\",\"contentUrl\":\"https:\\\/\\\/aztex.ee\\\/wp-content\\\/uploads\\\/2026\\\/01\\\/AZTEX.png\",\"width\":500,\"height\":500,\"caption\":\"AZTEX\"},\"image\":{\"@id\":\"https:\\\/\\\/aztex.ee\\\/cs\\\/#\\\/schema\\\/logo\\\/image\\\/\"},\"sameAs\":[\"https:\\\/\\\/www.facebook.com\\\/AztexEE\",\"https:\\\/\\\/www.instagram.com\\\/aztexeesti\\\/\",\"https:\\\/\\\/www.youtube.com\\\/@AZTEXEE\",\"https:\\\/\\\/www.pinterest.com\\\/aztex_eesti\\\/\",\"https:\\\/\\\/www.tiktok.com\\\/@aztexeesti\",\"https:\\\/\\\/www.trustpilot.com\\\/review\\\/aztex.ee\",\"https:\\\/\\\/www.linkedin.com\\\/company\\\/aztex-ee\\\/\",\"https:\\\/\\\/www.wikidata.org\\\/wiki\\\/Q137560182\"]}]}<\/script>\n<!-- \/ Yoast SEO plugin. -->","yoast_head_json":{"title":"Povle\u010den\u00ed | Botany | AZTEX","description":"Vneste p\u0159\u00edrodu do sv\u00e9 lo\u017enice s lo\u017en\u00edm pr\u00e1dlem Botany. Vyrobeno ze 100% kvalitn\u00ed bavlny s jemn\u00fdm sat\u00e9nov\u00fdm,... 100% bavlna povle\u010den\u00ed sat\u00e9nov\u00e9 povle\u010den\u00ed","robots":{"index":"index","follow":"follow","max-snippet":"max-snippet:-1","max-image-preview":"max-image-preview:large","max-video-preview":"max-video-preview:-1"},"canonical":"https:\/\/aztex.ee\/cs\/pood\/povleceni\/povleceni-botany\/","og_locale":"cs_CZ","og_type":"article","og_title":"Povle\u010den\u00ed | Botany | AZTEX","og_description":"Vneste p\u0159\u00edrodu do sv\u00e9 lo\u017enice s lo\u017en\u00edm pr\u00e1dlem Botany. Vyrobeno ze 100% kvalitn\u00ed bavlny s jemn\u00fdm sat\u00e9nov\u00fdm,... 100% bavlna povle\u010den\u00ed sat\u00e9nov\u00e9 povle\u010den\u00ed","og_url":"https:\/\/aztex.ee\/cs\/pood\/povleceni\/povleceni-botany\/","og_site_name":"AZTEX","article_publisher":"https:\/\/www.facebook.com\/AztexEE","article_modified_time":"2026-01-21T13:19:14+00:00","og_image":[{"width":800,"height":800,"url":"https:\/\/aztex.ee\/wp-content\/uploads\/2024\/09\/Voodipesukomplekt-1.jpg","type":"image\/jpeg"}],"twitter_card":"summary_large_image","twitter_misc":{"Odhadovan\u00e1 doba \u010dten\u00ed":"1 minuta"},"schema":{"@context":"https:\/\/schema.org","@graph":[{"@type":["WebPage","ItemPage"],"@id":"https:\/\/aztex.ee\/cs\/pood\/povleceni\/povleceni-botany\/","url":"https:\/\/aztex.ee\/cs\/pood\/povleceni\/povleceni-botany\/","name":"Povle\u010den\u00ed | Botany | AZTEX","isPartOf":{"@id":"https:\/\/aztex.ee\/cs\/#website"},"primaryImageOfPage":{"@id":"https:\/\/aztex.ee\/cs\/pood\/povleceni\/povleceni-botany\/#primaryimage"},"image":{"@id":"https:\/\/aztex.ee\/cs\/pood\/povleceni\/povleceni-botany\/#primaryimage"},"thumbnailUrl":"https:\/\/aztex.ee\/wp-content\/uploads\/2024\/09\/Voodipesukomplekt-1.jpg","datePublished":"2024-09-18T08:07:23+00:00","dateModified":"2026-01-21T13:19:14+00:00","description":"Vneste p\u0159\u00edrodu do sv\u00e9 lo\u017enice s lo\u017en\u00edm pr\u00e1dlem Botany. Vyrobeno ze 100% kvalitn\u00ed bavlny s jemn\u00fdm sat\u00e9nov\u00fdm,... 100% bavlna povle\u010den\u00ed sat\u00e9nov\u00e9 povle\u010den\u00ed","breadcrumb":{"@id":"https:\/\/aztex.ee\/cs\/pood\/povleceni\/povleceni-botany\/#breadcrumb"},"inLanguage":"cs","potentialAction":[{"@type":"ReadAction","target":["https:\/\/aztex.ee\/cs\/pood\/povleceni\/povleceni-botany\/"]}]},{"@type":"ImageObject","inLanguage":"cs","@id":"https:\/\/aztex.ee\/cs\/pood\/povleceni\/povleceni-botany\/#primaryimage","url":"https:\/\/aztex.ee\/wp-content\/uploads\/2024\/09\/Voodipesukomplekt-1.jpg","contentUrl":"https:\/\/aztex.ee\/wp-content\/uploads\/2024\/09\/Voodipesukomplekt-1.jpg","width":800,"height":800},{"@type":"BreadcrumbList","@id":"https:\/\/aztex.ee\/cs\/pood\/povleceni\/povleceni-botany\/#breadcrumb","itemListElement":[{"@type":"ListItem","position":1,"name":"Dom\u016f","item":"https:\/\/aztex.ee\/cs\/"},{"@type":"ListItem","position":2,"name":"Obchod","item":"https:\/\/aztex.ee\/cs\/obchod\/"},{"@type":"ListItem","position":3,"name":"Povle\u010den\u00ed | Botany"}]},{"@type":"WebSite","@id":"https:\/\/aztex.ee\/cs\/#website","url":"https:\/\/aztex.ee\/cs\/","name":"AZTEX","description":"","publisher":{"@id":"https:\/\/aztex.ee\/cs\/#organization"},"potentialAction":[{"@type":"SearchAction","target":{"@type":"EntryPoint","urlTemplate":"https:\/\/aztex.ee\/cs\/?s={search_term_string}"},"query-input":{"@type":"PropertyValueSpecification","valueRequired":true,"valueName":"search_term_string"}}],"inLanguage":"cs"},{"@type":"Organization","@id":"https:\/\/aztex.ee\/cs\/#organization","name":"AZTEX","url":"https:\/\/aztex.ee\/cs\/","logo":{"@type":"ImageObject","inLanguage":"cs","@id":"https:\/\/aztex.ee\/cs\/#\/schema\/logo\/image\/","url":"https:\/\/aztex.ee\/wp-content\/uploads\/2026\/01\/AZTEX.png","contentUrl":"https:\/\/aztex.ee\/wp-content\/uploads\/2026\/01\/AZTEX.png","width":500,"height":500,"caption":"AZTEX"},"image":{"@id":"https:\/\/aztex.ee\/cs\/#\/schema\/logo\/image\/"},"sameAs":["https:\/\/www.facebook.com\/AztexEE","https:\/\/www.instagram.com\/aztexeesti\/","https:\/\/www.youtube.com\/@AZTEXEE","https:\/\/www.pinterest.com\/aztex_eesti\/","https:\/\/www.tiktok.com\/@aztexeesti","https:\/\/www.trustpilot.com\/review\/aztex.ee","https:\/\/www.linkedin.com\/company\/aztex-ee\/","https:\/\/www.wikidata.org\/wiki\/Q137560182"]}]}},"_links":{"self":[{"href":"https:\/\/aztex.ee\/cs\/wp-json\/wp\/v2\/product\/23887","targetHints":{"allow":["GET"]}}],"collection":[{"href":"https:\/\/aztex.ee\/cs\/wp-json\/wp\/v2\/product"}],"about":[{"href":"https:\/\/aztex.ee\/cs\/wp-json\/wp\/v2\/types\/product"}],"replies":[{"embeddable":true,"href":"https:\/\/aztex.ee\/cs\/wp-json\/wp\/v2\/comments?post=23887"}],"version-history":[{"count":0,"href":"https:\/\/aztex.ee\/cs\/wp-json\/wp\/v2\/product\/23887\/revisions"}],"wp:featuredmedia":[{"embeddable":true,"href":"https:\/\/aztex.ee\/cs\/wp-json\/wp\/v2\/media\/23888"}],"wp:attachment":[{"href":"https:\/\/aztex.ee\/cs\/wp-json\/wp\/v2\/media?parent=23887"}],"wp:term":[{"taxonomy":"product_brand","embeddable":true,"href":"https:\/\/aztex.ee\/cs\/wp-json\/wp\/v2\/product_brand?post=23887"},{"taxonomy":"product_cat","embeddable":true,"href":"https:\/\/aztex.ee\/cs\/wp-json\/wp\/v2\/product_cat?post=23887"},{"taxonomy":"product_tag","embeddable":true,"href":"https:\/\/aztex.ee\/cs\/wp-json\/wp\/v2\/product_tag?post=23887"}],"curies":[{"name":"wp","href":"https:\/\/api.w.org\/{rel}","templated":true}]}}