{"id":107858,"date":"2026-03-20T20:47:34","date_gmt":"2026-03-20T20:47:34","guid":{"rendered":"https:\/\/aztex.ee\/?post_type=product&#038;p=107858"},"modified":"2026-03-20T20:57:29","modified_gmt":"2026-03-20T20:57:29","slug":"bambusove-prosteradlo-modra","status":"publish","type":"product","link":"https:\/\/aztex.ee\/cs\/pood\/bambusove-prosteradla\/bambusove-prosteradlo-modra\/","title":{"rendered":"Bambusov\u00e9 prost\u011bradlo \u2013 Modr\u00e1"},"content":{"rendered":"<p>Bambus je p\u0159irozen\u011b m\u011bkk\u00fd, prody\u0161n\u00fd a odoln\u00fd, tak\u017ee je ide\u00e1ln\u00ed volbou pro bytov\u00fd textil. Bambusov\u00e1 vl\u00e1kna jsou hedv\u00e1bn\u011b hladk\u00e1 a jemn\u011b p\u0159il\u00e9haj\u00ed k poko\u017ece a poskytuj\u00ed luxusn\u00ed pohodl\u00ed p\u0159i ka\u017edodenn\u00edm pou\u017e\u00edv\u00e1n\u00ed. Tento materi\u00e1l nav\u00edc v\u00fdborn\u011b absorbuje vlhkost, pom\u00e1h\u00e1 udr\u017eovat poko\u017eku v suchu a zaji\u0161\u0165uje sv\u011b\u017e\u00ed pocit po celou noc.<\/p>\n<p>Jednou ze speci\u00e1ln\u00edch vlastnost\u00ed bambusu jsou jeho p\u0159irozen\u00e9 antibakteri\u00e1ln\u00ed a hypoalergenn\u00ed vlastnosti. To pom\u00e1h\u00e1 omezit \u0161\u00ed\u0159en\u00ed nep\u0159\u00edjemn\u00fdch pach\u016f a bakteri\u00ed, d\u00edky \u010demu\u017e jsou v\u00fdrobky vyroben\u00e9 z bambusu vhodn\u00e9 zejm\u00e9na pro osoby s citlivou poko\u017ekou. Bambusov\u00e1 vl\u00e1kna nav\u00edc dok\u00e1\u017eou regulovat teplotu a poskytuj\u00ed chlad v l\u00e9t\u011b a teplo v zim\u011b.<\/p>\n<p>Bambus je tak\u00e9 udr\u017eiteln\u00fd materi\u00e1l, kter\u00fd rychle roste a ke sv\u00e9mu r\u016fstu vy\u017eaduje podstatn\u011b m\u00e9n\u011b vody ne\u017e mnoho jin\u00fdch vl\u00e1ken. D\u00edky tomu jsou bambusov\u00e9 textilie ekologickou volbou, kter\u00e1 kombinuje \u017eivotn\u00ed styl bl\u00edzk\u00fd p\u0159\u00edrod\u011b s pr\u00e9miov\u00fdm komfortem.<\/p>\n","protected":false},"excerpt":{"rendered":"<p>Bambusov\u00e9 prost\u011bradlo zaji\u0161\u0165uje sv\u011b\u017e\u00ed sp\u00e1nek, je antibakteri\u00e1ln\u00ed a hedv\u00e1bn\u011b jemn\u00e9.<\/p>\n<ul>\n<li>Barva: Modr\u00e1<\/li>\n<li>Materi\u00e1l: 100% bambus<\/li>\n<li>Po\u010det vl\u00e1ken: 300 TC<\/li>\n<li>Rozm\u011br: 220&#215;240 cm \u00b13<\/li>\n<\/ul>\n<p><img loading=\"lazy\" decoding=\"async\" class=\"alignnone wp-image-20226\" src=\"https:\/\/aztex.ee\/wp-content\/uploads\/2024\/09\/oekotex100.png\" alt=\"\" width=\"196\" height=\"69\" srcset=\"https:\/\/aztex.ee\/wp-content\/uploads\/2024\/09\/oekotex100.png 204w, https:\/\/aztex.ee\/wp-content\/uploads\/2024\/09\/oekotex100-150x53.png 150w\" sizes=\"auto, (max-width: 196px) 100vw, 196px\" \/><img loading=\"lazy\" decoding=\"async\" class=\"alignnone wp-image-20260\" src=\"https:\/\/aztex.ee\/wp-content\/uploads\/2024\/09\/bambuuss.png\" alt=\"\" width=\"75\" height=\"75\" srcset=\"https:\/\/aztex.ee\/wp-content\/uploads\/2024\/09\/bambuuss.png 204w, https:\/\/aztex.ee\/wp-content\/uploads\/2024\/09\/bambuuss-150x150.png 150w\" sizes=\"auto, (max-width: 75px) 100vw, 75px\" \/><\/p>\n","protected":false},"featured_media":107879,"comment_status":"open","ping_status":"closed","template":"","meta":[],"product_brand":[],"product_cat":[534,1792],"product_tag":[],"class_list":{"0":"post-107858","1":"product","2":"type-product","3":"status-publish","4":"has-post-thumbnail","6":"product_cat-bambusove-prosteradla","7":"product_cat-prosteradla","9":"first","10":"instock","11":"shipping-taxable","12":"purchasable","13":"product-type-simple"},"yoast_head":"<!-- This site is optimized with the Yoast SEO plugin v27.6 - https:\/\/yoast.com\/product\/yoast-seo-wordpress\/ -->\n<title>P\u0159\u00edrodn\u00ed bambusov\u00e9 prost\u011bradlo \u2013 Modr\u00e1 | AZTEX<\/title>\n<meta name=\"description\" content=\"M\u011bkk\u00e9 bambusov\u00e9 prost\u011bradlo nab\u00edz\u00ed p\u0159irozenou prody\u0161nost a \u0161etrnost k poko\u017ece. Vhodn\u00e9 pro citlivou ple\u0165, pom\u00e1h\u00e1 udr\u017eet sucho a podporuje klidn\u00fd sp\u00e1nek.\" \/>\n<meta name=\"robots\" content=\"index, follow, max-snippet:-1, max-image-preview:large, max-video-preview:-1\" \/>\n<link rel=\"canonical\" href=\"https:\/\/aztex.ee\/cs\/pood\/bambusove-prosteradla\/bambusove-prosteradlo-modra\/\" \/>\n<meta property=\"og:locale\" content=\"cs_CZ\" \/>\n<meta property=\"og:type\" content=\"article\" \/>\n<meta property=\"og:title\" content=\"P\u0159\u00edrodn\u00ed bambusov\u00e9 prost\u011bradlo \u2013 Modr\u00e1 | AZTEX\" \/>\n<meta property=\"og:description\" content=\"M\u011bkk\u00e9 bambusov\u00e9 prost\u011bradlo nab\u00edz\u00ed p\u0159irozenou prody\u0161nost a \u0161etrnost k poko\u017ece. Vhodn\u00e9 pro citlivou ple\u0165, pom\u00e1h\u00e1 udr\u017eet sucho a podporuje klidn\u00fd sp\u00e1nek.\" \/>\n<meta property=\"og:url\" content=\"https:\/\/aztex.ee\/cs\/pood\/bambusove-prosteradla\/bambusove-prosteradlo-modra\/\" \/>\n<meta property=\"og:site_name\" content=\"AZTEX\" \/>\n<meta property=\"article:publisher\" content=\"https:\/\/www.facebook.com\/AztexEE\" \/>\n<meta property=\"article:modified_time\" content=\"2026-03-20T20:57:29+00:00\" \/>\n<meta property=\"og:image\" content=\"https:\/\/aztex.ee\/wp-content\/uploads\/2026\/03\/Bambusest-voodilina-Sinine.jpg\" \/>\n\t<meta property=\"og:image:width\" content=\"800\" \/>\n\t<meta property=\"og:image:height\" content=\"800\" \/>\n\t<meta property=\"og:image:type\" content=\"image\/jpeg\" \/>\n<meta name=\"twitter:card\" content=\"summary_large_image\" \/>\n<meta name=\"twitter:label1\" content=\"Odhadovan\u00e1 doba \u010dten\u00ed\" \/>\n\t<meta name=\"twitter:data1\" content=\"1 minuta\" \/>\n<script type=\"application\/ld+json\" class=\"yoast-schema-graph\">{\"@context\":\"https:\\\/\\\/schema.org\",\"@graph\":[{\"@type\":[\"WebPage\",\"ItemPage\"],\"@id\":\"https:\\\/\\\/aztex.ee\\\/cs\\\/pood\\\/bambusove-prosteradla\\\/bambusove-prosteradlo-modra\\\/\",\"url\":\"https:\\\/\\\/aztex.ee\\\/cs\\\/pood\\\/bambusove-prosteradla\\\/bambusove-prosteradlo-modra\\\/\",\"name\":\"P\u0159\u00edrodn\u00ed bambusov\u00e9 prost\u011bradlo \u2013 Modr\u00e1 | AZTEX\",\"isPartOf\":{\"@id\":\"https:\\\/\\\/aztex.ee\\\/cs\\\/#website\"},\"primaryImageOfPage\":{\"@id\":\"https:\\\/\\\/aztex.ee\\\/cs\\\/pood\\\/bambusove-prosteradla\\\/bambusove-prosteradlo-modra\\\/#primaryimage\"},\"image\":{\"@id\":\"https:\\\/\\\/aztex.ee\\\/cs\\\/pood\\\/bambusove-prosteradla\\\/bambusove-prosteradlo-modra\\\/#primaryimage\"},\"thumbnailUrl\":\"https:\\\/\\\/aztex.ee\\\/wp-content\\\/uploads\\\/2026\\\/03\\\/Bambusest-voodilina-Sinine.jpg\",\"datePublished\":\"2026-03-20T20:47:34+00:00\",\"dateModified\":\"2026-03-20T20:57:29+00:00\",\"description\":\"M\u011bkk\u00e9 bambusov\u00e9 prost\u011bradlo nab\u00edz\u00ed p\u0159irozenou prody\u0161nost a \u0161etrnost k poko\u017ece. Vhodn\u00e9 pro citlivou ple\u0165, pom\u00e1h\u00e1 udr\u017eet sucho a podporuje klidn\u00fd sp\u00e1nek.\",\"breadcrumb\":{\"@id\":\"https:\\\/\\\/aztex.ee\\\/cs\\\/pood\\\/bambusove-prosteradla\\\/bambusove-prosteradlo-modra\\\/#breadcrumb\"},\"inLanguage\":\"cs\",\"potentialAction\":[{\"@type\":\"ReadAction\",\"target\":[\"https:\\\/\\\/aztex.ee\\\/cs\\\/pood\\\/bambusove-prosteradla\\\/bambusove-prosteradlo-modra\\\/\"]}]},{\"@type\":\"ImageObject\",\"inLanguage\":\"cs\",\"@id\":\"https:\\\/\\\/aztex.ee\\\/cs\\\/pood\\\/bambusove-prosteradla\\\/bambusove-prosteradlo-modra\\\/#primaryimage\",\"url\":\"https:\\\/\\\/aztex.ee\\\/wp-content\\\/uploads\\\/2026\\\/03\\\/Bambusest-voodilina-Sinine.jpg\",\"contentUrl\":\"https:\\\/\\\/aztex.ee\\\/wp-content\\\/uploads\\\/2026\\\/03\\\/Bambusest-voodilina-Sinine.jpg\",\"width\":800,\"height\":800,\"caption\":\"Bambusest voodilina Sinine\"},{\"@type\":\"BreadcrumbList\",\"@id\":\"https:\\\/\\\/aztex.ee\\\/cs\\\/pood\\\/bambusove-prosteradla\\\/bambusove-prosteradlo-modra\\\/#breadcrumb\",\"itemListElement\":[{\"@type\":\"ListItem\",\"position\":1,\"name\":\"Dom\u016f\",\"item\":\"https:\\\/\\\/aztex.ee\\\/cs\\\/\"},{\"@type\":\"ListItem\",\"position\":2,\"name\":\"Obchod\",\"item\":\"https:\\\/\\\/aztex.ee\\\/cs\\\/obchod\\\/\"},{\"@type\":\"ListItem\",\"position\":3,\"name\":\"Bambusov\u00e9 prost\u011bradlo \u2013 Modr\u00e1\"}]},{\"@type\":\"WebSite\",\"@id\":\"https:\\\/\\\/aztex.ee\\\/cs\\\/#website\",\"url\":\"https:\\\/\\\/aztex.ee\\\/cs\\\/\",\"name\":\"AZTEX\",\"description\":\"\",\"publisher\":{\"@id\":\"https:\\\/\\\/aztex.ee\\\/cs\\\/#organization\"},\"potentialAction\":[{\"@type\":\"SearchAction\",\"target\":{\"@type\":\"EntryPoint\",\"urlTemplate\":\"https:\\\/\\\/aztex.ee\\\/cs\\\/?s={search_term_string}\"},\"query-input\":{\"@type\":\"PropertyValueSpecification\",\"valueRequired\":true,\"valueName\":\"search_term_string\"}}],\"inLanguage\":\"cs\"},{\"@type\":\"Organization\",\"@id\":\"https:\\\/\\\/aztex.ee\\\/cs\\\/#organization\",\"name\":\"AZTEX\",\"url\":\"https:\\\/\\\/aztex.ee\\\/cs\\\/\",\"logo\":{\"@type\":\"ImageObject\",\"inLanguage\":\"cs\",\"@id\":\"https:\\\/\\\/aztex.ee\\\/cs\\\/#\\\/schema\\\/logo\\\/image\\\/\",\"url\":\"https:\\\/\\\/aztex.ee\\\/wp-content\\\/uploads\\\/2026\\\/01\\\/AZTEX.png\",\"contentUrl\":\"https:\\\/\\\/aztex.ee\\\/wp-content\\\/uploads\\\/2026\\\/01\\\/AZTEX.png\",\"width\":500,\"height\":500,\"caption\":\"AZTEX\"},\"image\":{\"@id\":\"https:\\\/\\\/aztex.ee\\\/cs\\\/#\\\/schema\\\/logo\\\/image\\\/\"},\"sameAs\":[\"https:\\\/\\\/www.facebook.com\\\/AztexEE\",\"https:\\\/\\\/www.instagram.com\\\/aztexeesti\\\/\",\"https:\\\/\\\/www.youtube.com\\\/@AZTEXEE\",\"https:\\\/\\\/www.pinterest.com\\\/aztex_eesti\\\/\",\"https:\\\/\\\/www.tiktok.com\\\/@aztexeesti\",\"https:\\\/\\\/www.trustpilot.com\\\/review\\\/aztex.ee\",\"https:\\\/\\\/www.linkedin.com\\\/company\\\/aztex-ee\\\/\",\"https:\\\/\\\/www.wikidata.org\\\/wiki\\\/Q137560182\"]}]}<\/script>\n<!-- \/ Yoast SEO plugin. -->","yoast_head_json":{"title":"P\u0159\u00edrodn\u00ed bambusov\u00e9 prost\u011bradlo \u2013 Modr\u00e1 | AZTEX","description":"M\u011bkk\u00e9 bambusov\u00e9 prost\u011bradlo nab\u00edz\u00ed p\u0159irozenou prody\u0161nost a \u0161etrnost k poko\u017ece. Vhodn\u00e9 pro citlivou ple\u0165, pom\u00e1h\u00e1 udr\u017eet sucho a podporuje klidn\u00fd sp\u00e1nek.","robots":{"index":"index","follow":"follow","max-snippet":"max-snippet:-1","max-image-preview":"max-image-preview:large","max-video-preview":"max-video-preview:-1"},"canonical":"https:\/\/aztex.ee\/cs\/pood\/bambusove-prosteradla\/bambusove-prosteradlo-modra\/","og_locale":"cs_CZ","og_type":"article","og_title":"P\u0159\u00edrodn\u00ed bambusov\u00e9 prost\u011bradlo \u2013 Modr\u00e1 | AZTEX","og_description":"M\u011bkk\u00e9 bambusov\u00e9 prost\u011bradlo nab\u00edz\u00ed p\u0159irozenou prody\u0161nost a \u0161etrnost k poko\u017ece. Vhodn\u00e9 pro citlivou ple\u0165, pom\u00e1h\u00e1 udr\u017eet sucho a podporuje klidn\u00fd sp\u00e1nek.","og_url":"https:\/\/aztex.ee\/cs\/pood\/bambusove-prosteradla\/bambusove-prosteradlo-modra\/","og_site_name":"AZTEX","article_publisher":"https:\/\/www.facebook.com\/AztexEE","article_modified_time":"2026-03-20T20:57:29+00:00","og_image":[{"width":800,"height":800,"url":"https:\/\/aztex.ee\/wp-content\/uploads\/2026\/03\/Bambusest-voodilina-Sinine.jpg","type":"image\/jpeg"}],"twitter_card":"summary_large_image","twitter_misc":{"Odhadovan\u00e1 doba \u010dten\u00ed":"1 minuta"},"schema":{"@context":"https:\/\/schema.org","@graph":[{"@type":["WebPage","ItemPage"],"@id":"https:\/\/aztex.ee\/cs\/pood\/bambusove-prosteradla\/bambusove-prosteradlo-modra\/","url":"https:\/\/aztex.ee\/cs\/pood\/bambusove-prosteradla\/bambusove-prosteradlo-modra\/","name":"P\u0159\u00edrodn\u00ed bambusov\u00e9 prost\u011bradlo \u2013 Modr\u00e1 | AZTEX","isPartOf":{"@id":"https:\/\/aztex.ee\/cs\/#website"},"primaryImageOfPage":{"@id":"https:\/\/aztex.ee\/cs\/pood\/bambusove-prosteradla\/bambusove-prosteradlo-modra\/#primaryimage"},"image":{"@id":"https:\/\/aztex.ee\/cs\/pood\/bambusove-prosteradla\/bambusove-prosteradlo-modra\/#primaryimage"},"thumbnailUrl":"https:\/\/aztex.ee\/wp-content\/uploads\/2026\/03\/Bambusest-voodilina-Sinine.jpg","datePublished":"2026-03-20T20:47:34+00:00","dateModified":"2026-03-20T20:57:29+00:00","description":"M\u011bkk\u00e9 bambusov\u00e9 prost\u011bradlo nab\u00edz\u00ed p\u0159irozenou prody\u0161nost a \u0161etrnost k poko\u017ece. Vhodn\u00e9 pro citlivou ple\u0165, pom\u00e1h\u00e1 udr\u017eet sucho a podporuje klidn\u00fd sp\u00e1nek.","breadcrumb":{"@id":"https:\/\/aztex.ee\/cs\/pood\/bambusove-prosteradla\/bambusove-prosteradlo-modra\/#breadcrumb"},"inLanguage":"cs","potentialAction":[{"@type":"ReadAction","target":["https:\/\/aztex.ee\/cs\/pood\/bambusove-prosteradla\/bambusove-prosteradlo-modra\/"]}]},{"@type":"ImageObject","inLanguage":"cs","@id":"https:\/\/aztex.ee\/cs\/pood\/bambusove-prosteradla\/bambusove-prosteradlo-modra\/#primaryimage","url":"https:\/\/aztex.ee\/wp-content\/uploads\/2026\/03\/Bambusest-voodilina-Sinine.jpg","contentUrl":"https:\/\/aztex.ee\/wp-content\/uploads\/2026\/03\/Bambusest-voodilina-Sinine.jpg","width":800,"height":800,"caption":"Bambusest voodilina Sinine"},{"@type":"BreadcrumbList","@id":"https:\/\/aztex.ee\/cs\/pood\/bambusove-prosteradla\/bambusove-prosteradlo-modra\/#breadcrumb","itemListElement":[{"@type":"ListItem","position":1,"name":"Dom\u016f","item":"https:\/\/aztex.ee\/cs\/"},{"@type":"ListItem","position":2,"name":"Obchod","item":"https:\/\/aztex.ee\/cs\/obchod\/"},{"@type":"ListItem","position":3,"name":"Bambusov\u00e9 prost\u011bradlo \u2013 Modr\u00e1"}]},{"@type":"WebSite","@id":"https:\/\/aztex.ee\/cs\/#website","url":"https:\/\/aztex.ee\/cs\/","name":"AZTEX","description":"","publisher":{"@id":"https:\/\/aztex.ee\/cs\/#organization"},"potentialAction":[{"@type":"SearchAction","target":{"@type":"EntryPoint","urlTemplate":"https:\/\/aztex.ee\/cs\/?s={search_term_string}"},"query-input":{"@type":"PropertyValueSpecification","valueRequired":true,"valueName":"search_term_string"}}],"inLanguage":"cs"},{"@type":"Organization","@id":"https:\/\/aztex.ee\/cs\/#organization","name":"AZTEX","url":"https:\/\/aztex.ee\/cs\/","logo":{"@type":"ImageObject","inLanguage":"cs","@id":"https:\/\/aztex.ee\/cs\/#\/schema\/logo\/image\/","url":"https:\/\/aztex.ee\/wp-content\/uploads\/2026\/01\/AZTEX.png","contentUrl":"https:\/\/aztex.ee\/wp-content\/uploads\/2026\/01\/AZTEX.png","width":500,"height":500,"caption":"AZTEX"},"image":{"@id":"https:\/\/aztex.ee\/cs\/#\/schema\/logo\/image\/"},"sameAs":["https:\/\/www.facebook.com\/AztexEE","https:\/\/www.instagram.com\/aztexeesti\/","https:\/\/www.youtube.com\/@AZTEXEE","https:\/\/www.pinterest.com\/aztex_eesti\/","https:\/\/www.tiktok.com\/@aztexeesti","https:\/\/www.trustpilot.com\/review\/aztex.ee","https:\/\/www.linkedin.com\/company\/aztex-ee\/","https:\/\/www.wikidata.org\/wiki\/Q137560182"]}]}},"_links":{"self":[{"href":"https:\/\/aztex.ee\/cs\/wp-json\/wp\/v2\/product\/107858","targetHints":{"allow":["GET"]}}],"collection":[{"href":"https:\/\/aztex.ee\/cs\/wp-json\/wp\/v2\/product"}],"about":[{"href":"https:\/\/aztex.ee\/cs\/wp-json\/wp\/v2\/types\/product"}],"replies":[{"embeddable":true,"href":"https:\/\/aztex.ee\/cs\/wp-json\/wp\/v2\/comments?post=107858"}],"version-history":[{"count":2,"href":"https:\/\/aztex.ee\/cs\/wp-json\/wp\/v2\/product\/107858\/revisions"}],"predecessor-version":[{"id":107953,"href":"https:\/\/aztex.ee\/cs\/wp-json\/wp\/v2\/product\/107858\/revisions\/107953"}],"wp:featuredmedia":[{"embeddable":true,"href":"https:\/\/aztex.ee\/cs\/wp-json\/wp\/v2\/media\/107879"}],"wp:attachment":[{"href":"https:\/\/aztex.ee\/cs\/wp-json\/wp\/v2\/media?parent=107858"}],"wp:term":[{"taxonomy":"product_brand","embeddable":true,"href":"https:\/\/aztex.ee\/cs\/wp-json\/wp\/v2\/product_brand?post=107858"},{"taxonomy":"product_cat","embeddable":true,"href":"https:\/\/aztex.ee\/cs\/wp-json\/wp\/v2\/product_cat?post=107858"},{"taxonomy":"product_tag","embeddable":true,"href":"https:\/\/aztex.ee\/cs\/wp-json\/wp\/v2\/product_tag?post=107858"}],"curies":[{"name":"wp","href":"https:\/\/api.w.org\/{rel}","templated":true}]}}