{"id":103953,"date":"2026-02-22T13:30:47","date_gmt":"2026-02-22T13:30:47","guid":{"rendered":"https:\/\/aztex.ee\/?post_type=product&#038;p=103953"},"modified":"2026-04-03T15:10:35","modified_gmt":"2026-04-03T15:10:35","slug":"lneny-povlak-na-polstar-ledove-modra","status":"publish","type":"product","link":"https:\/\/aztex.ee\/cs\/pood\/povlaky-na-polstare\/lneny-povlak-na-polstar-ledove-modra\/","title":{"rendered":"Ln\u011bn\u00fd povlak na pol\u0161t\u00e1\u0159 | Ledov\u011b modr\u00e1"},"content":{"rendered":"<p><strong>Luxusn\u00ed ln\u011bn\u00fd povlak na pol\u0161t\u00e1\u0159 \u2013 p\u0159\u00edrodn\u00ed kr\u00e1sa a vysoce kvalitn\u00ed volba<\/strong><\/p>\n<p><strong>P\u0159\u00edrodn\u00ed a prody\u0161n\u00fd materi\u00e1l<\/strong><\/p>\n<p>Povlak na pol\u0161t\u00e1\u0159 ze 100% lnu je vyroben z vysoce kvalitn\u00edho p\u0159\u00edrodn\u00edho vl\u00e1kna, kter\u00e9 je cen\u011bno pro svou v\u00fdjime\u010dnou prody\u0161nost a odolnost. Len umo\u017e\u0148uje voln\u00fd pohyb vzduchu, co\u017e pom\u00e1h\u00e1 p\u0159edch\u00e1zet nadm\u011brn\u00e9mu zah\u0159\u00edv\u00e1n\u00ed a hromad\u011bn\u00ed vlhkosti. D\u00edky sv\u00fdm p\u0159irozen\u00fdm termoregula\u010dn\u00edm vlastnostem poskytuje materi\u00e1l v l\u00e9t\u011b p\u0159\u00edjemn\u011b chladiv\u00fd pocit a v zim\u011b udr\u017euje teplo. To vytv\u00e1\u0159\u00ed vyv\u00e1\u017een\u00e9 a p\u0159\u00edjemn\u00e9 prost\u0159ed\u00ed pro span\u00ed po cel\u00fd rok. P\u0159irozen\u00e1 textura lnu dod\u00e1v\u00e1 lo\u017en\u00edmu pr\u00e1dlu luxusn\u00ed, ale z\u00e1rove\u0148 p\u0159irozen\u00fd vzhled a p\u0159in\u00e1\u0161\u00ed do lo\u017enice m\u011bkkou a \u00fatulnou atmosf\u00e9ru. Materi\u00e1l je nav\u00edc pevn\u00fd a odoln\u00fd pro ka\u017edodenn\u00ed pou\u017e\u00edv\u00e1n\u00ed a po celou dobu si zachov\u00e1v\u00e1 sv\u016fj kr\u00e1sn\u00fd vzhled.<\/p>\n<p><strong>P\u0159\u00edjemn\u00fd k poko\u017ece a hypoalergenn\u00ed<\/strong><\/p>\n<p>Ln\u011bn\u00e1 tkanina je p\u0159irozen\u011b antibakteri\u00e1ln\u00ed a hypoalergenn\u00ed, tak\u017ee je ide\u00e1ln\u00ed pro citlivou nebo alergicky n\u00e1chylnou poko\u017eku. Materi\u00e1l nedr\u00e1\u017ed\u00ed poko\u017eku a pom\u00e1h\u00e1 sni\u017eovat \u0161\u00ed\u0159en\u00ed bakteri\u00ed a rozto\u010d\u016f. Len se s ka\u017ed\u00fdm pran\u00edm st\u00e1v\u00e1 m\u011bk\u010d\u00edm a z\u00e1rove\u0148 si zachov\u00e1v\u00e1 svou pevnost a kvalitu. Povlak na pol\u0161t\u00e1\u0159 je proto dobrou volbou pro ty, kte\u0159\u00ed si cen\u00ed \u0161etrnosti k poko\u017ece a \u010dist\u00e9ho prost\u0159ed\u00ed pro span\u00ed. P\u0159\u00edrodn\u00ed slo\u017een\u00ed neobsahuje syntetick\u00e9 p\u0159\u00edsady, kter\u00e9 by mohly dr\u00e1\u017edit poko\u017eku, a zaji\u0161\u0165uje bezpe\u010dn\u00fd a pohodln\u00fd z\u00e1\u017eitek.<\/p>\n<p><strong>Elegantn\u00ed a p\u0159\u00edrodn\u00ed design<\/strong><\/p>\n<p>Minimalistick\u00fd a p\u0159\u00edrodn\u00ed vzhled ln\u011bn\u00e9ho povlaku na pol\u0161t\u00e1\u0159 se hod\u00ed k r\u016fzn\u00fdm styl\u016fm interi\u00e9rov\u00e9ho designu, od skandin\u00e1vsk\u00e9 jednoduchosti a\u017e po \u00fatuln\u00fd venkovsk\u00fd styl. Jemn\u00e9 t\u00f3ny a lehce texturovan\u00fd povrch vytv\u00e1\u0159ej\u00ed v lo\u017enici klidnou a vyv\u00e1\u017eenou atmosf\u00e9ru. M\u00edrn\u011b zma\u010dkan\u00e1 l\u00e1tka je p\u0159irozen\u00fdm prvkem lnu, kter\u00fd dod\u00e1v\u00e1 lo\u017en\u00edmu pr\u00e1dlu charakter a teplo a ka\u017ed\u00fd povlak na pol\u0161t\u00e1\u0159 vizu\u00e1ln\u011b o\u017eivuje. Diskr\u00e9tn\u00ed povrchov\u00e1 \u00faprava a vysoce kvalitn\u00ed \u0161vy zd\u016fraz\u0148uj\u00ed promy\u0161len\u00fd design a pe\u010dliv\u00e9 proveden\u00ed v\u00fdrobku. D\u00edky sv\u00e9mu p\u0159irozen\u00e9mu vzhledu se povlak na pol\u0161t\u00e1\u0159 kr\u00e1sn\u011b hod\u00ed do modern\u00edch i klasi\u010dt\u011bj\u0161\u00edch interi\u00e9r\u016f.<\/p>\n<p><strong>Odoln\u00e1 a dlouhotrvaj\u00edc\u00ed kvalita<\/strong><\/p>\n<p>Len je jednou z nejodoln\u011bj\u0161\u00edch p\u0159\u00edrodn\u00edch textili\u00ed a jeho siln\u00e1 struktura vl\u00e1ken zaji\u0161\u0165uje dlouhou \u017eivotnost. P\u0159i spr\u00e1vn\u00e9 p\u00e9\u010di v\u00e1m ln\u011bn\u00fd povlak na pol\u0161t\u00e1\u0159 vydr\u017e\u00ed roky a zachov\u00e1 si sv\u016fj tvar a kr\u00e1snou texturu. L\u00e1tka se snadno neroztahuje a p\u0159i pou\u017e\u00edv\u00e1n\u00ed se st\u00e1v\u00e1 m\u011bk\u010d\u00ed a pohodln\u011bj\u0161\u00ed. Investice do kvalitn\u00edho ln\u011bn\u00e9ho povlaku na pol\u0161t\u00e1\u0159 se vyplat\u00ed, proto\u017ee si v\u00fdrobek zachov\u00e1v\u00e1 sv\u016fj vzhled a vlastnosti i po dlouhodob\u00e9m pou\u017e\u00edv\u00e1n\u00ed. Pevn\u00fd materi\u00e1l pom\u00e1h\u00e1 p\u0159edch\u00e1zet opot\u0159eben\u00ed a poskytuje jistotu p\u0159i ka\u017edodenn\u00edm pou\u017e\u00edv\u00e1n\u00ed.<\/p>\n<p><strong>P\u00e9\u010de a udr\u017een\u00ed dlouhodob\u00e9 kr\u00e1sy<\/strong><\/p>\n<p>P\u00e9\u010de o ln\u011bn\u00fd povlak na pol\u0161t\u00e1\u0159 je snadn\u00e1 a nevy\u017eaduje slo\u017eit\u00e9 postupy. Doporu\u010duje se pr\u00e1t v\u00fdrobek p\u0159i 40 \u00b0C na jemn\u00fd program s pou\u017eit\u00edm jemn\u00e9ho prac\u00edho prost\u0159edku bez siln\u00fdch b\u011blidel. Vyhn\u011bte se nadm\u011brn\u00e9mu odst\u0159ed\u011bn\u00ed a su\u0161en\u00ed p\u0159i vysok\u00fdch teplot\u00e1ch, abyste zachovali strukturu a p\u0159irozenou pevnost l\u00e1tky. V p\u0159\u00edpad\u011b pot\u0159eby lze povlak na pol\u0161t\u00e1\u0159 \u017eehlit m\u00edrn\u011b vlhk\u00fd, ale p\u0159irozen\u00e9 zma\u010dk\u00e1n\u00ed je charakteristick\u00e9 pro ln\u011bn\u00e9 tkaniny a dod\u00e1v\u00e1 v\u00fdrobku autentick\u00fd a stylov\u00fd vzhled. Su\u0161en\u00ed na vzduchu pom\u00e1h\u00e1 udr\u017eovat pru\u017enost a m\u011bkkost vl\u00e1ken. P\u0159i spr\u00e1vn\u00e9 p\u00e9\u010di z\u016fstane ln\u011bn\u00fd povlak na pol\u0161t\u00e1\u0159 dlouho kr\u00e1sn\u00fd a kvalitn\u00ed.<\/p>\n","protected":false},"excerpt":{"rendered":"<p>Ln\u011bn\u00fd povlak na pol\u0161t\u00e1\u0159 je p\u0159\u00edrodn\u00ed, ekologickou a udr\u017eitelnou volbou, navr\u017eenou tak, aby poskytoval prody\u0161n\u00fd komfort, vyt\u0159\u00edbenou estetiku a v\u00fdjime\u010dnou odolnost.<\/p>\n<ul>\n<li>Barva: Ledov\u011b modr\u00e1<\/li>\n<li>Materi\u00e1l: 100% Len, 160 g\/m\u00b2<\/li>\n<\/ul>\n<p><img loading=\"lazy\" decoding=\"async\" class=\"alignnone wp-image-20226\" src=\"https:\/\/aztex.ee\/wp-content\/uploads\/2024\/09\/oekotex100.png\" alt=\"\" width=\"113\" height=\"40\" srcset=\"https:\/\/aztex.ee\/wp-content\/uploads\/2024\/09\/oekotex100.png 204w, https:\/\/aztex.ee\/wp-content\/uploads\/2024\/09\/oekotex100-150x53.png 150w\" sizes=\"auto, (max-width: 113px) 100vw, 113px\" \/><img loading=\"lazy\" decoding=\"async\" class=\"alignnone wp-image-100270\" src=\"https:\/\/aztex.ee\/wp-content\/uploads\/2026\/01\/europeanflaxaztex.png\" alt=\"\" width=\"182\" height=\"40\" srcset=\"https:\/\/aztex.ee\/wp-content\/uploads\/2026\/01\/europeanflaxaztex.png 352w, https:\/\/aztex.ee\/wp-content\/uploads\/2026\/01\/europeanflaxaztex-150x33.png 150w\" sizes=\"auto, (max-width: 182px) 100vw, 182px\" \/><\/p>\n","protected":false},"featured_media":104118,"comment_status":"open","ping_status":"closed","template":"","meta":[],"product_brand":[],"product_cat":[6780,1770],"product_tag":[],"class_list":{"0":"post-103953","1":"product","2":"type-product","3":"status-publish","4":"has-post-thumbnail","6":"product_cat-lnene-povlaky-na-polstare","7":"product_cat-povlaky-na-polstare","9":"first","10":"instock","11":"shipping-taxable","12":"purchasable","13":"product-type-variable"},"yoast_head":"<!-- This site is optimized with the Yoast SEO plugin v27.3 - https:\/\/yoast.com\/product\/yoast-seo-wordpress\/ -->\n<title>100% ln\u011bn\u00fd povlak na pol\u0161t\u00e1\u0159 \u2013 Ledov\u011b modr\u00e1 | AZTEX<\/title>\n<meta name=\"description\" content=\"Povlak na pol\u0161t\u00e1\u0159 ze 100% lnu kombinuje odolnost a pohodl\u00ed. P\u0159\u00edrodn\u00ed tkanina umo\u017e\u0148uje volnou cirkulaci vzduchu, absorbuje vlhkost a p\u0159i pou\u017e\u00edv\u00e1n\u00ed se st\u00e1v\u00e1 m\u011bk\u010d\u00edm a pohodln\u011bj\u0161\u00edm.\" \/>\n<meta name=\"robots\" content=\"index, follow, max-snippet:-1, max-image-preview:large, max-video-preview:-1\" \/>\n<link rel=\"canonical\" href=\"https:\/\/aztex.ee\/cs\/pood\/povlaky-na-polstare\/lneny-povlak-na-polstar-ledove-modra\/\" \/>\n<meta property=\"og:locale\" content=\"cs_CZ\" \/>\n<meta property=\"og:type\" content=\"article\" \/>\n<meta property=\"og:title\" content=\"100% ln\u011bn\u00fd povlak na pol\u0161t\u00e1\u0159 \u2013 Ledov\u011b modr\u00e1 | AZTEX\" \/>\n<meta property=\"og:description\" content=\"Povlak na pol\u0161t\u00e1\u0159 ze 100% lnu kombinuje odolnost a pohodl\u00ed. P\u0159\u00edrodn\u00ed tkanina umo\u017e\u0148uje volnou cirkulaci vzduchu, absorbuje vlhkost a p\u0159i pou\u017e\u00edv\u00e1n\u00ed se st\u00e1v\u00e1 m\u011bk\u010d\u00edm a pohodln\u011bj\u0161\u00edm.\" \/>\n<meta property=\"og:url\" content=\"https:\/\/aztex.ee\/cs\/pood\/povlaky-na-polstare\/lneny-povlak-na-polstar-ledove-modra\/\" \/>\n<meta property=\"og:site_name\" content=\"AZTEX\" \/>\n<meta property=\"article:publisher\" content=\"https:\/\/www.facebook.com\/AztexEE\" \/>\n<meta property=\"article:modified_time\" content=\"2026-04-03T15:10:35+00:00\" \/>\n<meta property=\"og:image\" content=\"https:\/\/aztex.ee\/wp-content\/uploads\/2026\/02\/Linane-padjapuur-Jaasinine-1.jpg\" \/>\n\t<meta property=\"og:image:width\" content=\"800\" \/>\n\t<meta property=\"og:image:height\" content=\"800\" \/>\n\t<meta property=\"og:image:type\" content=\"image\/jpeg\" \/>\n<meta name=\"twitter:card\" content=\"summary_large_image\" \/>\n<meta name=\"twitter:label1\" content=\"Odhadovan\u00e1 doba \u010dten\u00ed\" \/>\n\t<meta name=\"twitter:data1\" content=\"3 minuta\" \/>\n<script type=\"application\/ld+json\" class=\"yoast-schema-graph\">{\"@context\":\"https:\\\/\\\/schema.org\",\"@graph\":[{\"@type\":[\"WebPage\",\"ItemPage\"],\"@id\":\"https:\\\/\\\/aztex.ee\\\/cs\\\/pood\\\/povlaky-na-polstare\\\/lneny-povlak-na-polstar-ledove-modra\\\/\",\"url\":\"https:\\\/\\\/aztex.ee\\\/cs\\\/pood\\\/povlaky-na-polstare\\\/lneny-povlak-na-polstar-ledove-modra\\\/\",\"name\":\"100% ln\u011bn\u00fd povlak na pol\u0161t\u00e1\u0159 \u2013 Ledov\u011b modr\u00e1 | AZTEX\",\"isPartOf\":{\"@id\":\"https:\\\/\\\/aztex.ee\\\/cs\\\/#website\"},\"primaryImageOfPage\":{\"@id\":\"https:\\\/\\\/aztex.ee\\\/cs\\\/pood\\\/povlaky-na-polstare\\\/lneny-povlak-na-polstar-ledove-modra\\\/#primaryimage\"},\"image\":{\"@id\":\"https:\\\/\\\/aztex.ee\\\/cs\\\/pood\\\/povlaky-na-polstare\\\/lneny-povlak-na-polstar-ledove-modra\\\/#primaryimage\"},\"thumbnailUrl\":\"https:\\\/\\\/aztex.ee\\\/wp-content\\\/uploads\\\/2026\\\/02\\\/Linane-padjapuur-Jaasinine-1.jpg\",\"datePublished\":\"2026-02-22T13:30:47+00:00\",\"dateModified\":\"2026-04-03T15:10:35+00:00\",\"description\":\"Povlak na pol\u0161t\u00e1\u0159 ze 100% lnu kombinuje odolnost a pohodl\u00ed. P\u0159\u00edrodn\u00ed tkanina umo\u017e\u0148uje volnou cirkulaci vzduchu, absorbuje vlhkost a p\u0159i pou\u017e\u00edv\u00e1n\u00ed se st\u00e1v\u00e1 m\u011bk\u010d\u00edm a pohodln\u011bj\u0161\u00edm.\",\"breadcrumb\":{\"@id\":\"https:\\\/\\\/aztex.ee\\\/cs\\\/pood\\\/povlaky-na-polstare\\\/lneny-povlak-na-polstar-ledove-modra\\\/#breadcrumb\"},\"inLanguage\":\"cs\",\"potentialAction\":[{\"@type\":\"ReadAction\",\"target\":[\"https:\\\/\\\/aztex.ee\\\/cs\\\/pood\\\/povlaky-na-polstare\\\/lneny-povlak-na-polstar-ledove-modra\\\/\"]}]},{\"@type\":\"ImageObject\",\"inLanguage\":\"cs\",\"@id\":\"https:\\\/\\\/aztex.ee\\\/cs\\\/pood\\\/povlaky-na-polstare\\\/lneny-povlak-na-polstar-ledove-modra\\\/#primaryimage\",\"url\":\"https:\\\/\\\/aztex.ee\\\/wp-content\\\/uploads\\\/2026\\\/02\\\/Linane-padjapuur-Jaasinine-1.jpg\",\"contentUrl\":\"https:\\\/\\\/aztex.ee\\\/wp-content\\\/uploads\\\/2026\\\/02\\\/Linane-padjapuur-Jaasinine-1.jpg\",\"width\":800,\"height\":800,\"caption\":\"Linane padjap\u00fc\u00fcr J\u00e4\u00e4sinine\"},{\"@type\":\"BreadcrumbList\",\"@id\":\"https:\\\/\\\/aztex.ee\\\/cs\\\/pood\\\/povlaky-na-polstare\\\/lneny-povlak-na-polstar-ledove-modra\\\/#breadcrumb\",\"itemListElement\":[{\"@type\":\"ListItem\",\"position\":1,\"name\":\"Dom\u016f\",\"item\":\"https:\\\/\\\/aztex.ee\\\/cs\\\/\"},{\"@type\":\"ListItem\",\"position\":2,\"name\":\"Obchod\",\"item\":\"https:\\\/\\\/aztex.ee\\\/cs\\\/obchod\\\/\"},{\"@type\":\"ListItem\",\"position\":3,\"name\":\"Ln\u011bn\u00fd povlak na pol\u0161t\u00e1\u0159 | Ledov\u011b modr\u00e1\"}]},{\"@type\":\"WebSite\",\"@id\":\"https:\\\/\\\/aztex.ee\\\/cs\\\/#website\",\"url\":\"https:\\\/\\\/aztex.ee\\\/cs\\\/\",\"name\":\"AZTEX\",\"description\":\"\",\"publisher\":{\"@id\":\"https:\\\/\\\/aztex.ee\\\/cs\\\/#organization\"},\"potentialAction\":[{\"@type\":\"SearchAction\",\"target\":{\"@type\":\"EntryPoint\",\"urlTemplate\":\"https:\\\/\\\/aztex.ee\\\/cs\\\/?s={search_term_string}\"},\"query-input\":{\"@type\":\"PropertyValueSpecification\",\"valueRequired\":true,\"valueName\":\"search_term_string\"}}],\"inLanguage\":\"cs\"},{\"@type\":\"Organization\",\"@id\":\"https:\\\/\\\/aztex.ee\\\/cs\\\/#organization\",\"name\":\"AZTEX\",\"url\":\"https:\\\/\\\/aztex.ee\\\/cs\\\/\",\"logo\":{\"@type\":\"ImageObject\",\"inLanguage\":\"cs\",\"@id\":\"https:\\\/\\\/aztex.ee\\\/cs\\\/#\\\/schema\\\/logo\\\/image\\\/\",\"url\":\"https:\\\/\\\/aztex.ee\\\/wp-content\\\/uploads\\\/2026\\\/01\\\/AZTEX.png\",\"contentUrl\":\"https:\\\/\\\/aztex.ee\\\/wp-content\\\/uploads\\\/2026\\\/01\\\/AZTEX.png\",\"width\":500,\"height\":500,\"caption\":\"AZTEX\"},\"image\":{\"@id\":\"https:\\\/\\\/aztex.ee\\\/cs\\\/#\\\/schema\\\/logo\\\/image\\\/\"},\"sameAs\":[\"https:\\\/\\\/www.facebook.com\\\/AztexEE\",\"https:\\\/\\\/www.instagram.com\\\/aztexeesti\\\/\",\"https:\\\/\\\/www.youtube.com\\\/@AZTEXEE\",\"https:\\\/\\\/www.pinterest.com\\\/aztex_eesti\\\/\",\"https:\\\/\\\/www.tiktok.com\\\/@aztexeesti\",\"https:\\\/\\\/www.trustpilot.com\\\/review\\\/aztex.ee\",\"https:\\\/\\\/www.linkedin.com\\\/company\\\/aztex-ee\\\/\",\"https:\\\/\\\/www.wikidata.org\\\/wiki\\\/Q137560182\"]}]}<\/script>\n<!-- \/ Yoast SEO plugin. -->","yoast_head_json":{"title":"100% ln\u011bn\u00fd povlak na pol\u0161t\u00e1\u0159 \u2013 Ledov\u011b modr\u00e1 | AZTEX","description":"Povlak na pol\u0161t\u00e1\u0159 ze 100% lnu kombinuje odolnost a pohodl\u00ed. P\u0159\u00edrodn\u00ed tkanina umo\u017e\u0148uje volnou cirkulaci vzduchu, absorbuje vlhkost a p\u0159i pou\u017e\u00edv\u00e1n\u00ed se st\u00e1v\u00e1 m\u011bk\u010d\u00edm a pohodln\u011bj\u0161\u00edm.","robots":{"index":"index","follow":"follow","max-snippet":"max-snippet:-1","max-image-preview":"max-image-preview:large","max-video-preview":"max-video-preview:-1"},"canonical":"https:\/\/aztex.ee\/cs\/pood\/povlaky-na-polstare\/lneny-povlak-na-polstar-ledove-modra\/","og_locale":"cs_CZ","og_type":"article","og_title":"100% ln\u011bn\u00fd povlak na pol\u0161t\u00e1\u0159 \u2013 Ledov\u011b modr\u00e1 | AZTEX","og_description":"Povlak na pol\u0161t\u00e1\u0159 ze 100% lnu kombinuje odolnost a pohodl\u00ed. P\u0159\u00edrodn\u00ed tkanina umo\u017e\u0148uje volnou cirkulaci vzduchu, absorbuje vlhkost a p\u0159i pou\u017e\u00edv\u00e1n\u00ed se st\u00e1v\u00e1 m\u011bk\u010d\u00edm a pohodln\u011bj\u0161\u00edm.","og_url":"https:\/\/aztex.ee\/cs\/pood\/povlaky-na-polstare\/lneny-povlak-na-polstar-ledove-modra\/","og_site_name":"AZTEX","article_publisher":"https:\/\/www.facebook.com\/AztexEE","article_modified_time":"2026-04-03T15:10:35+00:00","og_image":[{"width":800,"height":800,"url":"https:\/\/aztex.ee\/wp-content\/uploads\/2026\/02\/Linane-padjapuur-Jaasinine-1.jpg","type":"image\/jpeg"}],"twitter_card":"summary_large_image","twitter_misc":{"Odhadovan\u00e1 doba \u010dten\u00ed":"3 minuta"},"schema":{"@context":"https:\/\/schema.org","@graph":[{"@type":["WebPage","ItemPage"],"@id":"https:\/\/aztex.ee\/cs\/pood\/povlaky-na-polstare\/lneny-povlak-na-polstar-ledove-modra\/","url":"https:\/\/aztex.ee\/cs\/pood\/povlaky-na-polstare\/lneny-povlak-na-polstar-ledove-modra\/","name":"100% ln\u011bn\u00fd povlak na pol\u0161t\u00e1\u0159 \u2013 Ledov\u011b modr\u00e1 | AZTEX","isPartOf":{"@id":"https:\/\/aztex.ee\/cs\/#website"},"primaryImageOfPage":{"@id":"https:\/\/aztex.ee\/cs\/pood\/povlaky-na-polstare\/lneny-povlak-na-polstar-ledove-modra\/#primaryimage"},"image":{"@id":"https:\/\/aztex.ee\/cs\/pood\/povlaky-na-polstare\/lneny-povlak-na-polstar-ledove-modra\/#primaryimage"},"thumbnailUrl":"https:\/\/aztex.ee\/wp-content\/uploads\/2026\/02\/Linane-padjapuur-Jaasinine-1.jpg","datePublished":"2026-02-22T13:30:47+00:00","dateModified":"2026-04-03T15:10:35+00:00","description":"Povlak na pol\u0161t\u00e1\u0159 ze 100% lnu kombinuje odolnost a pohodl\u00ed. P\u0159\u00edrodn\u00ed tkanina umo\u017e\u0148uje volnou cirkulaci vzduchu, absorbuje vlhkost a p\u0159i pou\u017e\u00edv\u00e1n\u00ed se st\u00e1v\u00e1 m\u011bk\u010d\u00edm a pohodln\u011bj\u0161\u00edm.","breadcrumb":{"@id":"https:\/\/aztex.ee\/cs\/pood\/povlaky-na-polstare\/lneny-povlak-na-polstar-ledove-modra\/#breadcrumb"},"inLanguage":"cs","potentialAction":[{"@type":"ReadAction","target":["https:\/\/aztex.ee\/cs\/pood\/povlaky-na-polstare\/lneny-povlak-na-polstar-ledove-modra\/"]}]},{"@type":"ImageObject","inLanguage":"cs","@id":"https:\/\/aztex.ee\/cs\/pood\/povlaky-na-polstare\/lneny-povlak-na-polstar-ledove-modra\/#primaryimage","url":"https:\/\/aztex.ee\/wp-content\/uploads\/2026\/02\/Linane-padjapuur-Jaasinine-1.jpg","contentUrl":"https:\/\/aztex.ee\/wp-content\/uploads\/2026\/02\/Linane-padjapuur-Jaasinine-1.jpg","width":800,"height":800,"caption":"Linane padjap\u00fc\u00fcr J\u00e4\u00e4sinine"},{"@type":"BreadcrumbList","@id":"https:\/\/aztex.ee\/cs\/pood\/povlaky-na-polstare\/lneny-povlak-na-polstar-ledove-modra\/#breadcrumb","itemListElement":[{"@type":"ListItem","position":1,"name":"Dom\u016f","item":"https:\/\/aztex.ee\/cs\/"},{"@type":"ListItem","position":2,"name":"Obchod","item":"https:\/\/aztex.ee\/cs\/obchod\/"},{"@type":"ListItem","position":3,"name":"Ln\u011bn\u00fd povlak na pol\u0161t\u00e1\u0159 | Ledov\u011b modr\u00e1"}]},{"@type":"WebSite","@id":"https:\/\/aztex.ee\/cs\/#website","url":"https:\/\/aztex.ee\/cs\/","name":"AZTEX","description":"","publisher":{"@id":"https:\/\/aztex.ee\/cs\/#organization"},"potentialAction":[{"@type":"SearchAction","target":{"@type":"EntryPoint","urlTemplate":"https:\/\/aztex.ee\/cs\/?s={search_term_string}"},"query-input":{"@type":"PropertyValueSpecification","valueRequired":true,"valueName":"search_term_string"}}],"inLanguage":"cs"},{"@type":"Organization","@id":"https:\/\/aztex.ee\/cs\/#organization","name":"AZTEX","url":"https:\/\/aztex.ee\/cs\/","logo":{"@type":"ImageObject","inLanguage":"cs","@id":"https:\/\/aztex.ee\/cs\/#\/schema\/logo\/image\/","url":"https:\/\/aztex.ee\/wp-content\/uploads\/2026\/01\/AZTEX.png","contentUrl":"https:\/\/aztex.ee\/wp-content\/uploads\/2026\/01\/AZTEX.png","width":500,"height":500,"caption":"AZTEX"},"image":{"@id":"https:\/\/aztex.ee\/cs\/#\/schema\/logo\/image\/"},"sameAs":["https:\/\/www.facebook.com\/AztexEE","https:\/\/www.instagram.com\/aztexeesti\/","https:\/\/www.youtube.com\/@AZTEXEE","https:\/\/www.pinterest.com\/aztex_eesti\/","https:\/\/www.tiktok.com\/@aztexeesti","https:\/\/www.trustpilot.com\/review\/aztex.ee","https:\/\/www.linkedin.com\/company\/aztex-ee\/","https:\/\/www.wikidata.org\/wiki\/Q137560182"]}]}},"_links":{"self":[{"href":"https:\/\/aztex.ee\/cs\/wp-json\/wp\/v2\/product\/103953","targetHints":{"allow":["GET"]}}],"collection":[{"href":"https:\/\/aztex.ee\/cs\/wp-json\/wp\/v2\/product"}],"about":[{"href":"https:\/\/aztex.ee\/cs\/wp-json\/wp\/v2\/types\/product"}],"replies":[{"embeddable":true,"href":"https:\/\/aztex.ee\/cs\/wp-json\/wp\/v2\/comments?post=103953"}],"version-history":[{"count":2,"href":"https:\/\/aztex.ee\/cs\/wp-json\/wp\/v2\/product\/103953\/revisions"}],"predecessor-version":[{"id":104193,"href":"https:\/\/aztex.ee\/cs\/wp-json\/wp\/v2\/product\/103953\/revisions\/104193"}],"wp:featuredmedia":[{"embeddable":true,"href":"https:\/\/aztex.ee\/cs\/wp-json\/wp\/v2\/media\/104118"}],"wp:attachment":[{"href":"https:\/\/aztex.ee\/cs\/wp-json\/wp\/v2\/media?parent=103953"}],"wp:term":[{"taxonomy":"product_brand","embeddable":true,"href":"https:\/\/aztex.ee\/cs\/wp-json\/wp\/v2\/product_brand?post=103953"},{"taxonomy":"product_cat","embeddable":true,"href":"https:\/\/aztex.ee\/cs\/wp-json\/wp\/v2\/product_cat?post=103953"},{"taxonomy":"product_tag","embeddable":true,"href":"https:\/\/aztex.ee\/cs\/wp-json\/wp\/v2\/product_tag?post=103953"}],"curies":[{"name":"wp","href":"https:\/\/api.w.org\/{rel}","templated":true}]}}