{"id":103376,"date":"2026-02-17T10:40:54","date_gmt":"2026-02-17T10:40:54","guid":{"rendered":"https:\/\/aztex.ee\/?post_type=product&#038;p=103376"},"modified":"2026-02-17T10:58:34","modified_gmt":"2026-02-17T10:58:34","slug":"lnene-prosteradlo-tmave-seda","status":"publish","type":"product","link":"https:\/\/aztex.ee\/cs\/pood\/prosteradla\/lnene-prosteradlo-tmave-seda\/","title":{"rendered":"Ln\u011bn\u00e9 prost\u011bradlo | Tmav\u011b \u0161ed\u00e1"},"content":{"rendered":"<p><strong>Ln\u011bn\u00e9 prost\u011bradlo \u2013 p\u0159irozen\u00e9 pohodl\u00ed<\/strong><\/p>\n<p><strong>100% p\u0159\u00edrodn\u00ed francouzsk\u00fd len<\/strong><\/p>\n<p>Ln\u011bn\u00e9 prost\u011bradlo je vyrobeno z pe\u010dliv\u011b vybran\u00e9 ln\u011bn\u00e9 tkaniny, kter\u00e1 se vyzna\u010duje pevnou a odolnou strukturou a z\u00e1rove\u0148 je m\u011bkk\u00e1 a p\u0159\u00edjemn\u00e1 na poko\u017eku. Francouzsk\u00fd len je cen\u011bn pro svou v\u00fdjime\u010dnou kvalitu a dlouhou \u017eivotnost \u2013 ka\u017ed\u00e9 vl\u00e1kno si zachov\u00e1v\u00e1 svou pevnost i po opakovan\u00e9m pran\u00ed a prost\u011bradlo z\u016fst\u00e1v\u00e1 kr\u00e1sn\u00e9 po mnoho let. Ln\u011bn\u00e9 prost\u011bradlo je p\u0159\u00edrodn\u00ed a \u0161etrn\u00e9 k poko\u017ece, tak\u017ee si ka\u017edou noc m\u016f\u017eete u\u017e\u00edvat pohodln\u00fd a klidn\u00fd sp\u00e1nek. D\u00edky prody\u0161n\u00e9mu materi\u00e1lu len reguluje t\u011blesnou teplotu a umo\u017e\u0148uje poko\u017ece voln\u011b d\u00fdchat, co\u017e z n\u011bj \u010din\u00ed ide\u00e1ln\u00ed volbu pro alergiky. Toto prost\u011bradlo v sob\u011b spojuje prakti\u010dnost, dlouhodobou odolnost a luxusn\u00ed pocit, d\u00edky kter\u00e9mu je ka\u017ed\u00e1 noc v\u00fdjime\u010dn\u00e1.<\/p>\n<p><strong>P\u0159irozen\u00e1 sv\u011b\u017eest a vyv\u00e1\u017een\u00fd sp\u00e1nek<\/strong><\/p>\n<p>Nejv\u011bt\u0161\u00ed v\u00fdhodou ln\u011bn\u00e9ho prost\u011bradla je jeho p\u0159irozen\u00e1 schopnost regulovat t\u011blesnou teplotu i vlhkost. Za teplej\u0161\u00edch noc\u00ed ln\u011bn\u00e9 prost\u011bradlo udr\u017euje t\u011blo chladn\u011bj\u0161\u00ed a za chladn\u011bj\u0161\u00edch dn\u016f p\u0159\u00edjemn\u00e9 teplo a poskytuje tak vyv\u00e1\u017een\u00e9 a klidn\u00e9 prost\u0159ed\u00ed pro span\u00ed. D\u00edky vynikaj\u00edc\u00ed absorpci vlhkosti a rychl\u00e9mu schnut\u00ed z\u016fst\u00e1v\u00e1 prost\u011bradlo sv\u011b\u017e\u00ed, such\u00e9 a pohodln\u00e9 po celou noc. Ln\u011bn\u00fd materi\u00e1l sni\u017euje pocen\u00ed a nadm\u011brn\u00e9 hromad\u011bn\u00ed vlhkosti, \u010d\u00edm\u017e udr\u017euje postel p\u0159\u00edjemn\u011b chladnou a sv\u011b\u017e\u00ed. Toto je ide\u00e1ln\u00ed \u0159e\u0161en\u00ed pro ty, kte\u0159\u00ed si cen\u00ed kvalitn\u00edho sp\u00e1nku a cht\u011bj\u00ed se r\u00e1no probouzet odpo\u010dat\u00ed.<\/p>\n<p><strong>Postupem \u010dasu m\u011bk\u010d\u00ed a kr\u00e1sn\u011bj\u0161\u00ed<\/strong><\/p>\n<p>Zpo\u010d\u00e1tku pevn\u00fd a texturovan\u00fd len se s ka\u017ed\u00fdm pran\u00edm st\u00e1v\u00e1 m\u011bk\u010d\u00edm, ani\u017e by ztr\u00e1cel na sv\u00e9 odolnosti. Vl\u00e1kna si zachov\u00e1vaj\u00ed sv\u016fj tvar a strukturu, ale \u010dasem z\u00edsk\u00e1vaj\u00ed p\u0159irozen\u00fd, lehce \u017eiv\u00fd vzhled, kter\u00fd posteli dod\u00e1v\u00e1 hloubku a \u00fatulnost. Len neztr\u00e1c\u00ed na hodnot\u011b &#8211; ka\u017ed\u00e9 pou\u017eit\u00ed a pran\u00ed d\u011bl\u00e1 toto prost\u011bradlo je\u0161t\u011b p\u0159\u00edjemn\u011bj\u0161\u00edm a pohodln\u011bj\u0161\u00edm. D\u00edky tomu prost\u011bradlo z\u016fst\u00e1v\u00e1 po cel\u00e1 l\u00e9ta kr\u00e1sn\u00e9, pohodln\u00e9 a spolehliv\u00e9 a poskytuje jak prakti\u010dnost, tak estetick\u00e9 pot\u011b\u0161en\u00ed.<\/p>\n<p><strong>Vhodn\u00e9 do jak\u00e9hokoli interi\u00e9ru<\/strong><\/p>\n<p>P\u0159\u00edrodn\u00ed textura ln\u011bn\u00e9 l\u00e1tky a klidn\u00e1 \u0161k\u00e1la t\u00f3n\u016f \u010din\u00ed lo\u017en\u00ed pr\u00e1dlo vhodn\u00fdm do ka\u017ed\u00e9 lo\u017enice, a\u0165 u\u017e modern\u00ed, minimalistick\u00e9 nebo klasick\u00e9. Klidn\u00e1 barevn\u00e1 \u0161k\u00e1la dod\u00e1v\u00e1 m\u00edstnosti jemnost a rovnov\u00e1hu, ani\u017e by ji vy\u010dn\u00edvala. Ln\u011bn\u00e9 prost\u011bradla se perfektn\u011b hod\u00ed k r\u016fzn\u00fdm sad\u00e1m lo\u017en\u00edho pr\u00e1dla a interi\u00e9rov\u00fdm prvk\u016fm a vytv\u00e1\u0159\u00ed tak ucelen\u00fd a harmonick\u00fd dojem. D\u00edky kombinaci nad\u010dasov\u00e9ho designu a p\u0159\u00edrodn\u00edch t\u00f3n\u016f je toto lo\u017en\u00ed pr\u00e1dlo investic\u00ed, kter\u00e1 nikdy nevyjde z m\u00f3dy a kdykoli dopln\u00ed m\u00edstnost.<\/p>\n<p><strong>Snadn\u00e1 \u00fadr\u017eba a dlouh\u00e1 \u017eivotnost<\/strong><\/p>\n<p>Ln\u011bn\u00e9 prost\u011bradlo snese \u010dast\u00e9 pran\u00ed. L\u00e1tka je prateln\u00e1 v pra\u010dce, rychle schne a nevy\u017eaduje \u017eehlen\u00ed \u2013 p\u0159irozen\u00e9 ma\u010dk\u00e1n\u00ed je sou\u010d\u00e1st\u00ed povahy lnu a dod\u00e1v\u00e1 mu jedine\u010dn\u00fd a autentick\u00fd vzhled. D\u00edky siln\u00fdm vl\u00e1kn\u016fm si len zachov\u00e1v\u00e1 sv\u016fj tvar, barvu a kvalitu po dlouhou dobu a poskytuje tak pevnou a trvalou hodnotu. D\u00edky tomu je ln\u011bn\u00e9 prost\u011bradlo praktickou, pohodlnou a elegantn\u00ed volbou do ka\u017ed\u00e9 lo\u017enice, kter\u00e1 kombinuje odolnost, luxusn\u00ed pocit a ka\u017edodenn\u00ed pohodl\u00ed.<\/p>\n","protected":false},"excerpt":{"rendered":"<p>Ln\u011bn\u00e9 prost\u011bradlo je \u0161etrn\u00e9 k poko\u017ece d\u00edky 100% p\u0159\u00edrodn\u00edm vl\u00e1kn\u016fm.<\/p>\n<ul>\n<li>Barva: Tmav\u011b \u0161ed\u00e1<\/li>\n<li>Materi\u00e1l: 100% Len, 160 g\/m\u00b2<\/li>\n<li>Rozm\u011bry: 220\u00d7240 cm<\/li>\n<\/ul>\n<p><img loading=\"lazy\" decoding=\"async\" class=\"alignnone wp-image-20226\" src=\"https:\/\/aztex.ee\/wp-content\/uploads\/2024\/09\/oekotex100.png\" alt=\"\" width=\"113\" height=\"40\" srcset=\"https:\/\/aztex.ee\/wp-content\/uploads\/2024\/09\/oekotex100.png 204w, https:\/\/aztex.ee\/wp-content\/uploads\/2024\/09\/oekotex100-150x53.png 150w\" sizes=\"auto, (max-width: 113px) 100vw, 113px\" \/><img loading=\"lazy\" decoding=\"async\" class=\"alignnone wp-image-100270\" src=\"https:\/\/aztex.ee\/wp-content\/uploads\/2026\/01\/europeanflaxaztex.png\" alt=\"\" width=\"182\" height=\"40\" srcset=\"https:\/\/aztex.ee\/wp-content\/uploads\/2026\/01\/europeanflaxaztex.png 352w, https:\/\/aztex.ee\/wp-content\/uploads\/2026\/01\/europeanflaxaztex-150x33.png 150w\" sizes=\"auto, (max-width: 182px) 100vw, 182px\" \/><\/p>\n","protected":false},"featured_media":103397,"comment_status":"open","ping_status":"closed","template":"","meta":[],"product_brand":[],"product_cat":[6761,1792],"product_tag":[],"class_list":{"0":"post-103376","1":"product","2":"type-product","3":"status-publish","4":"has-post-thumbnail","6":"product_cat-lnena-prosteradla","7":"product_cat-prosteradla","9":"first","10":"instock","11":"sale","12":"shipping-taxable","13":"purchasable","14":"product-type-simple"},"yoast_head":"<!-- This site is optimized with the Yoast SEO plugin v27.3 - https:\/\/yoast.com\/product\/yoast-seo-wordpress\/ -->\n<title>Kvalitn\u00ed 100% ln\u011bn\u00e9 prost\u011bradlo \u2013 Tmav\u011b \u0161ed\u00e1 | AZTEX<\/title>\n<meta name=\"description\" content=\"V\u00fdjime\u010dn\u011b kvalitn\u00ed 100% organick\u00e9 evropsk\u00e9 ln\u011bn\u00e9 prost\u011bradlo. Prody\u0161n\u00fd a odoln\u00fd materi\u00e1l z certifikovan\u00e9ho evropsk\u00e9ho lnu pro dlouhotrvaj\u00edc\u00ed pohodl\u00ed a sv\u011b\u017e\u00ed, zdrav\u00fd sp\u00e1nek.\" \/>\n<meta name=\"robots\" content=\"index, follow, max-snippet:-1, max-image-preview:large, max-video-preview:-1\" \/>\n<link rel=\"canonical\" href=\"https:\/\/aztex.ee\/cs\/pood\/prosteradla\/lnene-prosteradlo-tmave-seda\/\" \/>\n<meta property=\"og:locale\" content=\"cs_CZ\" \/>\n<meta property=\"og:type\" content=\"article\" \/>\n<meta property=\"og:title\" content=\"Kvalitn\u00ed 100% ln\u011bn\u00e9 prost\u011bradlo \u2013 Tmav\u011b \u0161ed\u00e1 | AZTEX\" \/>\n<meta property=\"og:description\" content=\"V\u00fdjime\u010dn\u011b kvalitn\u00ed 100% organick\u00e9 evropsk\u00e9 ln\u011bn\u00e9 prost\u011bradlo. Prody\u0161n\u00fd a odoln\u00fd materi\u00e1l z certifikovan\u00e9ho evropsk\u00e9ho lnu pro dlouhotrvaj\u00edc\u00ed pohodl\u00ed a sv\u011b\u017e\u00ed, zdrav\u00fd sp\u00e1nek.\" \/>\n<meta property=\"og:url\" content=\"https:\/\/aztex.ee\/cs\/pood\/prosteradla\/lnene-prosteradlo-tmave-seda\/\" \/>\n<meta property=\"og:site_name\" content=\"AZTEX\" \/>\n<meta property=\"article:publisher\" content=\"https:\/\/www.facebook.com\/AztexEE\" \/>\n<meta property=\"article:modified_time\" content=\"2026-02-17T10:58:34+00:00\" \/>\n<meta property=\"og:image\" content=\"https:\/\/aztex.ee\/wp-content\/uploads\/2026\/02\/Linane-voodilina-Tumehall.jpg\" \/>\n\t<meta property=\"og:image:width\" content=\"800\" \/>\n\t<meta property=\"og:image:height\" content=\"800\" \/>\n\t<meta property=\"og:image:type\" content=\"image\/jpeg\" \/>\n<meta name=\"twitter:card\" content=\"summary_large_image\" \/>\n<meta name=\"twitter:label1\" content=\"Odhadovan\u00e1 doba \u010dten\u00ed\" \/>\n\t<meta name=\"twitter:data1\" content=\"3 minuta\" \/>\n<script type=\"application\/ld+json\" class=\"yoast-schema-graph\">{\"@context\":\"https:\\\/\\\/schema.org\",\"@graph\":[{\"@type\":[\"WebPage\",\"ItemPage\"],\"@id\":\"https:\\\/\\\/aztex.ee\\\/cs\\\/pood\\\/prosteradla\\\/lnene-prosteradlo-tmave-seda\\\/\",\"url\":\"https:\\\/\\\/aztex.ee\\\/cs\\\/pood\\\/prosteradla\\\/lnene-prosteradlo-tmave-seda\\\/\",\"name\":\"Kvalitn\u00ed 100% ln\u011bn\u00e9 prost\u011bradlo \u2013 Tmav\u011b \u0161ed\u00e1 | AZTEX\",\"isPartOf\":{\"@id\":\"https:\\\/\\\/aztex.ee\\\/cs\\\/#website\"},\"primaryImageOfPage\":{\"@id\":\"https:\\\/\\\/aztex.ee\\\/cs\\\/pood\\\/prosteradla\\\/lnene-prosteradlo-tmave-seda\\\/#primaryimage\"},\"image\":{\"@id\":\"https:\\\/\\\/aztex.ee\\\/cs\\\/pood\\\/prosteradla\\\/lnene-prosteradlo-tmave-seda\\\/#primaryimage\"},\"thumbnailUrl\":\"https:\\\/\\\/aztex.ee\\\/wp-content\\\/uploads\\\/2026\\\/02\\\/Linane-voodilina-Tumehall.jpg\",\"datePublished\":\"2026-02-17T10:40:54+00:00\",\"dateModified\":\"2026-02-17T10:58:34+00:00\",\"description\":\"V\u00fdjime\u010dn\u011b kvalitn\u00ed 100% organick\u00e9 evropsk\u00e9 ln\u011bn\u00e9 prost\u011bradlo. Prody\u0161n\u00fd a odoln\u00fd materi\u00e1l z certifikovan\u00e9ho evropsk\u00e9ho lnu pro dlouhotrvaj\u00edc\u00ed pohodl\u00ed a sv\u011b\u017e\u00ed, zdrav\u00fd sp\u00e1nek.\",\"breadcrumb\":{\"@id\":\"https:\\\/\\\/aztex.ee\\\/cs\\\/pood\\\/prosteradla\\\/lnene-prosteradlo-tmave-seda\\\/#breadcrumb\"},\"inLanguage\":\"cs\",\"potentialAction\":[{\"@type\":\"ReadAction\",\"target\":[\"https:\\\/\\\/aztex.ee\\\/cs\\\/pood\\\/prosteradla\\\/lnene-prosteradlo-tmave-seda\\\/\"]}]},{\"@type\":\"ImageObject\",\"inLanguage\":\"cs\",\"@id\":\"https:\\\/\\\/aztex.ee\\\/cs\\\/pood\\\/prosteradla\\\/lnene-prosteradlo-tmave-seda\\\/#primaryimage\",\"url\":\"https:\\\/\\\/aztex.ee\\\/wp-content\\\/uploads\\\/2026\\\/02\\\/Linane-voodilina-Tumehall.jpg\",\"contentUrl\":\"https:\\\/\\\/aztex.ee\\\/wp-content\\\/uploads\\\/2026\\\/02\\\/Linane-voodilina-Tumehall.jpg\",\"width\":800,\"height\":800},{\"@type\":\"BreadcrumbList\",\"@id\":\"https:\\\/\\\/aztex.ee\\\/cs\\\/pood\\\/prosteradla\\\/lnene-prosteradlo-tmave-seda\\\/#breadcrumb\",\"itemListElement\":[{\"@type\":\"ListItem\",\"position\":1,\"name\":\"Dom\u016f\",\"item\":\"https:\\\/\\\/aztex.ee\\\/cs\\\/\"},{\"@type\":\"ListItem\",\"position\":2,\"name\":\"Obchod\",\"item\":\"https:\\\/\\\/aztex.ee\\\/cs\\\/obchod\\\/\"},{\"@type\":\"ListItem\",\"position\":3,\"name\":\"Ln\u011bn\u00e9 prost\u011bradlo | Tmav\u011b \u0161ed\u00e1\"}]},{\"@type\":\"WebSite\",\"@id\":\"https:\\\/\\\/aztex.ee\\\/cs\\\/#website\",\"url\":\"https:\\\/\\\/aztex.ee\\\/cs\\\/\",\"name\":\"AZTEX\",\"description\":\"\",\"publisher\":{\"@id\":\"https:\\\/\\\/aztex.ee\\\/cs\\\/#organization\"},\"potentialAction\":[{\"@type\":\"SearchAction\",\"target\":{\"@type\":\"EntryPoint\",\"urlTemplate\":\"https:\\\/\\\/aztex.ee\\\/cs\\\/?s={search_term_string}\"},\"query-input\":{\"@type\":\"PropertyValueSpecification\",\"valueRequired\":true,\"valueName\":\"search_term_string\"}}],\"inLanguage\":\"cs\"},{\"@type\":\"Organization\",\"@id\":\"https:\\\/\\\/aztex.ee\\\/cs\\\/#organization\",\"name\":\"AZTEX\",\"url\":\"https:\\\/\\\/aztex.ee\\\/cs\\\/\",\"logo\":{\"@type\":\"ImageObject\",\"inLanguage\":\"cs\",\"@id\":\"https:\\\/\\\/aztex.ee\\\/cs\\\/#\\\/schema\\\/logo\\\/image\\\/\",\"url\":\"https:\\\/\\\/aztex.ee\\\/wp-content\\\/uploads\\\/2026\\\/01\\\/AZTEX.png\",\"contentUrl\":\"https:\\\/\\\/aztex.ee\\\/wp-content\\\/uploads\\\/2026\\\/01\\\/AZTEX.png\",\"width\":500,\"height\":500,\"caption\":\"AZTEX\"},\"image\":{\"@id\":\"https:\\\/\\\/aztex.ee\\\/cs\\\/#\\\/schema\\\/logo\\\/image\\\/\"},\"sameAs\":[\"https:\\\/\\\/www.facebook.com\\\/AztexEE\",\"https:\\\/\\\/www.instagram.com\\\/aztexeesti\\\/\",\"https:\\\/\\\/www.youtube.com\\\/@AZTEXEE\",\"https:\\\/\\\/www.pinterest.com\\\/aztex_eesti\\\/\",\"https:\\\/\\\/www.tiktok.com\\\/@aztexeesti\",\"https:\\\/\\\/www.trustpilot.com\\\/review\\\/aztex.ee\",\"https:\\\/\\\/www.linkedin.com\\\/company\\\/aztex-ee\\\/\",\"https:\\\/\\\/www.wikidata.org\\\/wiki\\\/Q137560182\"]}]}<\/script>\n<!-- \/ Yoast SEO plugin. -->","yoast_head_json":{"title":"Kvalitn\u00ed 100% ln\u011bn\u00e9 prost\u011bradlo \u2013 Tmav\u011b \u0161ed\u00e1 | AZTEX","description":"V\u00fdjime\u010dn\u011b kvalitn\u00ed 100% organick\u00e9 evropsk\u00e9 ln\u011bn\u00e9 prost\u011bradlo. Prody\u0161n\u00fd a odoln\u00fd materi\u00e1l z certifikovan\u00e9ho evropsk\u00e9ho lnu pro dlouhotrvaj\u00edc\u00ed pohodl\u00ed a sv\u011b\u017e\u00ed, zdrav\u00fd sp\u00e1nek.","robots":{"index":"index","follow":"follow","max-snippet":"max-snippet:-1","max-image-preview":"max-image-preview:large","max-video-preview":"max-video-preview:-1"},"canonical":"https:\/\/aztex.ee\/cs\/pood\/prosteradla\/lnene-prosteradlo-tmave-seda\/","og_locale":"cs_CZ","og_type":"article","og_title":"Kvalitn\u00ed 100% ln\u011bn\u00e9 prost\u011bradlo \u2013 Tmav\u011b \u0161ed\u00e1 | AZTEX","og_description":"V\u00fdjime\u010dn\u011b kvalitn\u00ed 100% organick\u00e9 evropsk\u00e9 ln\u011bn\u00e9 prost\u011bradlo. Prody\u0161n\u00fd a odoln\u00fd materi\u00e1l z certifikovan\u00e9ho evropsk\u00e9ho lnu pro dlouhotrvaj\u00edc\u00ed pohodl\u00ed a sv\u011b\u017e\u00ed, zdrav\u00fd sp\u00e1nek.","og_url":"https:\/\/aztex.ee\/cs\/pood\/prosteradla\/lnene-prosteradlo-tmave-seda\/","og_site_name":"AZTEX","article_publisher":"https:\/\/www.facebook.com\/AztexEE","article_modified_time":"2026-02-17T10:58:34+00:00","og_image":[{"width":800,"height":800,"url":"https:\/\/aztex.ee\/wp-content\/uploads\/2026\/02\/Linane-voodilina-Tumehall.jpg","type":"image\/jpeg"}],"twitter_card":"summary_large_image","twitter_misc":{"Odhadovan\u00e1 doba \u010dten\u00ed":"3 minuta"},"schema":{"@context":"https:\/\/schema.org","@graph":[{"@type":["WebPage","ItemPage"],"@id":"https:\/\/aztex.ee\/cs\/pood\/prosteradla\/lnene-prosteradlo-tmave-seda\/","url":"https:\/\/aztex.ee\/cs\/pood\/prosteradla\/lnene-prosteradlo-tmave-seda\/","name":"Kvalitn\u00ed 100% ln\u011bn\u00e9 prost\u011bradlo \u2013 Tmav\u011b \u0161ed\u00e1 | AZTEX","isPartOf":{"@id":"https:\/\/aztex.ee\/cs\/#website"},"primaryImageOfPage":{"@id":"https:\/\/aztex.ee\/cs\/pood\/prosteradla\/lnene-prosteradlo-tmave-seda\/#primaryimage"},"image":{"@id":"https:\/\/aztex.ee\/cs\/pood\/prosteradla\/lnene-prosteradlo-tmave-seda\/#primaryimage"},"thumbnailUrl":"https:\/\/aztex.ee\/wp-content\/uploads\/2026\/02\/Linane-voodilina-Tumehall.jpg","datePublished":"2026-02-17T10:40:54+00:00","dateModified":"2026-02-17T10:58:34+00:00","description":"V\u00fdjime\u010dn\u011b kvalitn\u00ed 100% organick\u00e9 evropsk\u00e9 ln\u011bn\u00e9 prost\u011bradlo. Prody\u0161n\u00fd a odoln\u00fd materi\u00e1l z certifikovan\u00e9ho evropsk\u00e9ho lnu pro dlouhotrvaj\u00edc\u00ed pohodl\u00ed a sv\u011b\u017e\u00ed, zdrav\u00fd sp\u00e1nek.","breadcrumb":{"@id":"https:\/\/aztex.ee\/cs\/pood\/prosteradla\/lnene-prosteradlo-tmave-seda\/#breadcrumb"},"inLanguage":"cs","potentialAction":[{"@type":"ReadAction","target":["https:\/\/aztex.ee\/cs\/pood\/prosteradla\/lnene-prosteradlo-tmave-seda\/"]}]},{"@type":"ImageObject","inLanguage":"cs","@id":"https:\/\/aztex.ee\/cs\/pood\/prosteradla\/lnene-prosteradlo-tmave-seda\/#primaryimage","url":"https:\/\/aztex.ee\/wp-content\/uploads\/2026\/02\/Linane-voodilina-Tumehall.jpg","contentUrl":"https:\/\/aztex.ee\/wp-content\/uploads\/2026\/02\/Linane-voodilina-Tumehall.jpg","width":800,"height":800},{"@type":"BreadcrumbList","@id":"https:\/\/aztex.ee\/cs\/pood\/prosteradla\/lnene-prosteradlo-tmave-seda\/#breadcrumb","itemListElement":[{"@type":"ListItem","position":1,"name":"Dom\u016f","item":"https:\/\/aztex.ee\/cs\/"},{"@type":"ListItem","position":2,"name":"Obchod","item":"https:\/\/aztex.ee\/cs\/obchod\/"},{"@type":"ListItem","position":3,"name":"Ln\u011bn\u00e9 prost\u011bradlo | Tmav\u011b \u0161ed\u00e1"}]},{"@type":"WebSite","@id":"https:\/\/aztex.ee\/cs\/#website","url":"https:\/\/aztex.ee\/cs\/","name":"AZTEX","description":"","publisher":{"@id":"https:\/\/aztex.ee\/cs\/#organization"},"potentialAction":[{"@type":"SearchAction","target":{"@type":"EntryPoint","urlTemplate":"https:\/\/aztex.ee\/cs\/?s={search_term_string}"},"query-input":{"@type":"PropertyValueSpecification","valueRequired":true,"valueName":"search_term_string"}}],"inLanguage":"cs"},{"@type":"Organization","@id":"https:\/\/aztex.ee\/cs\/#organization","name":"AZTEX","url":"https:\/\/aztex.ee\/cs\/","logo":{"@type":"ImageObject","inLanguage":"cs","@id":"https:\/\/aztex.ee\/cs\/#\/schema\/logo\/image\/","url":"https:\/\/aztex.ee\/wp-content\/uploads\/2026\/01\/AZTEX.png","contentUrl":"https:\/\/aztex.ee\/wp-content\/uploads\/2026\/01\/AZTEX.png","width":500,"height":500,"caption":"AZTEX"},"image":{"@id":"https:\/\/aztex.ee\/cs\/#\/schema\/logo\/image\/"},"sameAs":["https:\/\/www.facebook.com\/AztexEE","https:\/\/www.instagram.com\/aztexeesti\/","https:\/\/www.youtube.com\/@AZTEXEE","https:\/\/www.pinterest.com\/aztex_eesti\/","https:\/\/www.tiktok.com\/@aztexeesti","https:\/\/www.trustpilot.com\/review\/aztex.ee","https:\/\/www.linkedin.com\/company\/aztex-ee\/","https:\/\/www.wikidata.org\/wiki\/Q137560182"]}]}},"_links":{"self":[{"href":"https:\/\/aztex.ee\/cs\/wp-json\/wp\/v2\/product\/103376","targetHints":{"allow":["GET"]}}],"collection":[{"href":"https:\/\/aztex.ee\/cs\/wp-json\/wp\/v2\/product"}],"about":[{"href":"https:\/\/aztex.ee\/cs\/wp-json\/wp\/v2\/types\/product"}],"replies":[{"embeddable":true,"href":"https:\/\/aztex.ee\/cs\/wp-json\/wp\/v2\/comments?post=103376"}],"version-history":[{"count":2,"href":"https:\/\/aztex.ee\/cs\/wp-json\/wp\/v2\/product\/103376\/revisions"}],"predecessor-version":[{"id":103471,"href":"https:\/\/aztex.ee\/cs\/wp-json\/wp\/v2\/product\/103376\/revisions\/103471"}],"wp:featuredmedia":[{"embeddable":true,"href":"https:\/\/aztex.ee\/cs\/wp-json\/wp\/v2\/media\/103397"}],"wp:attachment":[{"href":"https:\/\/aztex.ee\/cs\/wp-json\/wp\/v2\/media?parent=103376"}],"wp:term":[{"taxonomy":"product_brand","embeddable":true,"href":"https:\/\/aztex.ee\/cs\/wp-json\/wp\/v2\/product_brand?post=103376"},{"taxonomy":"product_cat","embeddable":true,"href":"https:\/\/aztex.ee\/cs\/wp-json\/wp\/v2\/product_cat?post=103376"},{"taxonomy":"product_tag","embeddable":true,"href":"https:\/\/aztex.ee\/cs\/wp-json\/wp\/v2\/product_tag?post=103376"}],"curies":[{"name":"wp","href":"https:\/\/api.w.org\/{rel}","templated":true}]}}