{"id":93983,"date":"2025-09-06T05:46:58","date_gmt":"2025-09-06T05:46:58","guid":{"rendered":"https:\/\/aztex.ee\/recenze-zakazniku\/"},"modified":"2025-09-06T06:48:23","modified_gmt":"2025-09-06T06:48:23","slug":"recenze-zakazniku","status":"publish","type":"page","link":"https:\/\/aztex.ee\/cs\/recenze-zakazniku\/","title":{"rendered":"Recenze z\u00e1kazn\u00edk\u016f"},"content":{"rendered":"\n<div data-block-name=\"woocommerce\/all-reviews\" class=\"wp-block-woocommerce-all-reviews wc-block-all-reviews has-image has-name has-date has-rating has-content has-product-name\" data-image-type=\"product\" data-orderby=\"most-recent\" data-reviews-on-page-load=\"15\" data-reviews-on-load-more=\"10\" data-show-load-more=\"true\" data-show-orderby=\"true\"><\/div>\n","protected":false},"excerpt":{"rendered":"","protected":false},"author":1,"featured_media":0,"parent":0,"menu_order":0,"comment_status":"closed","ping_status":"closed","template":"","meta":{"footnotes":""},"class_list":["post-93983","page","type-page","status-publish","hentry"],"yoast_head":"<!-- This site is optimized with the Yoast SEO plugin v27.4 - https:\/\/yoast.com\/product\/yoast-seo-wordpress\/ -->\n<title>Jak z\u00e1kazn\u00edci hodnot\u00ed AZTEX<\/title>\n<meta name=\"description\" content=\"Hodnocen\u00ed a recenze z\u00e1kazn\u00edk\u016f AZTEX \u2013 pod\u00edvejte se, co si o na\u0161ich produktech mysl\u00ed ostatn\u00ed, a najd\u011bte d\u016fv\u011bryhodnou zp\u011btnou vazbu.\" \/>\n<meta name=\"robots\" content=\"index, follow, max-snippet:-1, max-image-preview:large, max-video-preview:-1\" \/>\n<link rel=\"canonical\" href=\"https:\/\/aztex.ee\/cs\/recenze-zakazniku\/\" \/>\n<meta property=\"og:locale\" content=\"cs_CZ\" \/>\n<meta property=\"og:type\" content=\"article\" \/>\n<meta property=\"og:title\" content=\"Jak z\u00e1kazn\u00edci hodnot\u00ed AZTEX\" \/>\n<meta property=\"og:description\" content=\"Hodnocen\u00ed a recenze z\u00e1kazn\u00edk\u016f AZTEX \u2013 pod\u00edvejte se, co si o na\u0161ich produktech mysl\u00ed ostatn\u00ed, a najd\u011bte d\u016fv\u011bryhodnou zp\u011btnou vazbu.\" \/>\n<meta property=\"og:url\" content=\"https:\/\/aztex.ee\/cs\/recenze-zakazniku\/\" \/>\n<meta property=\"og:site_name\" content=\"AZTEX\" \/>\n<meta property=\"article:publisher\" content=\"https:\/\/www.facebook.com\/AztexEE\" \/>\n<meta property=\"article:modified_time\" content=\"2025-09-06T06:48:23+00:00\" \/>\n<meta name=\"twitter:card\" content=\"summary_large_image\" \/>\n<script type=\"application\/ld+json\" class=\"yoast-schema-graph\">{\"@context\":\"https:\\\/\\\/schema.org\",\"@graph\":[{\"@type\":\"WebPage\",\"@id\":\"https:\\\/\\\/aztex.ee\\\/cs\\\/recenze-zakazniku\\\/\",\"url\":\"https:\\\/\\\/aztex.ee\\\/cs\\\/recenze-zakazniku\\\/\",\"name\":\"Jak z\u00e1kazn\u00edci hodnot\u00ed AZTEX\",\"isPartOf\":{\"@id\":\"https:\\\/\\\/aztex.ee\\\/cs\\\/#website\"},\"datePublished\":\"2025-09-06T05:46:58+00:00\",\"dateModified\":\"2025-09-06T06:48:23+00:00\",\"description\":\"Hodnocen\u00ed a recenze z\u00e1kazn\u00edk\u016f AZTEX \u2013 pod\u00edvejte se, co si o na\u0161ich produktech mysl\u00ed ostatn\u00ed, a najd\u011bte d\u016fv\u011bryhodnou zp\u011btnou vazbu.\",\"breadcrumb\":{\"@id\":\"https:\\\/\\\/aztex.ee\\\/cs\\\/recenze-zakazniku\\\/#breadcrumb\"},\"inLanguage\":\"cs\",\"potentialAction\":[{\"@type\":\"ReadAction\",\"target\":[\"https:\\\/\\\/aztex.ee\\\/cs\\\/recenze-zakazniku\\\/\"]}]},{\"@type\":\"BreadcrumbList\",\"@id\":\"https:\\\/\\\/aztex.ee\\\/cs\\\/recenze-zakazniku\\\/#breadcrumb\",\"itemListElement\":[{\"@type\":\"ListItem\",\"position\":1,\"name\":\"Dom\u016f\",\"item\":\"https:\\\/\\\/aztex.ee\\\/cs\\\/\"},{\"@type\":\"ListItem\",\"position\":2,\"name\":\"Recenze z\u00e1kazn\u00edk\u016f\"}]},{\"@type\":\"WebSite\",\"@id\":\"https:\\\/\\\/aztex.ee\\\/cs\\\/#website\",\"url\":\"https:\\\/\\\/aztex.ee\\\/cs\\\/\",\"name\":\"AZTEX\",\"description\":\"\",\"publisher\":{\"@id\":\"https:\\\/\\\/aztex.ee\\\/cs\\\/#organization\"},\"potentialAction\":[{\"@type\":\"SearchAction\",\"target\":{\"@type\":\"EntryPoint\",\"urlTemplate\":\"https:\\\/\\\/aztex.ee\\\/cs\\\/?s={search_term_string}\"},\"query-input\":{\"@type\":\"PropertyValueSpecification\",\"valueRequired\":true,\"valueName\":\"search_term_string\"}}],\"inLanguage\":\"cs\"},{\"@type\":\"Organization\",\"@id\":\"https:\\\/\\\/aztex.ee\\\/cs\\\/#organization\",\"name\":\"AZTEX\",\"url\":\"https:\\\/\\\/aztex.ee\\\/cs\\\/\",\"logo\":{\"@type\":\"ImageObject\",\"inLanguage\":\"cs\",\"@id\":\"https:\\\/\\\/aztex.ee\\\/cs\\\/#\\\/schema\\\/logo\\\/image\\\/\",\"url\":\"https:\\\/\\\/aztex.ee\\\/wp-content\\\/uploads\\\/2026\\\/01\\\/AZTEX.png\",\"contentUrl\":\"https:\\\/\\\/aztex.ee\\\/wp-content\\\/uploads\\\/2026\\\/01\\\/AZTEX.png\",\"width\":500,\"height\":500,\"caption\":\"AZTEX\"},\"image\":{\"@id\":\"https:\\\/\\\/aztex.ee\\\/cs\\\/#\\\/schema\\\/logo\\\/image\\\/\"},\"sameAs\":[\"https:\\\/\\\/www.facebook.com\\\/AztexEE\",\"https:\\\/\\\/www.instagram.com\\\/aztexeesti\\\/\",\"https:\\\/\\\/www.youtube.com\\\/@AZTEXEE\",\"https:\\\/\\\/www.pinterest.com\\\/aztex_eesti\\\/\",\"https:\\\/\\\/www.tiktok.com\\\/@aztexeesti\",\"https:\\\/\\\/www.trustpilot.com\\\/review\\\/aztex.ee\",\"https:\\\/\\\/www.linkedin.com\\\/company\\\/aztex-ee\\\/\",\"https:\\\/\\\/www.wikidata.org\\\/wiki\\\/Q137560182\"]}]}<\/script>\n<!-- \/ Yoast SEO plugin. -->","yoast_head_json":{"title":"Jak z\u00e1kazn\u00edci hodnot\u00ed AZTEX","description":"Hodnocen\u00ed a recenze z\u00e1kazn\u00edk\u016f AZTEX \u2013 pod\u00edvejte se, co si o na\u0161ich produktech mysl\u00ed ostatn\u00ed, a najd\u011bte d\u016fv\u011bryhodnou zp\u011btnou vazbu.","robots":{"index":"index","follow":"follow","max-snippet":"max-snippet:-1","max-image-preview":"max-image-preview:large","max-video-preview":"max-video-preview:-1"},"canonical":"https:\/\/aztex.ee\/cs\/recenze-zakazniku\/","og_locale":"cs_CZ","og_type":"article","og_title":"Jak z\u00e1kazn\u00edci hodnot\u00ed AZTEX","og_description":"Hodnocen\u00ed a recenze z\u00e1kazn\u00edk\u016f AZTEX \u2013 pod\u00edvejte se, co si o na\u0161ich produktech mysl\u00ed ostatn\u00ed, a najd\u011bte d\u016fv\u011bryhodnou zp\u011btnou vazbu.","og_url":"https:\/\/aztex.ee\/cs\/recenze-zakazniku\/","og_site_name":"AZTEX","article_publisher":"https:\/\/www.facebook.com\/AztexEE","article_modified_time":"2025-09-06T06:48:23+00:00","twitter_card":"summary_large_image","schema":{"@context":"https:\/\/schema.org","@graph":[{"@type":"WebPage","@id":"https:\/\/aztex.ee\/cs\/recenze-zakazniku\/","url":"https:\/\/aztex.ee\/cs\/recenze-zakazniku\/","name":"Jak z\u00e1kazn\u00edci hodnot\u00ed AZTEX","isPartOf":{"@id":"https:\/\/aztex.ee\/cs\/#website"},"datePublished":"2025-09-06T05:46:58+00:00","dateModified":"2025-09-06T06:48:23+00:00","description":"Hodnocen\u00ed a recenze z\u00e1kazn\u00edk\u016f AZTEX \u2013 pod\u00edvejte se, co si o na\u0161ich produktech mysl\u00ed ostatn\u00ed, a najd\u011bte d\u016fv\u011bryhodnou zp\u011btnou vazbu.","breadcrumb":{"@id":"https:\/\/aztex.ee\/cs\/recenze-zakazniku\/#breadcrumb"},"inLanguage":"cs","potentialAction":[{"@type":"ReadAction","target":["https:\/\/aztex.ee\/cs\/recenze-zakazniku\/"]}]},{"@type":"BreadcrumbList","@id":"https:\/\/aztex.ee\/cs\/recenze-zakazniku\/#breadcrumb","itemListElement":[{"@type":"ListItem","position":1,"name":"Dom\u016f","item":"https:\/\/aztex.ee\/cs\/"},{"@type":"ListItem","position":2,"name":"Recenze z\u00e1kazn\u00edk\u016f"}]},{"@type":"WebSite","@id":"https:\/\/aztex.ee\/cs\/#website","url":"https:\/\/aztex.ee\/cs\/","name":"AZTEX","description":"","publisher":{"@id":"https:\/\/aztex.ee\/cs\/#organization"},"potentialAction":[{"@type":"SearchAction","target":{"@type":"EntryPoint","urlTemplate":"https:\/\/aztex.ee\/cs\/?s={search_term_string}"},"query-input":{"@type":"PropertyValueSpecification","valueRequired":true,"valueName":"search_term_string"}}],"inLanguage":"cs"},{"@type":"Organization","@id":"https:\/\/aztex.ee\/cs\/#organization","name":"AZTEX","url":"https:\/\/aztex.ee\/cs\/","logo":{"@type":"ImageObject","inLanguage":"cs","@id":"https:\/\/aztex.ee\/cs\/#\/schema\/logo\/image\/","url":"https:\/\/aztex.ee\/wp-content\/uploads\/2026\/01\/AZTEX.png","contentUrl":"https:\/\/aztex.ee\/wp-content\/uploads\/2026\/01\/AZTEX.png","width":500,"height":500,"caption":"AZTEX"},"image":{"@id":"https:\/\/aztex.ee\/cs\/#\/schema\/logo\/image\/"},"sameAs":["https:\/\/www.facebook.com\/AztexEE","https:\/\/www.instagram.com\/aztexeesti\/","https:\/\/www.youtube.com\/@AZTEXEE","https:\/\/www.pinterest.com\/aztex_eesti\/","https:\/\/www.tiktok.com\/@aztexeesti","https:\/\/www.trustpilot.com\/review\/aztex.ee","https:\/\/www.linkedin.com\/company\/aztex-ee\/","https:\/\/www.wikidata.org\/wiki\/Q137560182"]}]}},"_links":{"self":[{"href":"https:\/\/aztex.ee\/cs\/wp-json\/wp\/v2\/pages\/93983","targetHints":{"allow":["GET"]}}],"collection":[{"href":"https:\/\/aztex.ee\/cs\/wp-json\/wp\/v2\/pages"}],"about":[{"href":"https:\/\/aztex.ee\/cs\/wp-json\/wp\/v2\/types\/page"}],"author":[{"embeddable":true,"href":"https:\/\/aztex.ee\/cs\/wp-json\/wp\/v2\/users\/1"}],"replies":[{"embeddable":true,"href":"https:\/\/aztex.ee\/cs\/wp-json\/wp\/v2\/comments?post=93983"}],"version-history":[{"count":0,"href":"https:\/\/aztex.ee\/cs\/wp-json\/wp\/v2\/pages\/93983\/revisions"}],"wp:attachment":[{"href":"https:\/\/aztex.ee\/cs\/wp-json\/wp\/v2\/media?parent=93983"}],"curies":[{"name":"wp","href":"https:\/\/api.w.org\/{rel}","templated":true}]}}