{"id":23459,"date":"2024-08-15T14:36:01","date_gmt":"2024-08-15T14:36:01","guid":{"rendered":"https:\/\/aztex.ee\/muugitingimused\/"},"modified":"2024-11-23T11:35:11","modified_gmt":"2024-11-23T11:35:11","slug":"obchodni-podminky","status":"publish","type":"page","link":"https:\/\/aztex.ee\/cs\/obchodni-podminky\/","title":{"rendered":"Obchodn\u00ed podm\u00ednky"},"content":{"rendered":"\n<p>Vlastn\u00edkem internetov\u00e9ho obchodu <strong>aztex.ee<\/strong> (d\u00e1le jen Internetov\u00fd obchod) je <strong>Minu Baltic O\u00dc<\/strong> (registra\u010dn\u00ed k\u00f3d <strong>16809904<\/strong>) se s\u00eddlem v Ida-Viru County, L\u00fcganuse Rural Municipality, L\u00fcganuse Alevik, Papli tn 4-6, 43301<\/p>\n\n\n\n<ol class=\"wp-block-list\">\n<li><strong>Platnost kupn\u00ed smlouvy, informace o produktu a cen\u011b<\/strong><\/li>\n<\/ol>\n\n\n\n<p>Obchodn\u00ed podm\u00ednky plat\u00ed pro n\u00e1kup zbo\u017e\u00ed z internetov\u00e9ho obchodu <strong>Minu Baltic O\u00dc<\/strong>. Ceny produkt\u016f prod\u00e1van\u00fdch v internetov\u00e9m obchod\u011b jsou uvedeny u produkt\u016f. K cen\u011b se p\u0159ipo\u010d\u00edt\u00e1v\u00e1 poplatek za doru\u010den\u00ed, pokud nen\u00ed uvedeno jinak. Ceny produkt\u016f prod\u00e1van\u00fdch v internetov\u00e9m obchod\u011b jsou v eurech a platba prob\u00edh\u00e1 rovn\u011b\u017e v eurech. Informace o zbo\u017e\u00ed jsou uvedeny v internetov\u00e9m obchod\u011b p\u0159\u00edmo u zbo\u017e\u00ed.<\/p>\n\n\n\n<ol start=\"2\" class=\"wp-block-list\">\n<li><strong>Zad\u00e1n\u00ed objedn\u00e1vky \/ mo\u017enosti platby<\/strong><\/li>\n<\/ol>\n\n\n\n<p>Pro objedn\u00e1n\u00ed zbo\u017e\u00ed je nutn\u00e9 vlo\u017eit po\u017eadovan\u00e9 produkty do n\u00e1kupn\u00edho ko\u0161\u00edku. Pro zad\u00e1n\u00ed objedn\u00e1vky je nutn\u00e9 vyplnit po\u017eadovan\u00e1 datov\u00e1 pole a vybrat vhodn\u00fd zp\u016fsob doru\u010den\u00ed produkt\u016f. V\u00fd\u0161e poplatku se pot\u00e9 zobraz\u00ed na obrazovce, kterou lze bezpe\u010dn\u011b zaplatit n\u00e1sleduj\u00edc\u00edmi zp\u016fsoby platby:<\/p>\n\n\n\n<p>\u2013 bankovn\u00edm p\u0159evodem;<\/p>\n\n\n\n<p>\u2013 estonsk\u00e9, loty\u0161sk\u00e9, litevsk\u00e9 a finsk\u00e9 bankovn\u00ed spojen\u00ed;<\/p>\n\n\n\n<p>\u2013 Platba kreditn\u00ed kartou.<\/p>\n\n\n\n<p>Pro platbu bankovn\u00edm odkazem klikn\u011bte na logo sv\u00e9 domovsk\u00e9 banky a budete p\u0159esm\u011brov\u00e1ni na str\u00e1nku internetov\u00e9 banky, kde na v\u00e1s \u010dek\u00e1 p\u0159edvypln\u011bn\u00fd platebn\u00ed p\u0159\u00edkaz. Ujist\u011bte se, \u017ee je \u010d\u00e1stka spr\u00e1vn\u00e1 a potvr\u010fte transakci. Pot\u00e9 nezapome\u0148te kliknout na tla\u010d\u00edtko \u201eZp\u011bt k obchodn\u00edkovi\u201c \u2013 \u200b\u200bpouze tehdy n\u00e1\u0161 syst\u00e9m okam\u017eit\u011b obdr\u017e\u00ed upozorn\u011bn\u00ed, \u017ee jste platbu \u00fasp\u011b\u0161n\u011b dokon\u010dili.<\/p>\n\n\n\n<p>Sv\u00e9 bankovn\u00ed \u00fadaje zad\u00e1v\u00e1te p\u0159\u00edmo do syst\u00e9mu Banks Card Center. Informace souvisej\u00edc\u00ed s va\u0161\u00edm bankovn\u00edm \u00fa\u010dtem a platbou se neukl\u00e1daj\u00ed, p\u0159i p\u0159enosu dat se pou\u017e\u00edv\u00e1 zabezpe\u010den\u00e9 p\u0159ipojen\u00ed SSL.<\/p>\n\n\n\n<p>Minu Baltic O\u00dc je spr\u00e1vcem osobn\u00edch \u00fadaj\u016f, Minu Baltic O\u00dc p\u0159ed\u00e1v\u00e1 osobn\u00ed \u00fadaje nezbytn\u00e9 k prov\u00e1d\u011bn\u00ed plateb opr\u00e1vn\u011bn\u00e9mu zpracovateli Maksekeskus AS.<\/p>\n\n\n\n<p>Smlouva vstupuje v platnost okam\u017eikem p\u0159ips\u00e1n\u00ed dlu\u017en\u00e9 \u010d\u00e1stky na b\u011b\u017en\u00fd \u00fa\u010det internetov\u00e9ho obchodu.<\/p>\n\n\n\n<ol start=\"3\" class=\"wp-block-list\">\n<li><strong>Doru\u010den\u00ed<\/strong><\/li>\n<\/ol>\n\n\n\n<p>Zbo\u017e\u00ed je zas\u00edl\u00e1no do t\u011bchto zem\u00ed: Estonsko a dal\u0161\u00ed evropsk\u00e9 zem\u011b dle ceny a zp\u016fsobu dopravy zobrazen\u00e9 v n\u00e1kupn\u00edm ko\u0161\u00edku. Zasl\u00e1n\u00ed do jin\u00fdch zem\u00ed a region\u016f podl\u00e9h\u00e1 samostatn\u00e9 dohod\u011b.<\/p>\n\n\n\n<p>K zakoupen\u00fdm produkt\u016fm budou \u00fa\u010dtov\u00e1ny dodate\u010dn\u00e9 n\u00e1klady na po\u0161tovn\u00e9 (nen\u00ed-li uvedeno jinak), kter\u00e9 hrad\u00ed kupuj\u00edc\u00ed. Objedn\u00e1vky doru\u010d\u00edme dle V\u00e1mi zvolen\u00e9ho zp\u016fsobu dopravy. Va\u0161i objedn\u00e1vku ode\u0161leme do 1-3 pracovn\u00edch dn\u016f po obdr\u017een\u00ed \u010d\u00e1stky, kterou za objedn\u00e1vku zaplat\u00edte, na bankovn\u00ed \u00fa\u010det Minu Baltic O\u00dc. Ve v\u00fdjime\u010dn\u00fdch p\u0159\u00edpadech m\u016f\u017ee b\u00fdt dodac\u00ed lh\u016fta del\u0161\u00ed, v takov\u00e9m p\u0159\u00edpad\u011b v\u00e1s budeme zvl\u00e1\u0161\u0165 informovat.<\/p>\n\n\n\n<p>V p\u0159\u00edpad\u011b, \u017ee objednan\u00e9 zbo\u017e\u00ed nebude mo\u017en\u00e9 dodat z d\u016fvodu vyprod\u00e1n\u00ed zbo\u017e\u00ed nebo z jin\u00e9ho d\u016fvodu, bude o tom kupuj\u00edc\u00ed co nejd\u0159\u00edve informov\u00e1n a zaplacen\u00e9 pen\u00edze (v\u010detn\u011b n\u00e1klad\u016f na dod\u00e1n\u00ed zbo\u017e\u00ed) mu budou vr\u00e1ceny neprodlen\u011b, nejpozd\u011bji v\u0161ak ne\u017e 14 dn\u016f ode dne odesl\u00e1n\u00ed ozn\u00e1men\u00ed.<\/p>\n\n\n\n<ol start=\"4\" class=\"wp-block-list\">\n<li><strong>Produkty a dostupnost produkt\u016f<\/strong><\/li>\n<\/ol>\n\n\n\n<p>N\u00e1\u0161 sortiment neust\u00e1le aktualizujeme. M\u016f\u017ee se v\u0161ak st\u00e1t, \u017ee dostupnost produktu skon\u010d\u00ed d\u0159\u00edve, ne\u017e dojde k aktualizaci produktov\u00e9ho katalogu. V takov\u00e9m p\u0159\u00edpad\u011b V\u00e1s budeme kontaktovat a po dohod\u011b produkt vym\u011bn\u00edme nebo objedn\u00e1vku zru\u0161\u00edme. Pokud dojde ke zru\u0161en\u00ed objedn\u00e1vky z d\u016fvodu ukon\u010den\u00ed dostupnosti zbo\u017e\u00ed, vr\u00e1t\u00edme pen\u00edze do 7 pracovn\u00edch dn\u016f.<\/p>\n\n\n\n<ol start=\"5\" class=\"wp-block-list\">\n<li><strong>Dal\u0161\u00ed podm\u00ednky<\/strong><\/li>\n<\/ol>\n\n\n\n<p>Vyhrazujeme si pr\u00e1vo m\u011bnit a dopl\u0148ovat ceny nab\u00edzen\u00fdch produkt\u016f. Tyto zm\u011bny budou \u00fa\u010dinn\u00e9 od okam\u017eiku, kdy se objev\u00ed v na\u0161em internetov\u00e9m obchod\u011b.<\/p>\n\n\n\n<p>Prod\u00e1vaj\u00edc\u00ed neodpov\u00edd\u00e1 za vady v\u00fdrobku, kter\u00e9 vznikly vinou kupuj\u00edc\u00edho nebo vznikla-li vada v d\u016fsledku nepravideln\u00e9ho u\u017e\u00edv\u00e1n\u00ed v\u00fdrobku.<\/p>\n\n\n\n<p>Prod\u00e1vaj\u00edc\u00ed m\u00e1 pr\u00e1vo odstoupit od objedn\u00e1vky v p\u0159\u00edpad\u011b, \u017ee objednan\u00e9 zbo\u017e\u00ed nen\u00ed skladem.<\/p>\n\n\n\n<p>Pokud se v d\u016fsledku technick\u00e9 chyby zm\u011bnila\/zm\u011bnila cena produktu nab\u00edzen\u00e9ho v internetov\u00e9m obchod\u011b na nep\u0159im\u011b\u0159en\u011b levnou ve srovn\u00e1n\u00ed s b\u011b\u017enou tr\u017en\u00ed cenou produktu, m\u00e1 prod\u00e1vaj\u00edc\u00ed pr\u00e1vo odstoupit od prodejn\u00ed transakce v\u00fdrobek za nespr\u00e1vnou cenu zp\u016fsobenou technickou chybou, za p\u0159edpokladu, \u017ee prod\u00e1vaj\u00edc\u00ed je\u0161t\u011b nezaslal v\u00fdrobek kupuj\u00edc\u00edmu na m\u00edsto ur\u010den\u00ed.<\/p>\n\n\n\n<ol start=\"6\" class=\"wp-block-list\">\n<li><strong>Uplat\u0148ov\u00e1n\u00ed reklamac\u00ed a vr\u00e1cen\u00ed zbo\u017e\u00ed<\/strong><\/li>\n<\/ol>\n\n\n\n<p>V\u0161echny produkty podl\u00e9haj\u00ed lh\u016ft\u011b pro pod\u00e1n\u00ed reklamace v souladu s \u00a7 218 estonsk\u00e9ho z\u00e1kona o ochran\u011b spot\u0159ebitele. Jako doklad o vr\u00e1cen\u00ed slou\u017e\u00ed n\u00e1kupn\u00ed faktura. V p\u0159\u00edpad\u011b produkt\u016f V\u00e1s \u017e\u00e1d\u00e1me, abyste pe\u010dliv\u011b dodr\u017eovali n\u00e1vod k obsluze a \u00fadr\u017eb\u011b a odpov\u00eddaj\u00edc\u00ed pokyny p\u0159ilo\u017een\u00e9 ke zbo\u017e\u00ed. Pr\u00e1vo na uplatn\u011bn\u00ed reklamace se neuplatn\u00ed, pokud vada zbo\u017e\u00ed vznikla nespr\u00e1vn\u00fdm pou\u017e\u00edv\u00e1n\u00edm v\u00fdrobku nebo po\u0161kozen\u00edm v\u00fdrobku. Pro uplatn\u011bn\u00ed reklamace za\u0161lete pros\u00edm p\u0159esn\u00fd popis z\u00e1vady, jm\u00e9no objednavatele, kontaktn\u00ed telefon a \u010d\u00edslo objedn\u00e1vky na info@aztex.ee<\/p>\n\n\n\n<p>N\u00e1rok na vr\u00e1cen\u00ed zbo\u017e\u00ed je 14 dn\u00ed. Zbo\u017e\u00ed mus\u00ed b\u00fdt v p\u016fvodn\u00edm obalu s p\u016fvodn\u00ed fakturou a ve\u0161ker\u00fdm ozna\u010den\u00edm. Zbo\u017e\u00ed nesm\u00ed b\u00fdt pou\u017eit\u00e9. Po obdr\u017een\u00ed formul\u00e1\u0159e pro odstoupen\u00ed od smlouvy vr\u00e1t\u00ed podnikatel spot\u0159ebiteli neprodlen\u011b, nejpozd\u011bji v\u0161ak do 14 dn\u016f, v\u0161echny poplatky, kter\u00e9 od spot\u0159ebitele p\u0159ijal na z\u00e1klad\u011b smlouvy, mimo jin\u00e9 v\u010detn\u011b n\u00e1klad\u016f na dod\u00e1n\u00ed zbo\u017e\u00ed spot\u0159ebitele. Pokud si spot\u0159ebitel v\u00fdslovn\u011b zvolil jin\u00fd ne\u017e nejlevn\u011bj\u0161\u00ed zp\u016fsob standardn\u00edho dod\u00e1n\u00ed nab\u00edzen\u00fd podnikatelem, nen\u00ed podnikatel povinen vr\u00e1tit spot\u0159ebiteli n\u00e1klady, kter\u00e9 p\u0159esahuj\u00ed n\u00e1klady na standardn\u00ed zp\u016fsob dod\u00e1n\u00ed (\u00a7 492 estonsk\u00e9ho obchodn\u00edho z\u00e1kon\u00edku) . Pokud je zbo\u017e\u00ed, kter\u00e9 m\u00e1 b\u00fdt vr\u00e1ceno, otev\u0159eno nebo jinak po\u0161kozeno, zbo\u017e\u00ed nelze vr\u00e1tit a je pova\u017eov\u00e1no za pou\u017eit\u00e9. Zp\u00e1te\u010dn\u00ed adresa a zp\u016fsob doru\u010den\u00ed se dohodnou pro ka\u017ed\u00fd p\u0159\u00edpad zvl\u00e1\u0161\u0165.<\/p>\n\n\n\n<p>Pro vr\u00e1cen\u00ed zbo\u017e\u00ed je nutn\u00e9 odeslat formul\u00e1\u0159 pro odstoupen\u00ed od smlouvy, jeho\u017e formul\u00e1\u0159 naleznete zde: formul\u00e1\u0159 pro odstoupen\u00ed od smlouvy, a zaslat na e-mailovou adresu info@aztex.ee<br>nejpozd\u011bji do 14 dn\u016f od p\u0159evzet\u00ed zbo\u017e\u00ed.<\/p>\n\n\n\n<p>N\u00e1klady na vr\u00e1cen\u00ed zbo\u017e\u00ed nese kupuj\u00edc\u00ed, leda\u017ee by d\u016fvodem vr\u00e1cen\u00ed bylo, \u017ee vr\u00e1cen\u00fd produkt neodpov\u00edd\u00e1 objedn\u00e1vce (nap\u0159. chybn\u00fd nebo vadn\u00fd produkt).<\/p>\n\n\n\n<p>Pokud si Z\u00e1kazn\u00edk nevyzvedne objedn\u00e1vku na po\u0161t\u011b\/bal\u00edkomatu b\u011bhem skladovac\u00ed doby, bude objedn\u00e1vka vr\u00e1cena Minu Baltic O\u00dc. Pro obdr\u017een\u00ed objedn\u00e1vky mus\u00ed z\u00e1kazn\u00edk zaplatit Minu Baltic O\u00dc n\u00e1klady na vr\u00e1cen\u00ed a op\u011btovn\u00e9 vystaven\u00ed bal\u00ed\u010dku podle aktu\u00e1ln\u00edho cen\u00edku Omniva\/Itella Smartpost\/DPD. Po\u010d\u00e1te\u010dn\u00ed n\u00e1klady na dopravu se podle v\u00fd\u0161e uveden\u00e9ho bodu nevrac\u00ed.<\/p>\n\n\n\n<p>Poskytovatel slu\u017eby odpov\u00edd\u00e1 za p\u0159\u00edpadn\u00e9 neshody \u010di vady prodan\u00e9ho zbo\u017e\u00ed, kter\u00e9 se projev\u00ed do dvou let od dod\u00e1n\u00ed zbo\u017e\u00ed spot\u0159ebiteli. Po dobu prvn\u00edch \u0161esti m\u011bs\u00edc\u016f od dod\u00e1n\u00ed zbo\u017e\u00ed kupuj\u00edc\u00edmu se m\u00e1 za to, \u017ee vada existovala ji\u017e v dob\u011b dod\u00e1n\u00ed.<\/p>\n\n\n\n<p>V p\u0159\u00edpad\u011b zji\u0161t\u011bn\u00ed vady zbo\u017e\u00ed je spot\u0159ebitel povinen tuto skute\u010dnost nejpozd\u011bji do dvou m\u011bs\u00edc\u016f ozn\u00e1mit prod\u00e1vaj\u00edc\u00edmu nebo uplatnit reklamaci (V\u00d5S \u00a7 220 odst. 1).<\/p>\n\n\n\n<p>Pokud je zji\u0161t\u011bna z\u00e1vada, mus\u00ed b\u00fdt pou\u017e\u00edv\u00e1n\u00ed v\u00fdrobku okam\u017eit\u011b zastaveno.<\/p>\n\n\n\n<p>Reklamace mus\u00ed b\u00fdt p\u0159edlo\u017eena ve form\u011b, kterou lze reprodukovat p\u00edsemn\u011b a mus\u00ed obsahovat:<\/p>\n\n\n\n<p>\u2013 jm\u00e9no a kontaktn\u00ed \u00fadaje spot\u0159ebitele;<\/p>\n\n\n\n<p>\u2013 datum st\u00ed\u017enosti;<\/p>\n\n\n\n<p>\u2013 vadu zbo\u017e\u00ed nebo slu\u017eby;<\/p>\n\n\n\n<p>\u2013 pohled\u00e1vka v\u016f\u010di podnikateli;<\/p>\n\n\n\n<p>\u2013 k reklamaci je t\u0159eba odk\u00e1zat na doklad prokazuj\u00edc\u00ed transakci nebo z\u00e1ruku nebo p\u0159ilo\u017eit jeho kopii.<\/p>\n\n\n\n<ol start=\"7\" class=\"wp-block-list\">\n<li><strong>Neshody<\/strong><\/li>\n<\/ol>\n\n\n\n<p>Ve\u0161ker\u00e9 neshody budou \u0159e\u0161eny rozumn\u00fdm vz\u00e1jemn\u00fdm jedn\u00e1n\u00edm. Pokud strany nedos\u00e1hnou dohody, budou spory \u0159e\u0161eny v souladu s pr\u00e1vn\u00edmi p\u0159edpisy Estonsk\u00e9 republiky.<\/p>\n","protected":false},"excerpt":{"rendered":"<p>Vlastn\u00edkem internetov\u00e9ho obchodu aztex.ee (d\u00e1le jen Internetov\u00fd obchod) je Minu Baltic O\u00dc (registra\u010dn\u00ed k\u00f3d 16809904) se s\u00eddlem v Ida-Viru County,<\/p>\n","protected":false},"author":1,"featured_media":0,"parent":0,"menu_order":0,"comment_status":"closed","ping_status":"closed","template":"","meta":{"footnotes":""},"class_list":["post-23459","page","type-page","status-publish","hentry"],"yoast_head":"<!-- This site is optimized with the Yoast SEO plugin v27.4 - https:\/\/yoast.com\/product\/yoast-seo-wordpress\/ -->\n<title>Obchodn\u00ed podm\u00ednky | AZTEX<\/title>\n<meta name=\"description\" content=\"Minu Baltic O\u00dc (registra\u010dn\u00ed k\u00f3d 16809904), se s\u00eddlem v kraji Ida-Viru, m\u011bsto L\u00fcganuse, Papli 4-6, PS\u010c 43301\" \/>\n<meta name=\"robots\" content=\"index, follow, max-snippet:-1, max-image-preview:large, max-video-preview:-1\" \/>\n<link rel=\"canonical\" href=\"https:\/\/aztex.ee\/cs\/obchodni-podminky\/\" \/>\n<meta property=\"og:locale\" content=\"cs_CZ\" \/>\n<meta property=\"og:type\" content=\"article\" \/>\n<meta property=\"og:title\" content=\"Obchodn\u00ed podm\u00ednky | AZTEX\" \/>\n<meta property=\"og:description\" content=\"Minu Baltic O\u00dc (registra\u010dn\u00ed k\u00f3d 16809904), se s\u00eddlem v kraji Ida-Viru, m\u011bsto L\u00fcganuse, Papli 4-6, PS\u010c 43301\" \/>\n<meta property=\"og:url\" content=\"https:\/\/aztex.ee\/cs\/obchodni-podminky\/\" \/>\n<meta property=\"og:site_name\" content=\"AZTEX\" \/>\n<meta property=\"article:publisher\" content=\"https:\/\/www.facebook.com\/AztexEE\" \/>\n<meta property=\"article:modified_time\" content=\"2024-11-23T11:35:11+00:00\" \/>\n<meta name=\"twitter:card\" content=\"summary_large_image\" \/>\n<meta name=\"twitter:label1\" content=\"Odhadovan\u00e1 doba \u010dten\u00ed\" \/>\n\t<meta name=\"twitter:data1\" content=\"6 minuta\" \/>\n<script type=\"application\/ld+json\" class=\"yoast-schema-graph\">{\"@context\":\"https:\\\/\\\/schema.org\",\"@graph\":[{\"@type\":\"WebPage\",\"@id\":\"https:\\\/\\\/aztex.ee\\\/cs\\\/obchodni-podminky\\\/\",\"url\":\"https:\\\/\\\/aztex.ee\\\/cs\\\/obchodni-podminky\\\/\",\"name\":\"Obchodn\u00ed podm\u00ednky | AZTEX\",\"isPartOf\":{\"@id\":\"https:\\\/\\\/aztex.ee\\\/cs\\\/#website\"},\"datePublished\":\"2024-08-15T14:36:01+00:00\",\"dateModified\":\"2024-11-23T11:35:11+00:00\",\"description\":\"Minu Baltic O\u00dc (registra\u010dn\u00ed k\u00f3d 16809904), se s\u00eddlem v kraji Ida-Viru, m\u011bsto L\u00fcganuse, Papli 4-6, PS\u010c 43301\",\"breadcrumb\":{\"@id\":\"https:\\\/\\\/aztex.ee\\\/cs\\\/obchodni-podminky\\\/#breadcrumb\"},\"inLanguage\":\"cs\",\"potentialAction\":[{\"@type\":\"ReadAction\",\"target\":[\"https:\\\/\\\/aztex.ee\\\/cs\\\/obchodni-podminky\\\/\"]}]},{\"@type\":\"BreadcrumbList\",\"@id\":\"https:\\\/\\\/aztex.ee\\\/cs\\\/obchodni-podminky\\\/#breadcrumb\",\"itemListElement\":[{\"@type\":\"ListItem\",\"position\":1,\"name\":\"Dom\u016f\",\"item\":\"https:\\\/\\\/aztex.ee\\\/cs\\\/\"},{\"@type\":\"ListItem\",\"position\":2,\"name\":\"Obchodn\u00ed podm\u00ednky\"}]},{\"@type\":\"WebSite\",\"@id\":\"https:\\\/\\\/aztex.ee\\\/cs\\\/#website\",\"url\":\"https:\\\/\\\/aztex.ee\\\/cs\\\/\",\"name\":\"AZTEX\",\"description\":\"\",\"publisher\":{\"@id\":\"https:\\\/\\\/aztex.ee\\\/cs\\\/#organization\"},\"potentialAction\":[{\"@type\":\"SearchAction\",\"target\":{\"@type\":\"EntryPoint\",\"urlTemplate\":\"https:\\\/\\\/aztex.ee\\\/cs\\\/?s={search_term_string}\"},\"query-input\":{\"@type\":\"PropertyValueSpecification\",\"valueRequired\":true,\"valueName\":\"search_term_string\"}}],\"inLanguage\":\"cs\"},{\"@type\":\"Organization\",\"@id\":\"https:\\\/\\\/aztex.ee\\\/cs\\\/#organization\",\"name\":\"AZTEX\",\"url\":\"https:\\\/\\\/aztex.ee\\\/cs\\\/\",\"logo\":{\"@type\":\"ImageObject\",\"inLanguage\":\"cs\",\"@id\":\"https:\\\/\\\/aztex.ee\\\/cs\\\/#\\\/schema\\\/logo\\\/image\\\/\",\"url\":\"https:\\\/\\\/aztex.ee\\\/wp-content\\\/uploads\\\/2026\\\/01\\\/AZTEX.png\",\"contentUrl\":\"https:\\\/\\\/aztex.ee\\\/wp-content\\\/uploads\\\/2026\\\/01\\\/AZTEX.png\",\"width\":500,\"height\":500,\"caption\":\"AZTEX\"},\"image\":{\"@id\":\"https:\\\/\\\/aztex.ee\\\/cs\\\/#\\\/schema\\\/logo\\\/image\\\/\"},\"sameAs\":[\"https:\\\/\\\/www.facebook.com\\\/AztexEE\",\"https:\\\/\\\/www.instagram.com\\\/aztexeesti\\\/\",\"https:\\\/\\\/www.youtube.com\\\/@AZTEXEE\",\"https:\\\/\\\/www.pinterest.com\\\/aztex_eesti\\\/\",\"https:\\\/\\\/www.tiktok.com\\\/@aztexeesti\",\"https:\\\/\\\/www.trustpilot.com\\\/review\\\/aztex.ee\",\"https:\\\/\\\/www.linkedin.com\\\/company\\\/aztex-ee\\\/\",\"https:\\\/\\\/www.wikidata.org\\\/wiki\\\/Q137560182\"]}]}<\/script>\n<!-- \/ Yoast SEO plugin. -->","yoast_head_json":{"title":"Obchodn\u00ed podm\u00ednky | AZTEX","description":"Minu Baltic O\u00dc (registra\u010dn\u00ed k\u00f3d 16809904), se s\u00eddlem v kraji Ida-Viru, m\u011bsto L\u00fcganuse, Papli 4-6, PS\u010c 43301","robots":{"index":"index","follow":"follow","max-snippet":"max-snippet:-1","max-image-preview":"max-image-preview:large","max-video-preview":"max-video-preview:-1"},"canonical":"https:\/\/aztex.ee\/cs\/obchodni-podminky\/","og_locale":"cs_CZ","og_type":"article","og_title":"Obchodn\u00ed podm\u00ednky | AZTEX","og_description":"Minu Baltic O\u00dc (registra\u010dn\u00ed k\u00f3d 16809904), se s\u00eddlem v kraji Ida-Viru, m\u011bsto L\u00fcganuse, Papli 4-6, PS\u010c 43301","og_url":"https:\/\/aztex.ee\/cs\/obchodni-podminky\/","og_site_name":"AZTEX","article_publisher":"https:\/\/www.facebook.com\/AztexEE","article_modified_time":"2024-11-23T11:35:11+00:00","twitter_card":"summary_large_image","twitter_misc":{"Odhadovan\u00e1 doba \u010dten\u00ed":"6 minuta"},"schema":{"@context":"https:\/\/schema.org","@graph":[{"@type":"WebPage","@id":"https:\/\/aztex.ee\/cs\/obchodni-podminky\/","url":"https:\/\/aztex.ee\/cs\/obchodni-podminky\/","name":"Obchodn\u00ed podm\u00ednky | AZTEX","isPartOf":{"@id":"https:\/\/aztex.ee\/cs\/#website"},"datePublished":"2024-08-15T14:36:01+00:00","dateModified":"2024-11-23T11:35:11+00:00","description":"Minu Baltic O\u00dc (registra\u010dn\u00ed k\u00f3d 16809904), se s\u00eddlem v kraji Ida-Viru, m\u011bsto L\u00fcganuse, Papli 4-6, PS\u010c 43301","breadcrumb":{"@id":"https:\/\/aztex.ee\/cs\/obchodni-podminky\/#breadcrumb"},"inLanguage":"cs","potentialAction":[{"@type":"ReadAction","target":["https:\/\/aztex.ee\/cs\/obchodni-podminky\/"]}]},{"@type":"BreadcrumbList","@id":"https:\/\/aztex.ee\/cs\/obchodni-podminky\/#breadcrumb","itemListElement":[{"@type":"ListItem","position":1,"name":"Dom\u016f","item":"https:\/\/aztex.ee\/cs\/"},{"@type":"ListItem","position":2,"name":"Obchodn\u00ed podm\u00ednky"}]},{"@type":"WebSite","@id":"https:\/\/aztex.ee\/cs\/#website","url":"https:\/\/aztex.ee\/cs\/","name":"AZTEX","description":"","publisher":{"@id":"https:\/\/aztex.ee\/cs\/#organization"},"potentialAction":[{"@type":"SearchAction","target":{"@type":"EntryPoint","urlTemplate":"https:\/\/aztex.ee\/cs\/?s={search_term_string}"},"query-input":{"@type":"PropertyValueSpecification","valueRequired":true,"valueName":"search_term_string"}}],"inLanguage":"cs"},{"@type":"Organization","@id":"https:\/\/aztex.ee\/cs\/#organization","name":"AZTEX","url":"https:\/\/aztex.ee\/cs\/","logo":{"@type":"ImageObject","inLanguage":"cs","@id":"https:\/\/aztex.ee\/cs\/#\/schema\/logo\/image\/","url":"https:\/\/aztex.ee\/wp-content\/uploads\/2026\/01\/AZTEX.png","contentUrl":"https:\/\/aztex.ee\/wp-content\/uploads\/2026\/01\/AZTEX.png","width":500,"height":500,"caption":"AZTEX"},"image":{"@id":"https:\/\/aztex.ee\/cs\/#\/schema\/logo\/image\/"},"sameAs":["https:\/\/www.facebook.com\/AztexEE","https:\/\/www.instagram.com\/aztexeesti\/","https:\/\/www.youtube.com\/@AZTEXEE","https:\/\/www.pinterest.com\/aztex_eesti\/","https:\/\/www.tiktok.com\/@aztexeesti","https:\/\/www.trustpilot.com\/review\/aztex.ee","https:\/\/www.linkedin.com\/company\/aztex-ee\/","https:\/\/www.wikidata.org\/wiki\/Q137560182"]}]}},"_links":{"self":[{"href":"https:\/\/aztex.ee\/cs\/wp-json\/wp\/v2\/pages\/23459","targetHints":{"allow":["GET"]}}],"collection":[{"href":"https:\/\/aztex.ee\/cs\/wp-json\/wp\/v2\/pages"}],"about":[{"href":"https:\/\/aztex.ee\/cs\/wp-json\/wp\/v2\/types\/page"}],"author":[{"embeddable":true,"href":"https:\/\/aztex.ee\/cs\/wp-json\/wp\/v2\/users\/1"}],"replies":[{"embeddable":true,"href":"https:\/\/aztex.ee\/cs\/wp-json\/wp\/v2\/comments?post=23459"}],"version-history":[{"count":0,"href":"https:\/\/aztex.ee\/cs\/wp-json\/wp\/v2\/pages\/23459\/revisions"}],"wp:attachment":[{"href":"https:\/\/aztex.ee\/cs\/wp-json\/wp\/v2\/media?parent=23459"}],"curies":[{"name":"wp","href":"https:\/\/api.w.org\/{rel}","templated":true}]}}